{"id":3559,"date":"2022-10-17T12:31:21","date_gmt":"2022-10-17T10:31:21","guid":{"rendered":"https:\/\/picoytallo.com\/producto\/turron-de-jijona-creme\/"},"modified":"2024-11-10T05:18:05","modified_gmt":"2024-11-10T03:18:05","slug":"turron-de-jijona-creme","status":"publish","type":"product","link":"https:\/\/picoytallo.com\/fr\/producto\/turron-de-jijona-creme\/","title":{"rendered":"Turr\u00f3n de Jijona &#8211; Cr\u00e8me"},"content":{"rendered":"<h2>Nougat de Jijona<\/h2>\n<p>Cr\u00e8me de nougat Jijona avec 64% d&rsquo;amandes de qualit\u00e9 biologique supr\u00eame. 200 grammes.<\/p>\n<div class=\"wpb_column vc_column_container vc_col-sm-12 vc_col-lg-4 vc_col-md-4\">\n<div class=\"vc_column-inner thegem-custom-inner-634d26d0e742a \">\n<div class=\"wpb_wrapper\">\n<div class=\"gem-textbox \">\n<div class=\"gem-textbox-inner\">\n<div class=\"gem-textbox-content\">\n<div class=\"wpb_text_column wpb_content_element thegem-vc-text thegem-custom-634d26d0e79aa7323\">\n<div class=\"wpb_wrapper\">\n<div class=\"wpb_column vc_column_container vc_col-sm-12 vc_col-lg-4 vc_col-md-4\">\n<div class=\"vc_column-inner thegem-custom-inner-634d26d7e6c11 \">\n<div class=\"wpb_wrapper\">\n<div class=\"wpb_text_column wpb_content_element thegem-vc-text thegem-custom-634d26d7e6ee12385\">\n<div class=\"wpb_wrapper\">\n<div class=\"wpb_column vc_column_container vc_col-sm-12 vc_col-lg-4 vc_col-md-4\">\n<div class=\"vc_column-inner thegem-custom-inner-634d2b8ec550b \">\n<div class=\"wpb_wrapper\">\n<div class=\"gem-textbox \">\n<div class=\"gem-textbox-inner\">\n<div class=\"gem-textbox-content\">\n<div class=\"wpb_text_column wpb_content_element thegem-vc-text thegem-custom-634d2b8ec5b572441\">\n<div class=\"wpb_wrapper\">\n<p>Ingr\u00e9dients : <strong>Amande*<\/strong> (64%), sucre de canne*, miel* (16%), <strong>blanc d&rsquo;\u0153uf*<\/strong>.<strong> <\/strong>Peut contenir des traces d&rsquo;<strong>arachides, de s\u00e9same, de lait, de soja et de fruits \u00e0 coque<\/strong>.<\/p>\n<p>\u00b0 = agriculture biologique de l&rsquo;UE, * = agriculture biologique hors UE.<\/p>\n<p>&nbsp;<\/p>\n<\/div>\n<\/div>\n<\/div>\n<\/div>\n<\/div>\n<\/div>\n<\/div>\n<\/div>\n<div class=\"wpb_column vc_column_container vc_col-sm-12 vc_col-lg-4 vc_col-md-4\">\n<div class=\"vc_column-inner thegem-custom-inner-634d2b8ec5f07 \">\n<div class=\"wpb_wrapper\">\n<div class=\"wpb_text_column wpb_content_element thegem-vc-text thegem-custom-634d2b8ec629c1448\">\n<div class=\"wpb_wrapper\">\n<table width=\"322\">\n<tbody>\n<tr>\n<td colspan=\"2\" width=\"317\"><strong>\u00c9TIQUETAGE NUTRITIONNEL 100 g<\/strong><\/td>\n<td width=\"80\"><strong> <\/strong><\/td>\n<\/tr>\n<tr>\n<td width=\"253\">Valeur \u00e9nerg\u00e9tique kJ<\/td>\n<td width=\"64\">2134<\/td>\n<td width=\"80\">kJ<\/td>\n<\/tr>\n<tr>\n<td width=\"253\">Valeur \u00e9nerg\u00e9tique kcal<\/td>\n<td width=\"64\">513<\/td>\n<td width=\"80\">kcal<\/td>\n<\/tr>\n<tr>\n<td width=\"253\">Graisses<\/td>\n<td width=\"64\">33<\/td>\n<td width=\"80\">g<\/td>\n<\/tr>\n<tr>\n<td width=\"253\">  dont satur\u00e9s<\/td>\n<td width=\"64\">3.1<\/td>\n<td width=\"80\">g<\/td>\n<\/tr>\n<tr>\n<td width=\"253\">Glucides<\/td>\n<td width=\"64\">36<\/td>\n<td width=\"80\">g<\/td>\n<\/tr>\n<tr>\n<td width=\"253\">  dont sucres<\/td>\n<td width=\"64\">35<\/td>\n<td width=\"80\">g<\/td>\n<\/tr>\n<tr>\n<td width=\"253\">Prot\u00e9ines<\/td>\n<td width=\"64\">14<\/td>\n<td width=\"80\">g<\/td>\n<\/tr>\n<tr>\n<td width=\"253\">Sel<\/td>\n<td width=\"64\">0,02<\/td>\n<td width=\"80\">g<\/td>\n<\/tr>\n<\/tbody>\n<\/table>\n<\/div>\n<\/div>\n<\/div>\n<\/div>\n<\/div>\n<\/div>\n<\/div>\n<\/div>\n<\/div>\n<\/div>\n<\/div>\n<\/div>\n<\/div>\n<\/div>\n<\/div>\n<\/div>\n<\/div>\n<\/div>\n","protected":false},"excerpt":{"rendered":"<p>Cr\u00e8me de nougat Jijona avec 64% d&rsquo;amandes de qualit\u00e9 biologique supr\u00eame. 200 grammes.<\/p>\n","protected":false},"featured_media":2758,"comment_status":"open","ping_status":"closed","template":"","meta":[],"product_brand":[],"product_cat":[453],"product_tag":[455,485,487],"class_list":{"0":"post-3559","1":"product","2":"type-product","3":"status-publish","4":"has-post-thumbnail","6":"product_cat-chocolats-et-nougats","7":"product_tag-nougat-fr","8":"product_tag-nougat-biologique","9":"product_tag-nougat-de-jijona","11":"first","12":"outofstock","13":"shipping-taxable","14":"purchasable","15":"product-type-simple"},"yoast_head":"<!-- This site is optimized with the Yoast SEO plugin v27.4 - https:\/\/yoast.com\/product\/yoast-seo-wordpress\/ -->\n<title>Nougat bio d&#039;Alicante - Acheter du nougat artisanal<\/title>\n<meta name=\"description\" content=\"Obtenez le meilleur nougat biologique de Jijona. Cr\u00e8me de nougat jijona biologique de premi\u00e8re qualit\u00e9. Achetez des nougats et des chocolats.\" \/>\n<meta name=\"robots\" content=\"index, follow, max-snippet:-1, max-image-preview:large, max-video-preview:-1\" \/>\n<link rel=\"canonical\" href=\"https:\/\/picoytallo.com\/fr\/producto\/turron-de-jijona-creme\/\" \/>\n<meta property=\"og:locale\" content=\"fr_FR\" \/>\n<meta property=\"og:type\" content=\"article\" \/>\n<meta property=\"og:title\" content=\"Nougat bio d&#039;Alicante - Acheter du nougat artisanal\" \/>\n<meta property=\"og:description\" content=\"Obtenez le meilleur nougat biologique de Jijona. Cr\u00e8me de nougat jijona biologique de premi\u00e8re qualit\u00e9. Achetez des nougats et des chocolats.\" \/>\n<meta property=\"og:url\" content=\"https:\/\/picoytallo.com\/fr\/producto\/turron-de-jijona-creme\/\" \/>\n<meta property=\"og:site_name\" content=\"Pico y Tallo\" \/>\n<meta property=\"article:modified_time\" content=\"2024-11-10T03:18:05+00:00\" \/>\n<meta property=\"og:image\" content=\"https:\/\/picoytallo.com\/wp-content\/uploads\/2022\/10\/Turron-de-jijona-crema.webp\" \/>\n\t<meta property=\"og:image:width\" content=\"698\" \/>\n\t<meta property=\"og:image:height\" content=\"726\" \/>\n\t<meta property=\"og:image:type\" content=\"image\/webp\" \/>\n<meta name=\"twitter:card\" content=\"summary_large_image\" \/>\n<meta name=\"twitter:label1\" content=\"Prix\" \/>\n\t<meta name=\"twitter:data1\" content=\"9,50&euro;\" \/>\n\t<meta name=\"twitter:label2\" content=\"Disponibilit\u00e9\" \/>\n\t<meta name=\"twitter:data2\" content=\"Rupture de stock\" \/>\n<script type=\"application\/ld+json\" class=\"yoast-schema-graph\">{\"@context\":\"https:\\\/\\\/schema.org\",\"@graph\":[{\"@type\":\"WebPage\",\"@id\":\"https:\\\/\\\/picoytallo.com\\\/fr\\\/producto\\\/turron-de-jijona-creme\\\/\",\"url\":\"https:\\\/\\\/picoytallo.com\\\/fr\\\/producto\\\/turron-de-jijona-creme\\\/\",\"name\":\"Nougat bio d'Alicante - Acheter du nougat artisanal\",\"isPartOf\":{\"@id\":\"https:\\\/\\\/picoytallo.com\\\/fr\\\/#website\"},\"primaryImageOfPage\":{\"@id\":\"https:\\\/\\\/picoytallo.com\\\/fr\\\/producto\\\/turron-de-jijona-creme\\\/#primaryimage\"},\"image\":{\"@id\":\"https:\\\/\\\/picoytallo.com\\\/fr\\\/producto\\\/turron-de-jijona-creme\\\/#primaryimage\"},\"thumbnailUrl\":\"https:\\\/\\\/picoytallo.com\\\/wp-content\\\/uploads\\\/2022\\\/10\\\/Turron-de-jijona-crema.webp\",\"datePublished\":\"2022-10-17T10:31:21+00:00\",\"dateModified\":\"2024-11-10T03:18:05+00:00\",\"description\":\"Obtenez le meilleur nougat biologique de Jijona. Cr\u00e8me de nougat jijona biologique de premi\u00e8re qualit\u00e9. Achetez des nougats et des chocolats.\",\"breadcrumb\":{\"@id\":\"https:\\\/\\\/picoytallo.com\\\/fr\\\/producto\\\/turron-de-jijona-creme\\\/#breadcrumb\"},\"inLanguage\":\"fr-FR\",\"potentialAction\":[{\"@type\":\"ReadAction\",\"target\":[\"https:\\\/\\\/picoytallo.com\\\/fr\\\/producto\\\/turron-de-jijona-creme\\\/\"]}]},{\"@type\":\"ImageObject\",\"inLanguage\":\"fr-FR\",\"@id\":\"https:\\\/\\\/picoytallo.com\\\/fr\\\/producto\\\/turron-de-jijona-creme\\\/#primaryimage\",\"url\":\"https:\\\/\\\/picoytallo.com\\\/wp-content\\\/uploads\\\/2022\\\/10\\\/Turron-de-jijona-crema.webp\",\"contentUrl\":\"https:\\\/\\\/picoytallo.com\\\/wp-content\\\/uploads\\\/2022\\\/10\\\/Turron-de-jijona-crema.webp\",\"width\":698,\"height\":726},{\"@type\":\"BreadcrumbList\",\"@id\":\"https:\\\/\\\/picoytallo.com\\\/fr\\\/producto\\\/turron-de-jijona-creme\\\/#breadcrumb\",\"itemListElement\":[{\"@type\":\"ListItem\",\"position\":1,\"name\":\"Portada\",\"item\":\"https:\\\/\\\/picoytallo.com\\\/fr\\\/\"},{\"@type\":\"ListItem\",\"position\":2,\"name\":\"Boutique\",\"item\":\"https:\\\/\\\/picoytallo.com\\\/fr\\\/boutique\\\/\"},{\"@type\":\"ListItem\",\"position\":3,\"name\":\"Turr\u00f3n de Jijona &#8211; Cr\u00e8me\"}]},{\"@type\":\"WebSite\",\"@id\":\"https:\\\/\\\/picoytallo.com\\\/fr\\\/#website\",\"url\":\"https:\\\/\\\/picoytallo.com\\\/fr\\\/\",\"name\":\"Pico y Tallo\",\"description\":\"Productos Gourmet Online\",\"publisher\":{\"@id\":\"https:\\\/\\\/picoytallo.com\\\/fr\\\/#organization\"},\"potentialAction\":[{\"@type\":\"SearchAction\",\"target\":{\"@type\":\"EntryPoint\",\"urlTemplate\":\"https:\\\/\\\/picoytallo.com\\\/fr\\\/?s={search_term_string}\"},\"query-input\":{\"@type\":\"PropertyValueSpecification\",\"valueRequired\":true,\"valueName\":\"search_term_string\"}}],\"inLanguage\":\"fr-FR\"},{\"@type\":\"Organization\",\"@id\":\"https:\\\/\\\/picoytallo.com\\\/fr\\\/#organization\",\"name\":\"Pico y Tallo\",\"url\":\"https:\\\/\\\/picoytallo.com\\\/fr\\\/\",\"logo\":{\"@type\":\"ImageObject\",\"inLanguage\":\"fr-FR\",\"@id\":\"https:\\\/\\\/picoytallo.com\\\/fr\\\/#\\\/schema\\\/logo\\\/image\\\/\",\"url\":\"https:\\\/\\\/picoytallo.com\\\/wp-content\\\/uploads\\\/2022\\\/03\\\/cropped-Productos-gourmet-picotallo.webp\",\"contentUrl\":\"https:\\\/\\\/picoytallo.com\\\/wp-content\\\/uploads\\\/2022\\\/03\\\/cropped-Productos-gourmet-picotallo.webp\",\"width\":1194,\"height\":314,\"caption\":\"Pico y Tallo\"},\"image\":{\"@id\":\"https:\\\/\\\/picoytallo.com\\\/fr\\\/#\\\/schema\\\/logo\\\/image\\\/\"}}]}<\/script>\n<meta property=\"product:price:amount\" content=\"9.50\" \/>\n<meta property=\"product:price:currency\" content=\"EUR\" \/>\n<meta property=\"og:availability\" content=\"out of stock\" \/>\n<meta property=\"product:availability\" content=\"out of stock\" \/>\n<meta property=\"product:condition\" content=\"new\" \/>\n<!-- \/ Yoast SEO plugin. -->","yoast_head_json":{"title":"Nougat bio d'Alicante - Acheter du nougat artisanal","description":"Obtenez le meilleur nougat biologique de Jijona. Cr\u00e8me de nougat jijona biologique de premi\u00e8re qualit\u00e9. Achetez des nougats et des chocolats.","robots":{"index":"index","follow":"follow","max-snippet":"max-snippet:-1","max-image-preview":"max-image-preview:large","max-video-preview":"max-video-preview:-1"},"canonical":"https:\/\/picoytallo.com\/fr\/producto\/turron-de-jijona-creme\/","og_locale":"fr_FR","og_type":"article","og_title":"Nougat bio d'Alicante - Acheter du nougat artisanal","og_description":"Obtenez le meilleur nougat biologique de Jijona. Cr\u00e8me de nougat jijona biologique de premi\u00e8re qualit\u00e9. Achetez des nougats et des chocolats.","og_url":"https:\/\/picoytallo.com\/fr\/producto\/turron-de-jijona-creme\/","og_site_name":"Pico y Tallo","article_modified_time":"2024-11-10T03:18:05+00:00","og_image":[{"width":698,"height":726,"url":"https:\/\/picoytallo.com\/wp-content\/uploads\/2022\/10\/Turron-de-jijona-crema.webp","type":"image\/webp"}],"twitter_card":"summary_large_image","twitter_misc":{"Prix":"9,50&euro;","Disponibilit\u00e9":"Rupture de stock"},"schema":{"@context":"https:\/\/schema.org","@graph":[{"@type":"WebPage","@id":"https:\/\/picoytallo.com\/fr\/producto\/turron-de-jijona-creme\/","url":"https:\/\/picoytallo.com\/fr\/producto\/turron-de-jijona-creme\/","name":"Nougat bio d'Alicante - Acheter du nougat artisanal","isPartOf":{"@id":"https:\/\/picoytallo.com\/fr\/#website"},"primaryImageOfPage":{"@id":"https:\/\/picoytallo.com\/fr\/producto\/turron-de-jijona-creme\/#primaryimage"},"image":{"@id":"https:\/\/picoytallo.com\/fr\/producto\/turron-de-jijona-creme\/#primaryimage"},"thumbnailUrl":"https:\/\/picoytallo.com\/wp-content\/uploads\/2022\/10\/Turron-de-jijona-crema.webp","datePublished":"2022-10-17T10:31:21+00:00","dateModified":"2024-11-10T03:18:05+00:00","description":"Obtenez le meilleur nougat biologique de Jijona. Cr\u00e8me de nougat jijona biologique de premi\u00e8re qualit\u00e9. Achetez des nougats et des chocolats.","breadcrumb":{"@id":"https:\/\/picoytallo.com\/fr\/producto\/turron-de-jijona-creme\/#breadcrumb"},"inLanguage":"fr-FR","potentialAction":[{"@type":"ReadAction","target":["https:\/\/picoytallo.com\/fr\/producto\/turron-de-jijona-creme\/"]}]},{"@type":"ImageObject","inLanguage":"fr-FR","@id":"https:\/\/picoytallo.com\/fr\/producto\/turron-de-jijona-creme\/#primaryimage","url":"https:\/\/picoytallo.com\/wp-content\/uploads\/2022\/10\/Turron-de-jijona-crema.webp","contentUrl":"https:\/\/picoytallo.com\/wp-content\/uploads\/2022\/10\/Turron-de-jijona-crema.webp","width":698,"height":726},{"@type":"BreadcrumbList","@id":"https:\/\/picoytallo.com\/fr\/producto\/turron-de-jijona-creme\/#breadcrumb","itemListElement":[{"@type":"ListItem","position":1,"name":"Portada","item":"https:\/\/picoytallo.com\/fr\/"},{"@type":"ListItem","position":2,"name":"Boutique","item":"https:\/\/picoytallo.com\/fr\/boutique\/"},{"@type":"ListItem","position":3,"name":"Turr\u00f3n de Jijona &#8211; Cr\u00e8me"}]},{"@type":"WebSite","@id":"https:\/\/picoytallo.com\/fr\/#website","url":"https:\/\/picoytallo.com\/fr\/","name":"Pico y Tallo","description":"Productos Gourmet Online","publisher":{"@id":"https:\/\/picoytallo.com\/fr\/#organization"},"potentialAction":[{"@type":"SearchAction","target":{"@type":"EntryPoint","urlTemplate":"https:\/\/picoytallo.com\/fr\/?s={search_term_string}"},"query-input":{"@type":"PropertyValueSpecification","valueRequired":true,"valueName":"search_term_string"}}],"inLanguage":"fr-FR"},{"@type":"Organization","@id":"https:\/\/picoytallo.com\/fr\/#organization","name":"Pico y Tallo","url":"https:\/\/picoytallo.com\/fr\/","logo":{"@type":"ImageObject","inLanguage":"fr-FR","@id":"https:\/\/picoytallo.com\/fr\/#\/schema\/logo\/image\/","url":"https:\/\/picoytallo.com\/wp-content\/uploads\/2022\/03\/cropped-Productos-gourmet-picotallo.webp","contentUrl":"https:\/\/picoytallo.com\/wp-content\/uploads\/2022\/03\/cropped-Productos-gourmet-picotallo.webp","width":1194,"height":314,"caption":"Pico y Tallo"},"image":{"@id":"https:\/\/picoytallo.com\/fr\/#\/schema\/logo\/image\/"}}]},"product_price_amount":"9.50","product_price_currency":"EUR","og_availability":"out of stock","product_availability":"out of stock","product_condition":"new"},"_links":{"self":[{"href":"https:\/\/picoytallo.com\/fr\/wp-json\/wp\/v2\/product\/3559","targetHints":{"allow":["GET"]}}],"collection":[{"href":"https:\/\/picoytallo.com\/fr\/wp-json\/wp\/v2\/product"}],"about":[{"href":"https:\/\/picoytallo.com\/fr\/wp-json\/wp\/v2\/types\/product"}],"replies":[{"embeddable":true,"href":"https:\/\/picoytallo.com\/fr\/wp-json\/wp\/v2\/comments?post=3559"}],"wp:featuredmedia":[{"embeddable":true,"href":"https:\/\/picoytallo.com\/fr\/wp-json\/wp\/v2\/media\/2758"}],"wp:attachment":[{"href":"https:\/\/picoytallo.com\/fr\/wp-json\/wp\/v2\/media?parent=3559"}],"wp:term":[{"taxonomy":"product_brand","embeddable":true,"href":"https:\/\/picoytallo.com\/fr\/wp-json\/wp\/v2\/product_brand?post=3559"},{"taxonomy":"product_cat","embeddable":true,"href":"https:\/\/picoytallo.com\/fr\/wp-json\/wp\/v2\/product_cat?post=3559"},{"taxonomy":"product_tag","embeddable":true,"href":"https:\/\/picoytallo.com\/fr\/wp-json\/wp\/v2\/product_tag?post=3559"}],"curies":[{"name":"wp","href":"https:\/\/api.w.org\/{rel}","templated":true}]}}