{"id":3560,"date":"2022-11-03T21:16:19","date_gmt":"2022-11-03T19:16:19","guid":{"rendered":"https:\/\/picoytallo.com\/producto\/fromage-de-chevre-affine\/"},"modified":"2025-11-14T11:42:58","modified_gmt":"2025-11-14T09:42:58","slug":"fromage-de-chevre-affine","status":"publish","type":"product","link":"https:\/\/picoytallo.com\/fr\/producto\/fromage-de-chevre-affine\/","title":{"rendered":"Fromage de ch\u00e8vre affin\u00e9"},"content":{"rendered":"<h2>Fromage de ch\u00e8vre artisanal<\/h2>\n<p>Fabriqu\u00e9 \u00e0 partir de lait de ch\u00e8vre fra\u00eechement trait.<\/p>\n<p>Sans aucun processus de chauffage du lait. C&#8217;est \u00e0 la m\u00eame temp\u00e9rature que le lait fra\u00eechement trait arrive (31-32 degr\u00e9s) que commence le processus de fabrication du fromage.<\/p>\n<p>P\u00e9riode de maturation d&#8217;au moins 3 mois.<\/p>\n<p>Il s&#8217;agit d&#8217;un fromage d&#8217;intensit\u00e9 moyenne et il est fortement recommand\u00e9 de le consommer avec sa cro\u00fbte, qui est tout \u00e0 fait naturelle.<\/p>\n<p>Poids : 200 gr.<\/p>\n","protected":false},"excerpt":{"rendered":"<p>Fromage de ch\u00e8vre affin\u00e9 artisanalement. 200 gr.<\/p>\n","protected":false},"featured_media":2791,"comment_status":"open","ping_status":"closed","template":"","meta":[],"product_brand":[],"product_cat":[420],"product_tag":[484,421,486,482],"class_list":{"0":"post-3560","1":"product","2":"type-product","3":"status-publish","4":"has-post-thumbnail","6":"product_cat-fromage-artisanal","7":"product_tag-fromage-affine","8":"product_tag-fromage-artisanal","9":"product_tag-fromage-artisanal-fr","10":"product_tag-fromage-de-chevre","12":"first","13":"outofstock","14":"shipping-taxable","15":"purchasable","16":"product-type-simple"},"yoast_head":"<!-- This site is optimized with the Yoast SEO plugin v27.4 - https:\/\/yoast.com\/product\/yoast-seo-wordpress\/ -->\n<title>Fromage de ch\u00e8vre affin\u00e9 artisanal - Gourmet Products Online<\/title>\n<meta name=\"description\" content=\"Savourez le fromage de ch\u00e8vre affin\u00e9, fabriqu\u00e9 de mani\u00e8re traditionnelle avec du lait de ch\u00e8vre frais. Acheter du fromage artisanal en ligne.\" \/>\n<meta name=\"robots\" content=\"index, follow, max-snippet:-1, max-image-preview:large, max-video-preview:-1\" \/>\n<link rel=\"canonical\" href=\"https:\/\/picoytallo.com\/fr\/producto\/fromage-de-chevre-affine\/\" \/>\n<meta property=\"og:locale\" content=\"fr_FR\" \/>\n<meta property=\"og:type\" content=\"article\" \/>\n<meta property=\"og:title\" content=\"Fromage de ch\u00e8vre affin\u00e9 artisanal - Gourmet Products Online\" \/>\n<meta property=\"og:description\" content=\"Savourez le fromage de ch\u00e8vre affin\u00e9, fabriqu\u00e9 de mani\u00e8re traditionnelle avec du lait de ch\u00e8vre frais. Acheter du fromage artisanal en ligne.\" \/>\n<meta property=\"og:url\" content=\"https:\/\/picoytallo.com\/fr\/producto\/fromage-de-chevre-affine\/\" \/>\n<meta property=\"og:site_name\" content=\"Pico y Tallo\" \/>\n<meta property=\"article:modified_time\" content=\"2025-11-14T09:42:58+00:00\" \/>\n<meta property=\"og:image\" content=\"https:\/\/picoytallo.com\/wp-content\/uploads\/2022\/11\/Queso-de-cabra-madurado.webp\" \/>\n\t<meta property=\"og:image:width\" content=\"1200\" \/>\n\t<meta property=\"og:image:height\" content=\"1200\" \/>\n\t<meta property=\"og:image:type\" content=\"image\/webp\" \/>\n<meta name=\"twitter:card\" content=\"summary_large_image\" \/>\n<meta name=\"twitter:label1\" content=\"Prix\" \/>\n\t<meta name=\"twitter:data1\" content=\"6,29&euro;\" \/>\n\t<meta name=\"twitter:label2\" content=\"Disponibilit\u00e9\" \/>\n\t<meta name=\"twitter:data2\" content=\"Rupture de stock\" \/>\n<script type=\"application\/ld+json\" class=\"yoast-schema-graph\">{\"@context\":\"https:\\\/\\\/schema.org\",\"@graph\":[{\"@type\":\"WebPage\",\"@id\":\"https:\\\/\\\/picoytallo.com\\\/fr\\\/producto\\\/fromage-de-chevre-affine\\\/\",\"url\":\"https:\\\/\\\/picoytallo.com\\\/fr\\\/producto\\\/fromage-de-chevre-affine\\\/\",\"name\":\"Fromage de ch\u00e8vre affin\u00e9 artisanal - Gourmet Products Online\",\"isPartOf\":{\"@id\":\"https:\\\/\\\/picoytallo.com\\\/fr\\\/#website\"},\"primaryImageOfPage\":{\"@id\":\"https:\\\/\\\/picoytallo.com\\\/fr\\\/producto\\\/fromage-de-chevre-affine\\\/#primaryimage\"},\"image\":{\"@id\":\"https:\\\/\\\/picoytallo.com\\\/fr\\\/producto\\\/fromage-de-chevre-affine\\\/#primaryimage\"},\"thumbnailUrl\":\"https:\\\/\\\/picoytallo.com\\\/wp-content\\\/uploads\\\/2022\\\/11\\\/Queso-de-cabra-madurado.webp\",\"datePublished\":\"2022-11-03T19:16:19+00:00\",\"dateModified\":\"2025-11-14T09:42:58+00:00\",\"description\":\"Savourez le fromage de ch\u00e8vre affin\u00e9, fabriqu\u00e9 de mani\u00e8re traditionnelle avec du lait de ch\u00e8vre frais. Acheter du fromage artisanal en ligne.\",\"breadcrumb\":{\"@id\":\"https:\\\/\\\/picoytallo.com\\\/fr\\\/producto\\\/fromage-de-chevre-affine\\\/#breadcrumb\"},\"inLanguage\":\"fr-FR\",\"potentialAction\":[{\"@type\":\"ReadAction\",\"target\":[\"https:\\\/\\\/picoytallo.com\\\/fr\\\/producto\\\/fromage-de-chevre-affine\\\/\"]}]},{\"@type\":\"ImageObject\",\"inLanguage\":\"fr-FR\",\"@id\":\"https:\\\/\\\/picoytallo.com\\\/fr\\\/producto\\\/fromage-de-chevre-affine\\\/#primaryimage\",\"url\":\"https:\\\/\\\/picoytallo.com\\\/wp-content\\\/uploads\\\/2022\\\/11\\\/Queso-de-cabra-madurado.webp\",\"contentUrl\":\"https:\\\/\\\/picoytallo.com\\\/wp-content\\\/uploads\\\/2022\\\/11\\\/Queso-de-cabra-madurado.webp\",\"width\":1200,\"height\":1200,\"caption\":\"Fromage de ch\u00e8vre affin\u00e9 artisanal\"},{\"@type\":\"BreadcrumbList\",\"@id\":\"https:\\\/\\\/picoytallo.com\\\/fr\\\/producto\\\/fromage-de-chevre-affine\\\/#breadcrumb\",\"itemListElement\":[{\"@type\":\"ListItem\",\"position\":1,\"name\":\"Portada\",\"item\":\"https:\\\/\\\/picoytallo.com\\\/fr\\\/home\\\/\"},{\"@type\":\"ListItem\",\"position\":2,\"name\":\"Boutique\",\"item\":\"https:\\\/\\\/picoytallo.com\\\/fr\\\/boutique\\\/\"},{\"@type\":\"ListItem\",\"position\":3,\"name\":\"Fromage de ch\u00e8vre affin\u00e9\"}]},{\"@type\":\"WebSite\",\"@id\":\"https:\\\/\\\/picoytallo.com\\\/fr\\\/#website\",\"url\":\"https:\\\/\\\/picoytallo.com\\\/fr\\\/\",\"name\":\"Pico y Tallo\",\"description\":\"Productos Gourmet Online\",\"publisher\":{\"@id\":\"https:\\\/\\\/picoytallo.com\\\/fr\\\/#organization\"},\"potentialAction\":[{\"@type\":\"SearchAction\",\"target\":{\"@type\":\"EntryPoint\",\"urlTemplate\":\"https:\\\/\\\/picoytallo.com\\\/fr\\\/?s={search_term_string}\"},\"query-input\":{\"@type\":\"PropertyValueSpecification\",\"valueRequired\":true,\"valueName\":\"search_term_string\"}}],\"inLanguage\":\"fr-FR\"},{\"@type\":\"Organization\",\"@id\":\"https:\\\/\\\/picoytallo.com\\\/fr\\\/#organization\",\"name\":\"Pico y Tallo\",\"url\":\"https:\\\/\\\/picoytallo.com\\\/fr\\\/\",\"logo\":{\"@type\":\"ImageObject\",\"inLanguage\":\"fr-FR\",\"@id\":\"https:\\\/\\\/picoytallo.com\\\/fr\\\/#\\\/schema\\\/logo\\\/image\\\/\",\"url\":\"https:\\\/\\\/picoytallo.com\\\/wp-content\\\/uploads\\\/2022\\\/03\\\/cropped-Productos-gourmet-picotallo.webp\",\"contentUrl\":\"https:\\\/\\\/picoytallo.com\\\/wp-content\\\/uploads\\\/2022\\\/03\\\/cropped-Productos-gourmet-picotallo.webp\",\"width\":1194,\"height\":314,\"caption\":\"Pico y Tallo\"},\"image\":{\"@id\":\"https:\\\/\\\/picoytallo.com\\\/fr\\\/#\\\/schema\\\/logo\\\/image\\\/\"}}]}<\/script>\n<meta property=\"product:price:amount\" content=\"6.29\" \/>\n<meta property=\"product:price:currency\" content=\"EUR\" \/>\n<meta property=\"og:availability\" content=\"out of stock\" \/>\n<meta property=\"product:availability\" content=\"out of stock\" \/>\n<meta property=\"product:condition\" content=\"new\" \/>\n<!-- \/ Yoast SEO plugin. -->","yoast_head_json":{"title":"Fromage de ch\u00e8vre affin\u00e9 artisanal - Gourmet Products Online","description":"Savourez le fromage de ch\u00e8vre affin\u00e9, fabriqu\u00e9 de mani\u00e8re traditionnelle avec du lait de ch\u00e8vre frais. Acheter du fromage artisanal en ligne.","robots":{"index":"index","follow":"follow","max-snippet":"max-snippet:-1","max-image-preview":"max-image-preview:large","max-video-preview":"max-video-preview:-1"},"canonical":"https:\/\/picoytallo.com\/fr\/producto\/fromage-de-chevre-affine\/","og_locale":"fr_FR","og_type":"article","og_title":"Fromage de ch\u00e8vre affin\u00e9 artisanal - Gourmet Products Online","og_description":"Savourez le fromage de ch\u00e8vre affin\u00e9, fabriqu\u00e9 de mani\u00e8re traditionnelle avec du lait de ch\u00e8vre frais. Acheter du fromage artisanal en ligne.","og_url":"https:\/\/picoytallo.com\/fr\/producto\/fromage-de-chevre-affine\/","og_site_name":"Pico y Tallo","article_modified_time":"2025-11-14T09:42:58+00:00","og_image":[{"width":1200,"height":1200,"url":"https:\/\/picoytallo.com\/wp-content\/uploads\/2022\/11\/Queso-de-cabra-madurado.webp","type":"image\/webp"}],"twitter_card":"summary_large_image","twitter_misc":{"Prix":"6,29&euro;","Disponibilit\u00e9":"Rupture de stock"},"schema":{"@context":"https:\/\/schema.org","@graph":[{"@type":"WebPage","@id":"https:\/\/picoytallo.com\/fr\/producto\/fromage-de-chevre-affine\/","url":"https:\/\/picoytallo.com\/fr\/producto\/fromage-de-chevre-affine\/","name":"Fromage de ch\u00e8vre affin\u00e9 artisanal - Gourmet Products Online","isPartOf":{"@id":"https:\/\/picoytallo.com\/fr\/#website"},"primaryImageOfPage":{"@id":"https:\/\/picoytallo.com\/fr\/producto\/fromage-de-chevre-affine\/#primaryimage"},"image":{"@id":"https:\/\/picoytallo.com\/fr\/producto\/fromage-de-chevre-affine\/#primaryimage"},"thumbnailUrl":"https:\/\/picoytallo.com\/wp-content\/uploads\/2022\/11\/Queso-de-cabra-madurado.webp","datePublished":"2022-11-03T19:16:19+00:00","dateModified":"2025-11-14T09:42:58+00:00","description":"Savourez le fromage de ch\u00e8vre affin\u00e9, fabriqu\u00e9 de mani\u00e8re traditionnelle avec du lait de ch\u00e8vre frais. Acheter du fromage artisanal en ligne.","breadcrumb":{"@id":"https:\/\/picoytallo.com\/fr\/producto\/fromage-de-chevre-affine\/#breadcrumb"},"inLanguage":"fr-FR","potentialAction":[{"@type":"ReadAction","target":["https:\/\/picoytallo.com\/fr\/producto\/fromage-de-chevre-affine\/"]}]},{"@type":"ImageObject","inLanguage":"fr-FR","@id":"https:\/\/picoytallo.com\/fr\/producto\/fromage-de-chevre-affine\/#primaryimage","url":"https:\/\/picoytallo.com\/wp-content\/uploads\/2022\/11\/Queso-de-cabra-madurado.webp","contentUrl":"https:\/\/picoytallo.com\/wp-content\/uploads\/2022\/11\/Queso-de-cabra-madurado.webp","width":1200,"height":1200,"caption":"Fromage de ch\u00e8vre affin\u00e9 artisanal"},{"@type":"BreadcrumbList","@id":"https:\/\/picoytallo.com\/fr\/producto\/fromage-de-chevre-affine\/#breadcrumb","itemListElement":[{"@type":"ListItem","position":1,"name":"Portada","item":"https:\/\/picoytallo.com\/fr\/home\/"},{"@type":"ListItem","position":2,"name":"Boutique","item":"https:\/\/picoytallo.com\/fr\/boutique\/"},{"@type":"ListItem","position":3,"name":"Fromage de ch\u00e8vre affin\u00e9"}]},{"@type":"WebSite","@id":"https:\/\/picoytallo.com\/fr\/#website","url":"https:\/\/picoytallo.com\/fr\/","name":"Pico y Tallo","description":"Productos Gourmet Online","publisher":{"@id":"https:\/\/picoytallo.com\/fr\/#organization"},"potentialAction":[{"@type":"SearchAction","target":{"@type":"EntryPoint","urlTemplate":"https:\/\/picoytallo.com\/fr\/?s={search_term_string}"},"query-input":{"@type":"PropertyValueSpecification","valueRequired":true,"valueName":"search_term_string"}}],"inLanguage":"fr-FR"},{"@type":"Organization","@id":"https:\/\/picoytallo.com\/fr\/#organization","name":"Pico y Tallo","url":"https:\/\/picoytallo.com\/fr\/","logo":{"@type":"ImageObject","inLanguage":"fr-FR","@id":"https:\/\/picoytallo.com\/fr\/#\/schema\/logo\/image\/","url":"https:\/\/picoytallo.com\/wp-content\/uploads\/2022\/03\/cropped-Productos-gourmet-picotallo.webp","contentUrl":"https:\/\/picoytallo.com\/wp-content\/uploads\/2022\/03\/cropped-Productos-gourmet-picotallo.webp","width":1194,"height":314,"caption":"Pico y Tallo"},"image":{"@id":"https:\/\/picoytallo.com\/fr\/#\/schema\/logo\/image\/"}}]},"product_price_amount":"6.29","product_price_currency":"EUR","og_availability":"out of stock","product_availability":"out of stock","product_condition":"new"},"_links":{"self":[{"href":"https:\/\/picoytallo.com\/fr\/wp-json\/wp\/v2\/product\/3560","targetHints":{"allow":["GET"]}}],"collection":[{"href":"https:\/\/picoytallo.com\/fr\/wp-json\/wp\/v2\/product"}],"about":[{"href":"https:\/\/picoytallo.com\/fr\/wp-json\/wp\/v2\/types\/product"}],"replies":[{"embeddable":true,"href":"https:\/\/picoytallo.com\/fr\/wp-json\/wp\/v2\/comments?post=3560"}],"wp:featuredmedia":[{"embeddable":true,"href":"https:\/\/picoytallo.com\/fr\/wp-json\/wp\/v2\/media\/2791"}],"wp:attachment":[{"href":"https:\/\/picoytallo.com\/fr\/wp-json\/wp\/v2\/media?parent=3560"}],"wp:term":[{"taxonomy":"product_brand","embeddable":true,"href":"https:\/\/picoytallo.com\/fr\/wp-json\/wp\/v2\/product_brand?post=3560"},{"taxonomy":"product_cat","embeddable":true,"href":"https:\/\/picoytallo.com\/fr\/wp-json\/wp\/v2\/product_cat?post=3560"},{"taxonomy":"product_tag","embeddable":true,"href":"https:\/\/picoytallo.com\/fr\/wp-json\/wp\/v2\/product_tag?post=3560"}],"curies":[{"name":"wp","href":"https:\/\/api.w.org\/{rel}","templated":true}]}}