{"id":3561,"date":"2022-10-17T12:20:45","date_gmt":"2022-10-17T10:20:45","guid":{"rendered":"https:\/\/picoytallo.com\/producto\/nougat-au-chocolat-blanc-et-aux-amandes-biologiques\/"},"modified":"2023-03-15T10:06:05","modified_gmt":"2023-03-15T08:06:05","slug":"nougat-au-chocolat-blanc-et-aux-amandes-biologiques","status":"publish","type":"product","link":"https:\/\/picoytallo.com\/fr\/producto\/nougat-au-chocolat-blanc-et-aux-amandes-biologiques\/","title":{"rendered":"Nougat au chocolat blanc et aux amandes biologiques"},"content":{"rendered":"<h2>Nougat au chocolat blanc et aux amandes<\/h2>\n<p>Nougat au chocolat enrob\u00e9 de chocolat et d&rsquo;amandes, de consistance dure et de couleur blanche. 200 grammes.<\/p>\n<div class=\"wpb_column vc_column_container vc_col-sm-12 vc_col-lg-4 vc_col-md-4\">\n<div class=\"vc_column-inner thegem-custom-inner-634d26d0e742a \">\n<div class=\"wpb_wrapper\">\n<div class=\"gem-textbox \">\n<div class=\"gem-textbox-inner\">\n<div class=\"gem-textbox-content\">\n<div class=\"wpb_text_column wpb_content_element thegem-vc-text thegem-custom-634d26d0e79aa7323\">\n<div class=\"wpb_wrapper\">\n<p>Ingr\u00e9dients : Chocolat blanc (sucre de canne*, beurre de cacao*, <strong>lait<\/strong> en poudre\u00ba, \u00e9mulsifiant : <strong>l\u00e9cithine de soja*-\u00ba<\/strong>, extrait de vanille*, vanille moulue*, minimum cacao (32%), minimum <strong>lait<\/strong> (26%)) et amande\u00ba(25%).<strong> <\/strong><strong>. <\/strong>Peut contenir des traces d&rsquo;<strong>arachides, de s\u00e9same, d&rsquo;\u0153uf et de fruits \u00e0 coque<\/strong>.<\/p>\n<p>\u00b0 = agriculture biologique de l&rsquo;UE, * = agriculture biologique hors UE.<\/p>\n<p>&nbsp;<\/p>\n<\/div>\n<\/div>\n<\/div>\n<\/div>\n<\/div>\n<\/div>\n<\/div>\n<\/div>\n<div class=\"wpb_column vc_column_container vc_col-sm-12 vc_col-lg-4 vc_col-md-4\">\n<div class=\"vc_column-inner thegem-custom-inner-634d26d0e7d19 \">\n<div class=\"wpb_wrapper\">\n<div class=\"wpb_text_column wpb_content_element thegem-vc-text thegem-custom-634d26d0e7ff42007\">\n<div class=\"wpb_wrapper\">\n<table width=\"322\">\n<tbody>\n<tr>\n<td colspan=\"2\" width=\"317\"><strong>\u00c9TIQUETAGE NUTRITIONNEL 100 g<\/strong><\/td>\n<td width=\"80\"><strong> <\/strong><\/td>\n<\/tr>\n<tr>\n<td width=\"253\">Valeur \u00e9nerg\u00e9tique kJ<\/td>\n<td width=\"64\">2470<\/td>\n<td width=\"80\">kJ<\/td>\n<\/tr>\n<tr>\n<td width=\"253\">Valeur \u00e9nerg\u00e9tique kcal<\/td>\n<td width=\"64\">594<\/td>\n<td width=\"80\">kcal<\/td>\n<\/tr>\n<tr>\n<td width=\"253\">Graisses<\/td>\n<td width=\"64\">43<\/td>\n<td width=\"80\">g<\/td>\n<\/tr>\n<tr>\n<td width=\"253\">  dont satur\u00e9s<\/td>\n<td width=\"64\">18<\/td>\n<td width=\"80\">g<\/td>\n<\/tr>\n<tr>\n<td width=\"253\">Glucides<\/td>\n<td width=\"64\">40<\/td>\n<td width=\"80\">g<\/td>\n<\/tr>\n<tr>\n<td width=\"253\">  dont sucres<\/td>\n<td width=\"64\">39<\/td>\n<td width=\"80\">g<\/td>\n<\/tr>\n<tr>\n<td width=\"253\">Prot\u00e9ines<\/td>\n<td width=\"64\">12<\/td>\n<td width=\"80\">g<\/td>\n<\/tr>\n<tr>\n<td width=\"253\">Sel<\/td>\n<td width=\"64\">0,02<\/td>\n<td width=\"80\">g<\/td>\n<\/tr>\n<\/tbody>\n<\/table>\n<\/div>\n<p>&nbsp;<\/p>\n<\/div>\n<\/div>\n<\/div>\n<\/div>\n<div class=\"wpb_column vc_column_container vc_col-sm-12 vc_col-lg-4 vc_col-md-4\">\n<div class=\"vc_column-inner thegem-custom-inner-634d26d0e8355 \">\n<div class=\"wpb_wrapper\">\n<div class=\"gem-textbox \">\n<div class=\"gem-textbox-inner\">\n<div class=\"gem-textbox-content\">\n<div class=\"wpb_text_column wpb_content_element thegem-vc-text thegem-custom-634d26d0e8e22430\">\n<div class=\"wpb_wrapper\">\n<p>Poids unitaire : 200g<\/p>\n<p><span style=\"font-size: 16px;\">Dur\u00e9e de conservation : 15 mois<\/span><\/p>\n<\/div>\n<\/div>\n<\/div>\n<\/div>\n<\/div>\n<div class=\"gem-textbox \">\n<div class=\"gem-textbox-inner\">\n<div class=\"gem-textbox-content\">\n<div class=\"wpb_text_column wpb_content_element thegem-vc-text thegem-custom-634d26d0ea0b6959\">\n<div class=\"wpb_wrapper\">\n<p>&nbsp;<\/p>\n<\/div>\n<p>&nbsp;<\/p>\n<\/div>\n<div class=\"clearboth\"><\/div>\n<\/div>\n<\/div>\n<\/div>\n<\/div>\n<\/div>\n<\/div>\n","protected":false},"excerpt":{"rendered":"<p>Nougat au chocolat \u00e0 base de chocolat biologique et d&rsquo;amandes, de consistance dure et de couleur blanche. 200 grammes.<\/p>\n","protected":false},"featured_media":2752,"comment_status":"open","ping_status":"closed","template":"","meta":[],"product_brand":[],"product_cat":[453],"product_tag":[456,455,457],"class_list":{"0":"post-3561","1":"product","2":"type-product","3":"status-publish","4":"has-post-thumbnail","6":"product_cat-chocolats-et-nougats","7":"product_tag-chocolat","8":"product_tag-nougat-fr","9":"product_tag-nougat-dalicante","11":"first","12":"outofstock","13":"shipping-taxable","14":"purchasable","15":"product-type-simple"},"yoast_head":"<!-- This site is optimized with the Yoast SEO plugin v27.4 - https:\/\/yoast.com\/product\/yoast-seo-wordpress\/ -->\n<title>Nougat au chocolat blanc et aux amandes biologiques - Alicante<\/title>\n<meta name=\"description\" content=\"Acheter le meilleur nougat au chocolat blanc et aux amandes d&#039;Alicante. Nougat biologique de Pico y Tallo. Produits gastronomiques.\" \/>\n<meta name=\"robots\" content=\"index, follow, max-snippet:-1, max-image-preview:large, max-video-preview:-1\" \/>\n<link rel=\"canonical\" href=\"https:\/\/picoytallo.com\/fr\/producto\/nougat-au-chocolat-blanc-et-aux-amandes-biologiques\/\" \/>\n<meta property=\"og:locale\" content=\"fr_FR\" \/>\n<meta property=\"og:type\" content=\"article\" \/>\n<meta property=\"og:title\" content=\"Nougat au chocolat blanc et aux amandes biologiques - Alicante\" \/>\n<meta property=\"og:description\" content=\"Acheter le meilleur nougat au chocolat blanc et aux amandes d&#039;Alicante. Nougat biologique de Pico y Tallo. Produits gastronomiques.\" \/>\n<meta property=\"og:url\" content=\"https:\/\/picoytallo.com\/fr\/producto\/nougat-au-chocolat-blanc-et-aux-amandes-biologiques\/\" \/>\n<meta property=\"og:site_name\" content=\"Pico y Tallo\" \/>\n<meta property=\"article:modified_time\" content=\"2023-03-15T08:06:05+00:00\" \/>\n<meta property=\"og:image\" content=\"https:\/\/picoytallo.com\/wp-content\/uploads\/2022\/10\/Turron-chocolate-blanco-almendras.webp\" \/>\n\t<meta property=\"og:image:width\" content=\"643\" \/>\n\t<meta property=\"og:image:height\" content=\"407\" \/>\n\t<meta property=\"og:image:type\" content=\"image\/webp\" \/>\n<meta name=\"twitter:card\" content=\"summary_large_image\" \/>\n<meta name=\"twitter:label1\" content=\"Prix\" \/>\n\t<meta name=\"twitter:data1\" content=\"7,50&euro;\" \/>\n\t<meta name=\"twitter:label2\" content=\"Disponibilit\u00e9\" \/>\n\t<meta name=\"twitter:data2\" content=\"Rupture de stock\" \/>\n<script type=\"application\/ld+json\" class=\"yoast-schema-graph\">{\"@context\":\"https:\\\/\\\/schema.org\",\"@graph\":[{\"@type\":\"WebPage\",\"@id\":\"https:\\\/\\\/picoytallo.com\\\/fr\\\/producto\\\/nougat-au-chocolat-blanc-et-aux-amandes-biologiques\\\/\",\"url\":\"https:\\\/\\\/picoytallo.com\\\/fr\\\/producto\\\/nougat-au-chocolat-blanc-et-aux-amandes-biologiques\\\/\",\"name\":\"Nougat au chocolat blanc et aux amandes biologiques - Alicante\",\"isPartOf\":{\"@id\":\"https:\\\/\\\/picoytallo.com\\\/fr\\\/#website\"},\"primaryImageOfPage\":{\"@id\":\"https:\\\/\\\/picoytallo.com\\\/fr\\\/producto\\\/nougat-au-chocolat-blanc-et-aux-amandes-biologiques\\\/#primaryimage\"},\"image\":{\"@id\":\"https:\\\/\\\/picoytallo.com\\\/fr\\\/producto\\\/nougat-au-chocolat-blanc-et-aux-amandes-biologiques\\\/#primaryimage\"},\"thumbnailUrl\":\"https:\\\/\\\/picoytallo.com\\\/wp-content\\\/uploads\\\/2022\\\/10\\\/Turron-chocolate-blanco-almendras.webp\",\"datePublished\":\"2022-10-17T10:20:45+00:00\",\"dateModified\":\"2023-03-15T08:06:05+00:00\",\"description\":\"Acheter le meilleur nougat au chocolat blanc et aux amandes d'Alicante. Nougat biologique de Pico y Tallo. Produits gastronomiques.\",\"breadcrumb\":{\"@id\":\"https:\\\/\\\/picoytallo.com\\\/fr\\\/producto\\\/nougat-au-chocolat-blanc-et-aux-amandes-biologiques\\\/#breadcrumb\"},\"inLanguage\":\"fr-FR\",\"potentialAction\":[{\"@type\":\"ReadAction\",\"target\":[\"https:\\\/\\\/picoytallo.com\\\/fr\\\/producto\\\/nougat-au-chocolat-blanc-et-aux-amandes-biologiques\\\/\"]}]},{\"@type\":\"ImageObject\",\"inLanguage\":\"fr-FR\",\"@id\":\"https:\\\/\\\/picoytallo.com\\\/fr\\\/producto\\\/nougat-au-chocolat-blanc-et-aux-amandes-biologiques\\\/#primaryimage\",\"url\":\"https:\\\/\\\/picoytallo.com\\\/wp-content\\\/uploads\\\/2022\\\/10\\\/Turron-chocolate-blanco-almendras.webp\",\"contentUrl\":\"https:\\\/\\\/picoytallo.com\\\/wp-content\\\/uploads\\\/2022\\\/10\\\/Turron-chocolate-blanco-almendras.webp\",\"width\":643,\"height\":407},{\"@type\":\"BreadcrumbList\",\"@id\":\"https:\\\/\\\/picoytallo.com\\\/fr\\\/producto\\\/nougat-au-chocolat-blanc-et-aux-amandes-biologiques\\\/#breadcrumb\",\"itemListElement\":[{\"@type\":\"ListItem\",\"position\":1,\"name\":\"Portada\",\"item\":\"https:\\\/\\\/picoytallo.com\\\/fr\\\/\"},{\"@type\":\"ListItem\",\"position\":2,\"name\":\"Boutique\",\"item\":\"https:\\\/\\\/picoytallo.com\\\/fr\\\/boutique\\\/\"},{\"@type\":\"ListItem\",\"position\":3,\"name\":\"Nougat au chocolat blanc et aux amandes biologiques\"}]},{\"@type\":\"WebSite\",\"@id\":\"https:\\\/\\\/picoytallo.com\\\/fr\\\/#website\",\"url\":\"https:\\\/\\\/picoytallo.com\\\/fr\\\/\",\"name\":\"Pico y Tallo\",\"description\":\"Productos Gourmet Online\",\"publisher\":{\"@id\":\"https:\\\/\\\/picoytallo.com\\\/fr\\\/#organization\"},\"potentialAction\":[{\"@type\":\"SearchAction\",\"target\":{\"@type\":\"EntryPoint\",\"urlTemplate\":\"https:\\\/\\\/picoytallo.com\\\/fr\\\/?s={search_term_string}\"},\"query-input\":{\"@type\":\"PropertyValueSpecification\",\"valueRequired\":true,\"valueName\":\"search_term_string\"}}],\"inLanguage\":\"fr-FR\"},{\"@type\":\"Organization\",\"@id\":\"https:\\\/\\\/picoytallo.com\\\/fr\\\/#organization\",\"name\":\"Pico y Tallo\",\"url\":\"https:\\\/\\\/picoytallo.com\\\/fr\\\/\",\"logo\":{\"@type\":\"ImageObject\",\"inLanguage\":\"fr-FR\",\"@id\":\"https:\\\/\\\/picoytallo.com\\\/fr\\\/#\\\/schema\\\/logo\\\/image\\\/\",\"url\":\"https:\\\/\\\/picoytallo.com\\\/wp-content\\\/uploads\\\/2022\\\/03\\\/cropped-Productos-gourmet-picotallo.webp\",\"contentUrl\":\"https:\\\/\\\/picoytallo.com\\\/wp-content\\\/uploads\\\/2022\\\/03\\\/cropped-Productos-gourmet-picotallo.webp\",\"width\":1194,\"height\":314,\"caption\":\"Pico y Tallo\"},\"image\":{\"@id\":\"https:\\\/\\\/picoytallo.com\\\/fr\\\/#\\\/schema\\\/logo\\\/image\\\/\"}}]}<\/script>\n<meta property=\"product:price:amount\" content=\"7.50\" \/>\n<meta property=\"product:price:currency\" content=\"EUR\" \/>\n<meta property=\"og:availability\" content=\"out of stock\" \/>\n<meta property=\"product:availability\" content=\"out of stock\" \/>\n<meta property=\"product:condition\" content=\"new\" \/>\n<!-- \/ Yoast SEO plugin. -->","yoast_head_json":{"title":"Nougat au chocolat blanc et aux amandes biologiques - Alicante","description":"Acheter le meilleur nougat au chocolat blanc et aux amandes d'Alicante. Nougat biologique de Pico y Tallo. Produits gastronomiques.","robots":{"index":"index","follow":"follow","max-snippet":"max-snippet:-1","max-image-preview":"max-image-preview:large","max-video-preview":"max-video-preview:-1"},"canonical":"https:\/\/picoytallo.com\/fr\/producto\/nougat-au-chocolat-blanc-et-aux-amandes-biologiques\/","og_locale":"fr_FR","og_type":"article","og_title":"Nougat au chocolat blanc et aux amandes biologiques - Alicante","og_description":"Acheter le meilleur nougat au chocolat blanc et aux amandes d'Alicante. Nougat biologique de Pico y Tallo. Produits gastronomiques.","og_url":"https:\/\/picoytallo.com\/fr\/producto\/nougat-au-chocolat-blanc-et-aux-amandes-biologiques\/","og_site_name":"Pico y Tallo","article_modified_time":"2023-03-15T08:06:05+00:00","og_image":[{"width":643,"height":407,"url":"https:\/\/picoytallo.com\/wp-content\/uploads\/2022\/10\/Turron-chocolate-blanco-almendras.webp","type":"image\/webp"}],"twitter_card":"summary_large_image","twitter_misc":{"Prix":"7,50&euro;","Disponibilit\u00e9":"Rupture de stock"},"schema":{"@context":"https:\/\/schema.org","@graph":[{"@type":"WebPage","@id":"https:\/\/picoytallo.com\/fr\/producto\/nougat-au-chocolat-blanc-et-aux-amandes-biologiques\/","url":"https:\/\/picoytallo.com\/fr\/producto\/nougat-au-chocolat-blanc-et-aux-amandes-biologiques\/","name":"Nougat au chocolat blanc et aux amandes biologiques - Alicante","isPartOf":{"@id":"https:\/\/picoytallo.com\/fr\/#website"},"primaryImageOfPage":{"@id":"https:\/\/picoytallo.com\/fr\/producto\/nougat-au-chocolat-blanc-et-aux-amandes-biologiques\/#primaryimage"},"image":{"@id":"https:\/\/picoytallo.com\/fr\/producto\/nougat-au-chocolat-blanc-et-aux-amandes-biologiques\/#primaryimage"},"thumbnailUrl":"https:\/\/picoytallo.com\/wp-content\/uploads\/2022\/10\/Turron-chocolate-blanco-almendras.webp","datePublished":"2022-10-17T10:20:45+00:00","dateModified":"2023-03-15T08:06:05+00:00","description":"Acheter le meilleur nougat au chocolat blanc et aux amandes d'Alicante. Nougat biologique de Pico y Tallo. Produits gastronomiques.","breadcrumb":{"@id":"https:\/\/picoytallo.com\/fr\/producto\/nougat-au-chocolat-blanc-et-aux-amandes-biologiques\/#breadcrumb"},"inLanguage":"fr-FR","potentialAction":[{"@type":"ReadAction","target":["https:\/\/picoytallo.com\/fr\/producto\/nougat-au-chocolat-blanc-et-aux-amandes-biologiques\/"]}]},{"@type":"ImageObject","inLanguage":"fr-FR","@id":"https:\/\/picoytallo.com\/fr\/producto\/nougat-au-chocolat-blanc-et-aux-amandes-biologiques\/#primaryimage","url":"https:\/\/picoytallo.com\/wp-content\/uploads\/2022\/10\/Turron-chocolate-blanco-almendras.webp","contentUrl":"https:\/\/picoytallo.com\/wp-content\/uploads\/2022\/10\/Turron-chocolate-blanco-almendras.webp","width":643,"height":407},{"@type":"BreadcrumbList","@id":"https:\/\/picoytallo.com\/fr\/producto\/nougat-au-chocolat-blanc-et-aux-amandes-biologiques\/#breadcrumb","itemListElement":[{"@type":"ListItem","position":1,"name":"Portada","item":"https:\/\/picoytallo.com\/fr\/"},{"@type":"ListItem","position":2,"name":"Boutique","item":"https:\/\/picoytallo.com\/fr\/boutique\/"},{"@type":"ListItem","position":3,"name":"Nougat au chocolat blanc et aux amandes biologiques"}]},{"@type":"WebSite","@id":"https:\/\/picoytallo.com\/fr\/#website","url":"https:\/\/picoytallo.com\/fr\/","name":"Pico y Tallo","description":"Productos Gourmet Online","publisher":{"@id":"https:\/\/picoytallo.com\/fr\/#organization"},"potentialAction":[{"@type":"SearchAction","target":{"@type":"EntryPoint","urlTemplate":"https:\/\/picoytallo.com\/fr\/?s={search_term_string}"},"query-input":{"@type":"PropertyValueSpecification","valueRequired":true,"valueName":"search_term_string"}}],"inLanguage":"fr-FR"},{"@type":"Organization","@id":"https:\/\/picoytallo.com\/fr\/#organization","name":"Pico y Tallo","url":"https:\/\/picoytallo.com\/fr\/","logo":{"@type":"ImageObject","inLanguage":"fr-FR","@id":"https:\/\/picoytallo.com\/fr\/#\/schema\/logo\/image\/","url":"https:\/\/picoytallo.com\/wp-content\/uploads\/2022\/03\/cropped-Productos-gourmet-picotallo.webp","contentUrl":"https:\/\/picoytallo.com\/wp-content\/uploads\/2022\/03\/cropped-Productos-gourmet-picotallo.webp","width":1194,"height":314,"caption":"Pico y Tallo"},"image":{"@id":"https:\/\/picoytallo.com\/fr\/#\/schema\/logo\/image\/"}}]},"product_price_amount":"7.50","product_price_currency":"EUR","og_availability":"out of stock","product_availability":"out of stock","product_condition":"new"},"_links":{"self":[{"href":"https:\/\/picoytallo.com\/fr\/wp-json\/wp\/v2\/product\/3561","targetHints":{"allow":["GET"]}}],"collection":[{"href":"https:\/\/picoytallo.com\/fr\/wp-json\/wp\/v2\/product"}],"about":[{"href":"https:\/\/picoytallo.com\/fr\/wp-json\/wp\/v2\/types\/product"}],"replies":[{"embeddable":true,"href":"https:\/\/picoytallo.com\/fr\/wp-json\/wp\/v2\/comments?post=3561"}],"wp:featuredmedia":[{"embeddable":true,"href":"https:\/\/picoytallo.com\/fr\/wp-json\/wp\/v2\/media\/2752"}],"wp:attachment":[{"href":"https:\/\/picoytallo.com\/fr\/wp-json\/wp\/v2\/media?parent=3561"}],"wp:term":[{"taxonomy":"product_brand","embeddable":true,"href":"https:\/\/picoytallo.com\/fr\/wp-json\/wp\/v2\/product_brand?post=3561"},{"taxonomy":"product_cat","embeddable":true,"href":"https:\/\/picoytallo.com\/fr\/wp-json\/wp\/v2\/product_cat?post=3561"},{"taxonomy":"product_tag","embeddable":true,"href":"https:\/\/picoytallo.com\/fr\/wp-json\/wp\/v2\/product_tag?post=3561"}],"curies":[{"name":"wp","href":"https:\/\/api.w.org\/{rel}","templated":true}]}}