{"id":3569,"date":"2022-10-21T11:41:43","date_gmt":"2022-10-21T09:41:43","guid":{"rendered":"https:\/\/picoytallo.com\/producto\/vin-gurgu-avantpassats\/"},"modified":"2024-11-10T05:12:26","modified_gmt":"2024-11-10T03:12:26","slug":"vin-gurgu-avantpassats","status":"publish","type":"product","link":"https:\/\/picoytallo.com\/fr\/producto\/vin-gurgu-avantpassats\/","title":{"rendered":"Vin Gurgu &#8211; Avantpassats"},"content":{"rendered":"<h2>Vin rouge de Valence<\/h2>\n<p>Vin de la vari\u00e9t\u00e9 Gir\u00f3.<\/p>\n<p>La vari\u00e9t\u00e9 Gir\u00f3 a \u00e9t\u00e9 \u00e9labor\u00e9e dans le plus grand respect de l&rsquo;environnement dans lequel elle a \u00e9t\u00e9 cultiv\u00e9e, terminant son cycle de vie l\u00e0 o\u00f9 elle a commenc\u00e9, dans la terre : dans nos cuves.  <strong>Des jarres en terre cuite avec plus de 100 ans d&rsquo;histoire.<\/strong><\/p>\n<p>Ces jarres ont \u00e9t\u00e9 r\u00e9utilis\u00e9es apr\u00e8s avoir \u00e9t\u00e9 utilis\u00e9es \u00e0 l&rsquo;origine pour conserver les denr\u00e9es les plus pr\u00e9cieuses pour nos grands-parents, telles que la viande, l&rsquo;huile, les c\u00e9r\u00e9ales et, dans notre cas, le vin.<\/p>\n<p>Avec ce vin, Gurgu veut rendre un petit hommage \u00e0 nos grands-parents et \u00e0 nos anc\u00eatres, desquels nous avons appris que l&rsquo;amour de la terre nous donne notre bien le plus pr\u00e9cieux, le vin \u00ab\u00a0Avantpassats\u00a0\u00bb.<\/p>\n<p>&nbsp;<\/p>\n<h3>Notes de d\u00e9gustation<\/h3>\n<p>D&rsquo;\u00e9l\u00e9gants fruits confits sur le fond organique de la cuve elle-m\u00eame.<\/p>\n<p>Belle couleur cerise d&rsquo;intensit\u00e9 moyenne.<\/p>\n<p>En bouche, l&rsquo;acidit\u00e9 est \u00e9tonnamment fra\u00eeche. Go\u00fbt de citrouille confite et notes d&rsquo;argile.<\/p>\n","protected":false},"excerpt":{"rendered":"<p>Vin de la vari\u00e9t\u00e9 Gir\u00f3.  <strong>Des jarres en terre cuite avec plus de 100 ans d&rsquo;histoire.<\/strong><\/p>\n","protected":false},"featured_media":2767,"comment_status":"open","ping_status":"closed","template":"","meta":[],"product_brand":[],"product_cat":[491],"product_tag":[494,493,492],"class_list":{"0":"post-3569","1":"product","2":"type-product","3":"status-publish","4":"has-post-thumbnail","6":"product_cat-vins-et-spiritueux","7":"product_tag-vin-artisanal","8":"product_tag-vin-de-valence","9":"product_tag-vin-rouge","11":"first","12":"instock","13":"shipping-taxable","14":"purchasable","15":"product-type-simple"},"yoast_head":"<!-- This site is optimized with the Yoast SEO plugin v26.9 - https:\/\/yoast.com\/product\/yoast-seo-wordpress\/ -->\n<title>GURGU Avantpassats - Vin rouge artisanal de Valence - Gir\u00f3<\/title>\n<meta name=\"description\" content=\"Gurgu Avantpassats, un vin rouge valencien unique en raison de son \u00e9laboration artisanale dans des jarres en terre cuite. Vins d&#039;Alicante \u00e0 Pico y Tallo.\" \/>\n<meta name=\"robots\" content=\"index, follow, max-snippet:-1, max-image-preview:large, max-video-preview:-1\" \/>\n<link rel=\"canonical\" href=\"https:\/\/picoytallo.com\/fr\/producto\/vin-gurgu-avantpassats\/\" \/>\n<meta property=\"og:locale\" content=\"fr_FR\" \/>\n<meta property=\"og:type\" content=\"article\" \/>\n<meta property=\"og:title\" content=\"GURGU Avantpassats - Vin rouge artisanal de Valence - Gir\u00f3\" \/>\n<meta property=\"og:description\" content=\"Gurgu Avantpassats, un vin rouge valencien unique en raison de son \u00e9laboration artisanale dans des jarres en terre cuite. Vins d&#039;Alicante \u00e0 Pico y Tallo.\" \/>\n<meta property=\"og:url\" content=\"https:\/\/picoytallo.com\/fr\/producto\/vin-gurgu-avantpassats\/\" \/>\n<meta property=\"og:site_name\" content=\"Pico y Tallo\" \/>\n<meta property=\"article:modified_time\" content=\"2024-11-10T03:12:26+00:00\" \/>\n<meta property=\"og:image\" content=\"https:\/\/picoytallo.com\/wp-content\/uploads\/2022\/10\/Vino-tinto-valenciano-Gurgu.webp\" \/>\n\t<meta property=\"og:image:width\" content=\"1000\" \/>\n\t<meta property=\"og:image:height\" content=\"1000\" \/>\n\t<meta property=\"og:image:type\" content=\"image\/webp\" \/>\n<meta name=\"twitter:card\" content=\"summary_large_image\" \/>\n<meta name=\"twitter:label1\" content=\"Dur\u00e9e de lecture estim\u00e9e\" \/>\n\t<meta name=\"twitter:data1\" content=\"1 minute\" \/>\n<script type=\"application\/ld+json\" class=\"yoast-schema-graph\">{\"@context\":\"https:\/\/schema.org\",\"@graph\":[{\"@type\":\"WebPage\",\"@id\":\"https:\/\/picoytallo.com\/fr\/producto\/vin-gurgu-avantpassats\/\",\"url\":\"https:\/\/picoytallo.com\/fr\/producto\/vin-gurgu-avantpassats\/\",\"name\":\"GURGU Avantpassats - Vin rouge artisanal de Valence - Gir\u00f3\",\"isPartOf\":{\"@id\":\"https:\/\/picoytallo.com\/fr\/#website\"},\"primaryImageOfPage\":{\"@id\":\"https:\/\/picoytallo.com\/fr\/producto\/vin-gurgu-avantpassats\/#primaryimage\"},\"image\":{\"@id\":\"https:\/\/picoytallo.com\/fr\/producto\/vin-gurgu-avantpassats\/#primaryimage\"},\"thumbnailUrl\":\"https:\/\/picoytallo.com\/wp-content\/uploads\/2022\/10\/Vino-tinto-valenciano-Gurgu.webp\",\"datePublished\":\"2022-10-21T09:41:43+00:00\",\"dateModified\":\"2024-11-10T03:12:26+00:00\",\"description\":\"Gurgu Avantpassats, un vin rouge valencien unique en raison de son \u00e9laboration artisanale dans des jarres en terre cuite. Vins d'Alicante \u00e0 Pico y Tallo.\",\"breadcrumb\":{\"@id\":\"https:\/\/picoytallo.com\/fr\/producto\/vin-gurgu-avantpassats\/#breadcrumb\"},\"inLanguage\":\"fr-FR\",\"potentialAction\":[{\"@type\":\"ReadAction\",\"target\":[\"https:\/\/picoytallo.com\/fr\/producto\/vin-gurgu-avantpassats\/\"]}]},{\"@type\":\"ImageObject\",\"inLanguage\":\"fr-FR\",\"@id\":\"https:\/\/picoytallo.com\/fr\/producto\/vin-gurgu-avantpassats\/#primaryimage\",\"url\":\"https:\/\/picoytallo.com\/wp-content\/uploads\/2022\/10\/Vino-tinto-valenciano-Gurgu.webp\",\"contentUrl\":\"https:\/\/picoytallo.com\/wp-content\/uploads\/2022\/10\/Vino-tinto-valenciano-Gurgu.webp\",\"width\":1000,\"height\":1000},{\"@type\":\"BreadcrumbList\",\"@id\":\"https:\/\/picoytallo.com\/fr\/producto\/vin-gurgu-avantpassats\/#breadcrumb\",\"itemListElement\":[{\"@type\":\"ListItem\",\"position\":1,\"name\":\"Portada\",\"item\":\"https:\/\/picoytallo.com\/fr\/\"},{\"@type\":\"ListItem\",\"position\":2,\"name\":\"Boutique\",\"item\":\"https:\/\/picoytallo.com\/fr\/boutique\/\"},{\"@type\":\"ListItem\",\"position\":3,\"name\":\"Vin Gurgu &#8211; Avantpassats\"}]},{\"@type\":\"WebSite\",\"@id\":\"https:\/\/picoytallo.com\/fr\/#website\",\"url\":\"https:\/\/picoytallo.com\/fr\/\",\"name\":\"Pico y Tallo\",\"description\":\"Productos Gourmet Online\",\"publisher\":{\"@id\":\"https:\/\/picoytallo.com\/fr\/#organization\"},\"potentialAction\":[{\"@type\":\"SearchAction\",\"target\":{\"@type\":\"EntryPoint\",\"urlTemplate\":\"https:\/\/picoytallo.com\/fr\/?s={search_term_string}\"},\"query-input\":{\"@type\":\"PropertyValueSpecification\",\"valueRequired\":true,\"valueName\":\"search_term_string\"}}],\"inLanguage\":\"fr-FR\"},{\"@type\":\"Organization\",\"@id\":\"https:\/\/picoytallo.com\/fr\/#organization\",\"name\":\"Pico y Tallo\",\"url\":\"https:\/\/picoytallo.com\/fr\/\",\"logo\":{\"@type\":\"ImageObject\",\"inLanguage\":\"fr-FR\",\"@id\":\"https:\/\/picoytallo.com\/fr\/#\/schema\/logo\/image\/\",\"url\":\"https:\/\/picoytallo.com\/wp-content\/uploads\/2022\/03\/cropped-Productos-gourmet-picotallo.webp\",\"contentUrl\":\"https:\/\/picoytallo.com\/wp-content\/uploads\/2022\/03\/cropped-Productos-gourmet-picotallo.webp\",\"width\":1194,\"height\":314,\"caption\":\"Pico y Tallo\"},\"image\":{\"@id\":\"https:\/\/picoytallo.com\/fr\/#\/schema\/logo\/image\/\"}}]}<\/script>\n<!-- \/ Yoast SEO plugin. -->","yoast_head_json":{"title":"GURGU Avantpassats - Vin rouge artisanal de Valence - Gir\u00f3","description":"Gurgu Avantpassats, un vin rouge valencien unique en raison de son \u00e9laboration artisanale dans des jarres en terre cuite. Vins d'Alicante \u00e0 Pico y Tallo.","robots":{"index":"index","follow":"follow","max-snippet":"max-snippet:-1","max-image-preview":"max-image-preview:large","max-video-preview":"max-video-preview:-1"},"canonical":"https:\/\/picoytallo.com\/fr\/producto\/vin-gurgu-avantpassats\/","og_locale":"fr_FR","og_type":"article","og_title":"GURGU Avantpassats - Vin rouge artisanal de Valence - Gir\u00f3","og_description":"Gurgu Avantpassats, un vin rouge valencien unique en raison de son \u00e9laboration artisanale dans des jarres en terre cuite. Vins d'Alicante \u00e0 Pico y Tallo.","og_url":"https:\/\/picoytallo.com\/fr\/producto\/vin-gurgu-avantpassats\/","og_site_name":"Pico y Tallo","article_modified_time":"2024-11-10T03:12:26+00:00","og_image":[{"width":1000,"height":1000,"url":"https:\/\/picoytallo.com\/wp-content\/uploads\/2022\/10\/Vino-tinto-valenciano-Gurgu.webp","type":"image\/webp"}],"twitter_card":"summary_large_image","twitter_misc":{"Dur\u00e9e de lecture estim\u00e9e":"1 minute"},"schema":{"@context":"https:\/\/schema.org","@graph":[{"@type":"WebPage","@id":"https:\/\/picoytallo.com\/fr\/producto\/vin-gurgu-avantpassats\/","url":"https:\/\/picoytallo.com\/fr\/producto\/vin-gurgu-avantpassats\/","name":"GURGU Avantpassats - Vin rouge artisanal de Valence - Gir\u00f3","isPartOf":{"@id":"https:\/\/picoytallo.com\/fr\/#website"},"primaryImageOfPage":{"@id":"https:\/\/picoytallo.com\/fr\/producto\/vin-gurgu-avantpassats\/#primaryimage"},"image":{"@id":"https:\/\/picoytallo.com\/fr\/producto\/vin-gurgu-avantpassats\/#primaryimage"},"thumbnailUrl":"https:\/\/picoytallo.com\/wp-content\/uploads\/2022\/10\/Vino-tinto-valenciano-Gurgu.webp","datePublished":"2022-10-21T09:41:43+00:00","dateModified":"2024-11-10T03:12:26+00:00","description":"Gurgu Avantpassats, un vin rouge valencien unique en raison de son \u00e9laboration artisanale dans des jarres en terre cuite. Vins d'Alicante \u00e0 Pico y Tallo.","breadcrumb":{"@id":"https:\/\/picoytallo.com\/fr\/producto\/vin-gurgu-avantpassats\/#breadcrumb"},"inLanguage":"fr-FR","potentialAction":[{"@type":"ReadAction","target":["https:\/\/picoytallo.com\/fr\/producto\/vin-gurgu-avantpassats\/"]}]},{"@type":"ImageObject","inLanguage":"fr-FR","@id":"https:\/\/picoytallo.com\/fr\/producto\/vin-gurgu-avantpassats\/#primaryimage","url":"https:\/\/picoytallo.com\/wp-content\/uploads\/2022\/10\/Vino-tinto-valenciano-Gurgu.webp","contentUrl":"https:\/\/picoytallo.com\/wp-content\/uploads\/2022\/10\/Vino-tinto-valenciano-Gurgu.webp","width":1000,"height":1000},{"@type":"BreadcrumbList","@id":"https:\/\/picoytallo.com\/fr\/producto\/vin-gurgu-avantpassats\/#breadcrumb","itemListElement":[{"@type":"ListItem","position":1,"name":"Portada","item":"https:\/\/picoytallo.com\/fr\/"},{"@type":"ListItem","position":2,"name":"Boutique","item":"https:\/\/picoytallo.com\/fr\/boutique\/"},{"@type":"ListItem","position":3,"name":"Vin Gurgu &#8211; Avantpassats"}]},{"@type":"WebSite","@id":"https:\/\/picoytallo.com\/fr\/#website","url":"https:\/\/picoytallo.com\/fr\/","name":"Pico y Tallo","description":"Productos Gourmet Online","publisher":{"@id":"https:\/\/picoytallo.com\/fr\/#organization"},"potentialAction":[{"@type":"SearchAction","target":{"@type":"EntryPoint","urlTemplate":"https:\/\/picoytallo.com\/fr\/?s={search_term_string}"},"query-input":{"@type":"PropertyValueSpecification","valueRequired":true,"valueName":"search_term_string"}}],"inLanguage":"fr-FR"},{"@type":"Organization","@id":"https:\/\/picoytallo.com\/fr\/#organization","name":"Pico y Tallo","url":"https:\/\/picoytallo.com\/fr\/","logo":{"@type":"ImageObject","inLanguage":"fr-FR","@id":"https:\/\/picoytallo.com\/fr\/#\/schema\/logo\/image\/","url":"https:\/\/picoytallo.com\/wp-content\/uploads\/2022\/03\/cropped-Productos-gourmet-picotallo.webp","contentUrl":"https:\/\/picoytallo.com\/wp-content\/uploads\/2022\/03\/cropped-Productos-gourmet-picotallo.webp","width":1194,"height":314,"caption":"Pico y Tallo"},"image":{"@id":"https:\/\/picoytallo.com\/fr\/#\/schema\/logo\/image\/"}}]}},"_links":{"self":[{"href":"https:\/\/picoytallo.com\/fr\/wp-json\/wp\/v2\/product\/3569","targetHints":{"allow":["GET"]}}],"collection":[{"href":"https:\/\/picoytallo.com\/fr\/wp-json\/wp\/v2\/product"}],"about":[{"href":"https:\/\/picoytallo.com\/fr\/wp-json\/wp\/v2\/types\/product"}],"replies":[{"embeddable":true,"href":"https:\/\/picoytallo.com\/fr\/wp-json\/wp\/v2\/comments?post=3569"}],"wp:featuredmedia":[{"embeddable":true,"href":"https:\/\/picoytallo.com\/fr\/wp-json\/wp\/v2\/media\/2767"}],"wp:attachment":[{"href":"https:\/\/picoytallo.com\/fr\/wp-json\/wp\/v2\/media?parent=3569"}],"wp:term":[{"taxonomy":"product_brand","embeddable":true,"href":"https:\/\/picoytallo.com\/fr\/wp-json\/wp\/v2\/product_brand?post=3569"},{"taxonomy":"product_cat","embeddable":true,"href":"https:\/\/picoytallo.com\/fr\/wp-json\/wp\/v2\/product_cat?post=3569"},{"taxonomy":"product_tag","embeddable":true,"href":"https:\/\/picoytallo.com\/fr\/wp-json\/wp\/v2\/product_tag?post=3569"}],"curies":[{"name":"wp","href":"https:\/\/api.w.org\/{rel}","templated":true}]}}