{"id":3572,"date":"2022-10-17T12:24:37","date_gmt":"2022-10-17T10:24:37","guid":{"rendered":"https:\/\/picoytallo.com\/producto\/nougat-dalicante\/"},"modified":"2025-06-01T18:11:04","modified_gmt":"2025-06-01T16:11:04","slug":"nougat-dalicante","status":"publish","type":"product","link":"https:\/\/picoytallo.com\/fr\/producto\/nougat-dalicante\/","title":{"rendered":"Nougat d&rsquo;Alicante"},"content":{"rendered":"<h2>Nougat bio aux amandes<\/h2>\n<p>Le nougat d&rsquo;Alicante, une friandise typique de cette province, \u00e0 la texture dure, \u00e0 la couleur blanch\u00e2tre due au m\u00e9lange de miel et de sucre, avec des nuances brunes dues aux amandes, et \u00e0 la saveur sucr\u00e9e. 200 grammes.<\/p>\n<p>&nbsp;<\/p>\n<h3>Nougat d&rsquo;Alicante<\/h3>\n<div class=\"wpb_column vc_column_container vc_col-sm-12 vc_col-lg-4 vc_col-md-4\">\n<div class=\"vc_column-inner thegem-custom-inner-634d26d0e742a \">\n<div class=\"wpb_wrapper\">\n<div class=\"gem-textbox \">\n<div class=\"gem-textbox-inner\">\n<div class=\"gem-textbox-content\">\n<div class=\"wpb_text_column wpb_content_element thegem-vc-text thegem-custom-634d26d0e79aa7323\">\n<div class=\"wpb_wrapper\">\n<div class=\"wpb_column vc_column_container vc_col-sm-12 vc_col-lg-4 vc_col-md-4\">\n<div class=\"vc_column-inner thegem-custom-inner-634d26d7e6196 \">\n<div class=\"wpb_wrapper\">\n<div class=\"gem-textbox \">\n<div class=\"gem-textbox-inner\">\n<div class=\"gem-textbox-content\">\n<div class=\"wpb_text_column wpb_content_element thegem-vc-text thegem-custom-634d26d7e68349050\">\n<div class=\"wpb_wrapper\">\n<p>Ingr\u00e9dients :<strong> Amandes\u00ba<\/strong> (60%), sucre*, miel\u00ba (17.5%), ovalbumine (17.5%), sucre*, miel (17.5%), ovalbumine <strong><br \/>\n  <u>ovalbumine\u00ba<\/u><br \/>\n<\/strong> et gaufrette\u00ba en surface (f\u00e9cule de pomme de terre\u00ba et \u00e9mulsifiant : l\u00e9cithine de tournesol)<strong>. <\/strong>Peut contenir des traces d&rsquo;<strong>arachides, de s\u00e9same, de soja, de lait et de fruits \u00e0 coque<\/strong>.<\/p>\n<p>\u00b0 = agriculture biologique de l&rsquo;UE, * = agriculture biologique hors UE.<\/p>\n<p>&nbsp;<\/p>\n<\/div>\n<\/div>\n<\/div>\n<\/div>\n<\/div>\n<\/div>\n<\/div>\n<\/div>\n<div class=\"wpb_column vc_column_container vc_col-sm-12 vc_col-lg-4 vc_col-md-4\">\n<div class=\"vc_column-inner thegem-custom-inner-634d26d7e6c11 \">\n<div class=\"wpb_wrapper\">\n<div class=\"wpb_text_column wpb_content_element thegem-vc-text thegem-custom-634d26d7e6ee12385\">\n<div class=\"wpb_wrapper\">\n<table width=\"322\">\n<tbody>\n<tr>\n<td colspan=\"2\" width=\"317\"><strong>\u00c9TIQUETAGE NUTRITIONNEL 100 g<\/strong><\/td>\n<td width=\"80\"><strong> <\/strong><\/td>\n<\/tr>\n<tr>\n<td width=\"253\">Valeur \u00e9nerg\u00e9tique kJ<\/td>\n<td width=\"64\">2380<\/td>\n<td width=\"80\">kJ<\/td>\n<\/tr>\n<tr>\n<td width=\"253\">Valeur \u00e9nerg\u00e9tique kcal<\/td>\n<td width=\"64\">570<\/td>\n<td width=\"80\">kcal<\/td>\n<\/tr>\n<tr>\n<td width=\"253\">Graisses<\/td>\n<td width=\"64\">34<\/td>\n<td width=\"80\">g<\/td>\n<\/tr>\n<tr>\n<td width=\"253\">  dont satur\u00e9s<\/td>\n<td width=\"64\">3,1<\/td>\n<td width=\"80\">g<\/td>\n<\/tr>\n<tr>\n<td width=\"253\">Glucides<\/td>\n<td width=\"64\">38<\/td>\n<td width=\"80\">g<\/td>\n<\/tr>\n<tr>\n<td width=\"253\">  dont sucres<\/td>\n<td width=\"64\">37<\/td>\n<td width=\"80\">g<\/td>\n<\/tr>\n<tr>\n<td width=\"253\">Prot\u00e9ines<\/td>\n<td width=\"64\">15<\/td>\n<td width=\"80\">g<\/td>\n<\/tr>\n<tr>\n<td width=\"253\">Sel<\/td>\n<td width=\"64\">0,01<\/td>\n<td width=\"80\">g<\/td>\n<\/tr>\n<\/tbody>\n<\/table>\n<\/div>\n<\/div>\n<\/div>\n<\/div>\n<\/div>\n<\/div>\n<\/div>\n<\/div>\n<\/div>\n<\/div>\n<\/div>\n<\/div>\n<\/div>\n","protected":false},"excerpt":{"rendered":"<p>Nougat biologique d&rsquo;Alicante, \u00e9labor\u00e9 \u00e0 partir d&rsquo;un m\u00e9lange d&rsquo;amandes, de miel et de sucre. 200 grammes.<\/p>\n","protected":false},"featured_media":4907,"comment_status":"open","ping_status":"closed","template":"","meta":[],"product_brand":[],"product_cat":[453],"product_tag":[455,485,457],"class_list":{"0":"post-3572","1":"product","2":"type-product","3":"status-publish","4":"has-post-thumbnail","6":"product_cat-chocolats-et-nougats","7":"product_tag-nougat-fr","8":"product_tag-nougat-biologique","9":"product_tag-nougat-dalicante","11":"first","12":"instock","13":"shipping-taxable","14":"purchasable","15":"product-type-simple"},"yoast_head":"<!-- This site is optimized with the Yoast SEO plugin v26.9 - https:\/\/yoast.com\/product\/yoast-seo-wordpress\/ -->\n<title>Nougat bio d&#039;Alicante - Acheter du nougat artisanal<\/title>\n<meta name=\"description\" content=\"Acheter le meilleur nougat bio d&#039;Alicante. A base d&#039;amandes, de miel et de sucre. Produits gastronomiques et artisanaux chez Pico y Tallo.\" \/>\n<meta name=\"robots\" content=\"index, follow, max-snippet:-1, max-image-preview:large, max-video-preview:-1\" \/>\n<link rel=\"canonical\" href=\"https:\/\/picoytallo.com\/fr\/producto\/nougat-dalicante\/\" \/>\n<meta property=\"og:locale\" content=\"fr_FR\" \/>\n<meta property=\"og:type\" content=\"article\" \/>\n<meta property=\"og:title\" content=\"Nougat bio d&#039;Alicante - Acheter du nougat artisanal\" \/>\n<meta property=\"og:description\" content=\"Acheter le meilleur nougat bio d&#039;Alicante. A base d&#039;amandes, de miel et de sucre. Produits gastronomiques et artisanaux chez Pico y Tallo.\" \/>\n<meta property=\"og:url\" content=\"https:\/\/picoytallo.com\/fr\/producto\/nougat-dalicante\/\" \/>\n<meta property=\"og:site_name\" content=\"Pico y Tallo\" \/>\n<meta property=\"article:modified_time\" content=\"2025-06-01T16:11:04+00:00\" \/>\n<meta property=\"og:image\" content=\"https:\/\/picoytallo.com\/wp-content\/uploads\/2022\/10\/Turron-de-alicante.webp\" \/>\n\t<meta property=\"og:image:width\" content=\"1024\" \/>\n\t<meta property=\"og:image:height\" content=\"768\" \/>\n\t<meta property=\"og:image:type\" content=\"image\/webp\" \/>\n<meta name=\"twitter:card\" content=\"summary_large_image\" \/>\n<meta name=\"twitter:label1\" content=\"Dur\u00e9e de lecture estim\u00e9e\" \/>\n\t<meta name=\"twitter:data1\" content=\"1 minute\" \/>\n<script type=\"application\/ld+json\" class=\"yoast-schema-graph\">{\"@context\":\"https:\/\/schema.org\",\"@graph\":[{\"@type\":\"WebPage\",\"@id\":\"https:\/\/picoytallo.com\/fr\/producto\/nougat-dalicante\/\",\"url\":\"https:\/\/picoytallo.com\/fr\/producto\/nougat-dalicante\/\",\"name\":\"Nougat bio d'Alicante - Acheter du nougat artisanal\",\"isPartOf\":{\"@id\":\"https:\/\/picoytallo.com\/fr\/#website\"},\"primaryImageOfPage\":{\"@id\":\"https:\/\/picoytallo.com\/fr\/producto\/nougat-dalicante\/#primaryimage\"},\"image\":{\"@id\":\"https:\/\/picoytallo.com\/fr\/producto\/nougat-dalicante\/#primaryimage\"},\"thumbnailUrl\":\"https:\/\/picoytallo.com\/wp-content\/uploads\/2022\/10\/177.png\",\"datePublished\":\"2022-10-17T10:24:37+00:00\",\"dateModified\":\"2025-06-01T16:11:04+00:00\",\"description\":\"Acheter le meilleur nougat bio d'Alicante. A base d'amandes, de miel et de sucre. Produits gastronomiques et artisanaux chez Pico y Tallo.\",\"breadcrumb\":{\"@id\":\"https:\/\/picoytallo.com\/fr\/producto\/nougat-dalicante\/#breadcrumb\"},\"inLanguage\":\"fr-FR\",\"potentialAction\":[{\"@type\":\"ReadAction\",\"target\":[\"https:\/\/picoytallo.com\/fr\/producto\/nougat-dalicante\/\"]}]},{\"@type\":\"ImageObject\",\"inLanguage\":\"fr-FR\",\"@id\":\"https:\/\/picoytallo.com\/fr\/producto\/nougat-dalicante\/#primaryimage\",\"url\":\"https:\/\/picoytallo.com\/wp-content\/uploads\/2022\/10\/177.png\",\"contentUrl\":\"https:\/\/picoytallo.com\/wp-content\/uploads\/2022\/10\/177.png\",\"width\":1080,\"height\":1080,\"caption\":\"Turr\u00f3n de Alicante\"},{\"@type\":\"BreadcrumbList\",\"@id\":\"https:\/\/picoytallo.com\/fr\/producto\/nougat-dalicante\/#breadcrumb\",\"itemListElement\":[{\"@type\":\"ListItem\",\"position\":1,\"name\":\"Portada\",\"item\":\"https:\/\/picoytallo.com\/fr\/\"},{\"@type\":\"ListItem\",\"position\":2,\"name\":\"Boutique\",\"item\":\"https:\/\/picoytallo.com\/fr\/boutique\/\"},{\"@type\":\"ListItem\",\"position\":3,\"name\":\"Nougat d&rsquo;Alicante\"}]},{\"@type\":\"WebSite\",\"@id\":\"https:\/\/picoytallo.com\/fr\/#website\",\"url\":\"https:\/\/picoytallo.com\/fr\/\",\"name\":\"Pico y Tallo\",\"description\":\"Productos Gourmet Online\",\"publisher\":{\"@id\":\"https:\/\/picoytallo.com\/fr\/#organization\"},\"potentialAction\":[{\"@type\":\"SearchAction\",\"target\":{\"@type\":\"EntryPoint\",\"urlTemplate\":\"https:\/\/picoytallo.com\/fr\/?s={search_term_string}\"},\"query-input\":{\"@type\":\"PropertyValueSpecification\",\"valueRequired\":true,\"valueName\":\"search_term_string\"}}],\"inLanguage\":\"fr-FR\"},{\"@type\":\"Organization\",\"@id\":\"https:\/\/picoytallo.com\/fr\/#organization\",\"name\":\"Pico y Tallo\",\"url\":\"https:\/\/picoytallo.com\/fr\/\",\"logo\":{\"@type\":\"ImageObject\",\"inLanguage\":\"fr-FR\",\"@id\":\"https:\/\/picoytallo.com\/fr\/#\/schema\/logo\/image\/\",\"url\":\"https:\/\/picoytallo.com\/wp-content\/uploads\/2022\/03\/cropped-Productos-gourmet-picotallo.webp\",\"contentUrl\":\"https:\/\/picoytallo.com\/wp-content\/uploads\/2022\/03\/cropped-Productos-gourmet-picotallo.webp\",\"width\":1194,\"height\":314,\"caption\":\"Pico y Tallo\"},\"image\":{\"@id\":\"https:\/\/picoytallo.com\/fr\/#\/schema\/logo\/image\/\"}}]}<\/script>\n<!-- \/ Yoast SEO plugin. -->","yoast_head_json":{"title":"Nougat bio d'Alicante - Acheter du nougat artisanal","description":"Acheter le meilleur nougat bio d'Alicante. A base d'amandes, de miel et de sucre. Produits gastronomiques et artisanaux chez Pico y Tallo.","robots":{"index":"index","follow":"follow","max-snippet":"max-snippet:-1","max-image-preview":"max-image-preview:large","max-video-preview":"max-video-preview:-1"},"canonical":"https:\/\/picoytallo.com\/fr\/producto\/nougat-dalicante\/","og_locale":"fr_FR","og_type":"article","og_title":"Nougat bio d'Alicante - Acheter du nougat artisanal","og_description":"Acheter le meilleur nougat bio d'Alicante. A base d'amandes, de miel et de sucre. Produits gastronomiques et artisanaux chez Pico y Tallo.","og_url":"https:\/\/picoytallo.com\/fr\/producto\/nougat-dalicante\/","og_site_name":"Pico y Tallo","article_modified_time":"2025-06-01T16:11:04+00:00","og_image":[{"width":1024,"height":768,"url":"https:\/\/picoytallo.com\/wp-content\/uploads\/2022\/10\/Turron-de-alicante.webp","type":"image\/webp"}],"twitter_card":"summary_large_image","twitter_misc":{"Dur\u00e9e de lecture estim\u00e9e":"1 minute"},"schema":{"@context":"https:\/\/schema.org","@graph":[{"@type":"WebPage","@id":"https:\/\/picoytallo.com\/fr\/producto\/nougat-dalicante\/","url":"https:\/\/picoytallo.com\/fr\/producto\/nougat-dalicante\/","name":"Nougat bio d'Alicante - Acheter du nougat artisanal","isPartOf":{"@id":"https:\/\/picoytallo.com\/fr\/#website"},"primaryImageOfPage":{"@id":"https:\/\/picoytallo.com\/fr\/producto\/nougat-dalicante\/#primaryimage"},"image":{"@id":"https:\/\/picoytallo.com\/fr\/producto\/nougat-dalicante\/#primaryimage"},"thumbnailUrl":"https:\/\/picoytallo.com\/wp-content\/uploads\/2022\/10\/177.png","datePublished":"2022-10-17T10:24:37+00:00","dateModified":"2025-06-01T16:11:04+00:00","description":"Acheter le meilleur nougat bio d'Alicante. A base d'amandes, de miel et de sucre. Produits gastronomiques et artisanaux chez Pico y Tallo.","breadcrumb":{"@id":"https:\/\/picoytallo.com\/fr\/producto\/nougat-dalicante\/#breadcrumb"},"inLanguage":"fr-FR","potentialAction":[{"@type":"ReadAction","target":["https:\/\/picoytallo.com\/fr\/producto\/nougat-dalicante\/"]}]},{"@type":"ImageObject","inLanguage":"fr-FR","@id":"https:\/\/picoytallo.com\/fr\/producto\/nougat-dalicante\/#primaryimage","url":"https:\/\/picoytallo.com\/wp-content\/uploads\/2022\/10\/177.png","contentUrl":"https:\/\/picoytallo.com\/wp-content\/uploads\/2022\/10\/177.png","width":1080,"height":1080,"caption":"Turr\u00f3n de Alicante"},{"@type":"BreadcrumbList","@id":"https:\/\/picoytallo.com\/fr\/producto\/nougat-dalicante\/#breadcrumb","itemListElement":[{"@type":"ListItem","position":1,"name":"Portada","item":"https:\/\/picoytallo.com\/fr\/"},{"@type":"ListItem","position":2,"name":"Boutique","item":"https:\/\/picoytallo.com\/fr\/boutique\/"},{"@type":"ListItem","position":3,"name":"Nougat d&rsquo;Alicante"}]},{"@type":"WebSite","@id":"https:\/\/picoytallo.com\/fr\/#website","url":"https:\/\/picoytallo.com\/fr\/","name":"Pico y Tallo","description":"Productos Gourmet Online","publisher":{"@id":"https:\/\/picoytallo.com\/fr\/#organization"},"potentialAction":[{"@type":"SearchAction","target":{"@type":"EntryPoint","urlTemplate":"https:\/\/picoytallo.com\/fr\/?s={search_term_string}"},"query-input":{"@type":"PropertyValueSpecification","valueRequired":true,"valueName":"search_term_string"}}],"inLanguage":"fr-FR"},{"@type":"Organization","@id":"https:\/\/picoytallo.com\/fr\/#organization","name":"Pico y Tallo","url":"https:\/\/picoytallo.com\/fr\/","logo":{"@type":"ImageObject","inLanguage":"fr-FR","@id":"https:\/\/picoytallo.com\/fr\/#\/schema\/logo\/image\/","url":"https:\/\/picoytallo.com\/wp-content\/uploads\/2022\/03\/cropped-Productos-gourmet-picotallo.webp","contentUrl":"https:\/\/picoytallo.com\/wp-content\/uploads\/2022\/03\/cropped-Productos-gourmet-picotallo.webp","width":1194,"height":314,"caption":"Pico y Tallo"},"image":{"@id":"https:\/\/picoytallo.com\/fr\/#\/schema\/logo\/image\/"}}]}},"_links":{"self":[{"href":"https:\/\/picoytallo.com\/fr\/wp-json\/wp\/v2\/product\/3572","targetHints":{"allow":["GET"]}}],"collection":[{"href":"https:\/\/picoytallo.com\/fr\/wp-json\/wp\/v2\/product"}],"about":[{"href":"https:\/\/picoytallo.com\/fr\/wp-json\/wp\/v2\/types\/product"}],"replies":[{"embeddable":true,"href":"https:\/\/picoytallo.com\/fr\/wp-json\/wp\/v2\/comments?post=3572"}],"wp:featuredmedia":[{"embeddable":true,"href":"https:\/\/picoytallo.com\/fr\/wp-json\/wp\/v2\/media\/4907"}],"wp:attachment":[{"href":"https:\/\/picoytallo.com\/fr\/wp-json\/wp\/v2\/media?parent=3572"}],"wp:term":[{"taxonomy":"product_brand","embeddable":true,"href":"https:\/\/picoytallo.com\/fr\/wp-json\/wp\/v2\/product_brand?post=3572"},{"taxonomy":"product_cat","embeddable":true,"href":"https:\/\/picoytallo.com\/fr\/wp-json\/wp\/v2\/product_cat?post=3572"},{"taxonomy":"product_tag","embeddable":true,"href":"https:\/\/picoytallo.com\/fr\/wp-json\/wp\/v2\/product_tag?post=3572"}],"curies":[{"name":"wp","href":"https:\/\/api.w.org\/{rel}","templated":true}]}}