{"id":3588,"date":"2022-05-31T12:01:54","date_gmt":"2022-05-31T10:01:54","guid":{"rendered":"https:\/\/picoytallo.com\/producto\/huile-verte-gourmet-750-ml\/"},"modified":"2025-11-14T11:42:54","modified_gmt":"2025-11-14T09:42:54","slug":"oil-green-gourmet-750-ml","status":"publish","type":"product","link":"https:\/\/picoytallo.com\/fr\/producto\/oil-green-gourmet-750-ml\/","title":{"rendered":"Huile verte Gourmet 750 ml"},"content":{"rendered":"<p>Huile d&#8217;olive extra vierge de production et de r\u00e9colte s\u00e9lectionn\u00e9es pour en extraire une saveur et un ar\u00f4me explosifs.<\/p>\n<p><strong>Prix de la qualit\u00e9 au concours GOOA 2022 de Berlin.<\/strong><\/p>\n","protected":false},"excerpt":{"rendered":"<p>Huile d&#8217;olive gourmet. Prix d&#8217;or.<\/p>\n","protected":false},"featured_media":2695,"comment_status":"open","ping_status":"closed","template":"","meta":[],"product_brand":[],"product_cat":[394],"product_tag":[],"class_list":{"0":"post-3588","1":"product","2":"type-product","3":"status-publish","4":"has-post-thumbnail","6":"product_cat-huile-gourmet","8":"first","9":"instock","10":"shipping-taxable","11":"purchasable","12":"product-type-simple"},"yoast_head":"<!-- This site is optimized with the Yoast SEO plugin v27.4 - https:\/\/yoast.com\/product\/yoast-seo-wordpress\/ -->\n<title>Huile d&#039;olive artisanale Gourmet - Huile d&#039;olive verte pure EVOO<\/title>\n<meta name=\"description\" content=\"Une v\u00e9ritable explosion de saveur et d&#039;ar\u00f4me gr\u00e2ce \u00e0 l&#039;huile verte Grenade. Huile gourmet et artisanale. Acheter de l&#039;huile d&#039;olive pure en ligne.\" \/>\n<meta name=\"robots\" content=\"index, follow, max-snippet:-1, max-image-preview:large, max-video-preview:-1\" \/>\n<link rel=\"canonical\" href=\"https:\/\/picoytallo.com\/fr\/producto\/oil-green-gourmet-750-ml\/\" \/>\n<meta property=\"og:locale\" content=\"fr_FR\" \/>\n<meta property=\"og:type\" content=\"article\" \/>\n<meta property=\"og:title\" content=\"Huile d&#039;olive artisanale Gourmet - Huile d&#039;olive verte pure EVOO\" \/>\n<meta property=\"og:description\" content=\"Une v\u00e9ritable explosion de saveur et d&#039;ar\u00f4me gr\u00e2ce \u00e0 l&#039;huile verte Grenade. Huile gourmet et artisanale. Acheter de l&#039;huile d&#039;olive pure en ligne.\" \/>\n<meta property=\"og:url\" content=\"https:\/\/picoytallo.com\/fr\/producto\/oil-green-gourmet-750-ml\/\" \/>\n<meta property=\"og:site_name\" content=\"Pico y Tallo\" \/>\n<meta property=\"article:modified_time\" content=\"2025-11-14T09:42:54+00:00\" \/>\n<meta property=\"og:image\" content=\"https:\/\/picoytallo.com\/wp-content\/uploads\/2022\/05\/AOVE-gourmet.webp\" \/>\n\t<meta property=\"og:image:width\" content=\"711\" \/>\n\t<meta property=\"og:image:height\" content=\"711\" \/>\n\t<meta property=\"og:image:type\" content=\"image\/webp\" \/>\n<meta name=\"twitter:card\" content=\"summary_large_image\" \/>\n<meta name=\"twitter:label1\" content=\"Prix\" \/>\n\t<meta name=\"twitter:data1\" content=\"16,80&euro;\" \/>\n\t<meta name=\"twitter:label2\" content=\"Disponibilit\u00e9\" \/>\n\t<meta name=\"twitter:data2\" content=\"En stock\" \/>\n<script type=\"application\/ld+json\" class=\"yoast-schema-graph\">{\"@context\":\"https:\\\/\\\/schema.org\",\"@graph\":[{\"@type\":\"WebPage\",\"@id\":\"https:\\\/\\\/picoytallo.com\\\/fr\\\/producto\\\/oil-green-gourmet-750-ml\\\/\",\"url\":\"https:\\\/\\\/picoytallo.com\\\/fr\\\/producto\\\/oil-green-gourmet-750-ml\\\/\",\"name\":\"Huile d'olive artisanale Gourmet - Huile d'olive verte pure EVOO\",\"isPartOf\":{\"@id\":\"https:\\\/\\\/picoytallo.com\\\/fr\\\/#website\"},\"primaryImageOfPage\":{\"@id\":\"https:\\\/\\\/picoytallo.com\\\/fr\\\/producto\\\/oil-green-gourmet-750-ml\\\/#primaryimage\"},\"image\":{\"@id\":\"https:\\\/\\\/picoytallo.com\\\/fr\\\/producto\\\/oil-green-gourmet-750-ml\\\/#primaryimage\"},\"thumbnailUrl\":\"https:\\\/\\\/picoytallo.com\\\/wp-content\\\/uploads\\\/2022\\\/05\\\/AOVE-gourmet.webp\",\"datePublished\":\"2022-05-31T10:01:54+00:00\",\"dateModified\":\"2025-11-14T09:42:54+00:00\",\"description\":\"Une v\u00e9ritable explosion de saveur et d'ar\u00f4me gr\u00e2ce \u00e0 l'huile verte Grenade. Huile gourmet et artisanale. Acheter de l'huile d'olive pure en ligne.\",\"breadcrumb\":{\"@id\":\"https:\\\/\\\/picoytallo.com\\\/fr\\\/producto\\\/oil-green-gourmet-750-ml\\\/#breadcrumb\"},\"inLanguage\":\"fr-FR\",\"potentialAction\":[{\"@type\":\"ReadAction\",\"target\":[\"https:\\\/\\\/picoytallo.com\\\/fr\\\/producto\\\/oil-green-gourmet-750-ml\\\/\"]}]},{\"@type\":\"ImageObject\",\"inLanguage\":\"fr-FR\",\"@id\":\"https:\\\/\\\/picoytallo.com\\\/fr\\\/producto\\\/oil-green-gourmet-750-ml\\\/#primaryimage\",\"url\":\"https:\\\/\\\/picoytallo.com\\\/wp-content\\\/uploads\\\/2022\\\/05\\\/AOVE-gourmet.webp\",\"contentUrl\":\"https:\\\/\\\/picoytallo.com\\\/wp-content\\\/uploads\\\/2022\\\/05\\\/AOVE-gourmet.webp\",\"width\":711,\"height\":711,\"caption\":\"Huile Gourmet\"},{\"@type\":\"BreadcrumbList\",\"@id\":\"https:\\\/\\\/picoytallo.com\\\/fr\\\/producto\\\/oil-green-gourmet-750-ml\\\/#breadcrumb\",\"itemListElement\":[{\"@type\":\"ListItem\",\"position\":1,\"name\":\"Portada\",\"item\":\"https:\\\/\\\/picoytallo.com\\\/fr\\\/home\\\/\"},{\"@type\":\"ListItem\",\"position\":2,\"name\":\"Boutique\",\"item\":\"https:\\\/\\\/picoytallo.com\\\/fr\\\/boutique\\\/\"},{\"@type\":\"ListItem\",\"position\":3,\"name\":\"Huile verte Gourmet 750 ml\"}]},{\"@type\":\"WebSite\",\"@id\":\"https:\\\/\\\/picoytallo.com\\\/fr\\\/#website\",\"url\":\"https:\\\/\\\/picoytallo.com\\\/fr\\\/\",\"name\":\"Pico y Tallo\",\"description\":\"Productos Gourmet Online\",\"publisher\":{\"@id\":\"https:\\\/\\\/picoytallo.com\\\/fr\\\/#organization\"},\"potentialAction\":[{\"@type\":\"SearchAction\",\"target\":{\"@type\":\"EntryPoint\",\"urlTemplate\":\"https:\\\/\\\/picoytallo.com\\\/fr\\\/?s={search_term_string}\"},\"query-input\":{\"@type\":\"PropertyValueSpecification\",\"valueRequired\":true,\"valueName\":\"search_term_string\"}}],\"inLanguage\":\"fr-FR\"},{\"@type\":\"Organization\",\"@id\":\"https:\\\/\\\/picoytallo.com\\\/fr\\\/#organization\",\"name\":\"Pico y Tallo\",\"url\":\"https:\\\/\\\/picoytallo.com\\\/fr\\\/\",\"logo\":{\"@type\":\"ImageObject\",\"inLanguage\":\"fr-FR\",\"@id\":\"https:\\\/\\\/picoytallo.com\\\/fr\\\/#\\\/schema\\\/logo\\\/image\\\/\",\"url\":\"https:\\\/\\\/picoytallo.com\\\/wp-content\\\/uploads\\\/2022\\\/03\\\/cropped-Productos-gourmet-picotallo.webp\",\"contentUrl\":\"https:\\\/\\\/picoytallo.com\\\/wp-content\\\/uploads\\\/2022\\\/03\\\/cropped-Productos-gourmet-picotallo.webp\",\"width\":1194,\"height\":314,\"caption\":\"Pico y Tallo\"},\"image\":{\"@id\":\"https:\\\/\\\/picoytallo.com\\\/fr\\\/#\\\/schema\\\/logo\\\/image\\\/\"}}]}<\/script>\n<meta property=\"product:price:amount\" content=\"16.80\" \/>\n<meta property=\"product:price:currency\" content=\"EUR\" \/>\n<meta property=\"og:availability\" content=\"instock\" \/>\n<meta property=\"product:availability\" content=\"instock\" \/>\n<meta property=\"product:condition\" content=\"new\" \/>\n<!-- \/ Yoast SEO plugin. -->","yoast_head_json":{"title":"Huile d'olive artisanale Gourmet - Huile d'olive verte pure EVOO","description":"Une v\u00e9ritable explosion de saveur et d'ar\u00f4me gr\u00e2ce \u00e0 l'huile verte Grenade. Huile gourmet et artisanale. Acheter de l'huile d'olive pure en ligne.","robots":{"index":"index","follow":"follow","max-snippet":"max-snippet:-1","max-image-preview":"max-image-preview:large","max-video-preview":"max-video-preview:-1"},"canonical":"https:\/\/picoytallo.com\/fr\/producto\/oil-green-gourmet-750-ml\/","og_locale":"fr_FR","og_type":"article","og_title":"Huile d'olive artisanale Gourmet - Huile d'olive verte pure EVOO","og_description":"Une v\u00e9ritable explosion de saveur et d'ar\u00f4me gr\u00e2ce \u00e0 l'huile verte Grenade. Huile gourmet et artisanale. Acheter de l'huile d'olive pure en ligne.","og_url":"https:\/\/picoytallo.com\/fr\/producto\/oil-green-gourmet-750-ml\/","og_site_name":"Pico y Tallo","article_modified_time":"2025-11-14T09:42:54+00:00","og_image":[{"width":711,"height":711,"url":"https:\/\/picoytallo.com\/wp-content\/uploads\/2022\/05\/AOVE-gourmet.webp","type":"image\/webp"}],"twitter_card":"summary_large_image","twitter_misc":{"Prix":"16,80&euro;","Disponibilit\u00e9":"En stock"},"schema":{"@context":"https:\/\/schema.org","@graph":[{"@type":"WebPage","@id":"https:\/\/picoytallo.com\/fr\/producto\/oil-green-gourmet-750-ml\/","url":"https:\/\/picoytallo.com\/fr\/producto\/oil-green-gourmet-750-ml\/","name":"Huile d'olive artisanale Gourmet - Huile d'olive verte pure EVOO","isPartOf":{"@id":"https:\/\/picoytallo.com\/fr\/#website"},"primaryImageOfPage":{"@id":"https:\/\/picoytallo.com\/fr\/producto\/oil-green-gourmet-750-ml\/#primaryimage"},"image":{"@id":"https:\/\/picoytallo.com\/fr\/producto\/oil-green-gourmet-750-ml\/#primaryimage"},"thumbnailUrl":"https:\/\/picoytallo.com\/wp-content\/uploads\/2022\/05\/AOVE-gourmet.webp","datePublished":"2022-05-31T10:01:54+00:00","dateModified":"2025-11-14T09:42:54+00:00","description":"Une v\u00e9ritable explosion de saveur et d'ar\u00f4me gr\u00e2ce \u00e0 l'huile verte Grenade. Huile gourmet et artisanale. Acheter de l'huile d'olive pure en ligne.","breadcrumb":{"@id":"https:\/\/picoytallo.com\/fr\/producto\/oil-green-gourmet-750-ml\/#breadcrumb"},"inLanguage":"fr-FR","potentialAction":[{"@type":"ReadAction","target":["https:\/\/picoytallo.com\/fr\/producto\/oil-green-gourmet-750-ml\/"]}]},{"@type":"ImageObject","inLanguage":"fr-FR","@id":"https:\/\/picoytallo.com\/fr\/producto\/oil-green-gourmet-750-ml\/#primaryimage","url":"https:\/\/picoytallo.com\/wp-content\/uploads\/2022\/05\/AOVE-gourmet.webp","contentUrl":"https:\/\/picoytallo.com\/wp-content\/uploads\/2022\/05\/AOVE-gourmet.webp","width":711,"height":711,"caption":"Huile Gourmet"},{"@type":"BreadcrumbList","@id":"https:\/\/picoytallo.com\/fr\/producto\/oil-green-gourmet-750-ml\/#breadcrumb","itemListElement":[{"@type":"ListItem","position":1,"name":"Portada","item":"https:\/\/picoytallo.com\/fr\/home\/"},{"@type":"ListItem","position":2,"name":"Boutique","item":"https:\/\/picoytallo.com\/fr\/boutique\/"},{"@type":"ListItem","position":3,"name":"Huile verte Gourmet 750 ml"}]},{"@type":"WebSite","@id":"https:\/\/picoytallo.com\/fr\/#website","url":"https:\/\/picoytallo.com\/fr\/","name":"Pico y Tallo","description":"Productos Gourmet Online","publisher":{"@id":"https:\/\/picoytallo.com\/fr\/#organization"},"potentialAction":[{"@type":"SearchAction","target":{"@type":"EntryPoint","urlTemplate":"https:\/\/picoytallo.com\/fr\/?s={search_term_string}"},"query-input":{"@type":"PropertyValueSpecification","valueRequired":true,"valueName":"search_term_string"}}],"inLanguage":"fr-FR"},{"@type":"Organization","@id":"https:\/\/picoytallo.com\/fr\/#organization","name":"Pico y Tallo","url":"https:\/\/picoytallo.com\/fr\/","logo":{"@type":"ImageObject","inLanguage":"fr-FR","@id":"https:\/\/picoytallo.com\/fr\/#\/schema\/logo\/image\/","url":"https:\/\/picoytallo.com\/wp-content\/uploads\/2022\/03\/cropped-Productos-gourmet-picotallo.webp","contentUrl":"https:\/\/picoytallo.com\/wp-content\/uploads\/2022\/03\/cropped-Productos-gourmet-picotallo.webp","width":1194,"height":314,"caption":"Pico y Tallo"},"image":{"@id":"https:\/\/picoytallo.com\/fr\/#\/schema\/logo\/image\/"}}]},"product_price_amount":"16.80","product_price_currency":"EUR","og_availability":"instock","product_availability":"instock","product_condition":"new"},"_links":{"self":[{"href":"https:\/\/picoytallo.com\/fr\/wp-json\/wp\/v2\/product\/3588","targetHints":{"allow":["GET"]}}],"collection":[{"href":"https:\/\/picoytallo.com\/fr\/wp-json\/wp\/v2\/product"}],"about":[{"href":"https:\/\/picoytallo.com\/fr\/wp-json\/wp\/v2\/types\/product"}],"replies":[{"embeddable":true,"href":"https:\/\/picoytallo.com\/fr\/wp-json\/wp\/v2\/comments?post=3588"}],"wp:featuredmedia":[{"embeddable":true,"href":"https:\/\/picoytallo.com\/fr\/wp-json\/wp\/v2\/media\/2695"}],"wp:attachment":[{"href":"https:\/\/picoytallo.com\/fr\/wp-json\/wp\/v2\/media?parent=3588"}],"wp:term":[{"taxonomy":"product_brand","embeddable":true,"href":"https:\/\/picoytallo.com\/fr\/wp-json\/wp\/v2\/product_brand?post=3588"},{"taxonomy":"product_cat","embeddable":true,"href":"https:\/\/picoytallo.com\/fr\/wp-json\/wp\/v2\/product_cat?post=3588"},{"taxonomy":"product_tag","embeddable":true,"href":"https:\/\/picoytallo.com\/fr\/wp-json\/wp\/v2\/product_tag?post=3588"}],"curies":[{"name":"wp","href":"https:\/\/api.w.org\/{rel}","templated":true}]}}