{"id":3608,"date":"2022-12-21T09:55:02","date_gmt":"2022-12-21T07:55:02","guid":{"rendered":"https:\/\/picoytallo.com\/producto\/vinaigrette-au-basilic-et-aux-tomates\/"},"modified":"2025-11-14T11:42:33","modified_gmt":"2025-11-14T09:42:33","slug":"alino-avec-tomate-basilic","status":"publish","type":"product","link":"https:\/\/picoytallo.com\/fr\/producto\/alino-avec-tomate-basilic\/","title":{"rendered":"Vinaigrette aux tomates et \u00e0 l&rsquo;huile d&rsquo;olive avec du basilic"},"content":{"rendered":"<h2>Vinaigrette gourmande<\/h2>\n<p>Convient pour l&rsquo;assaisonnement des salades, viandes, poissons et l\u00e9gumes. Ainsi que pour la production de sauces.<\/p>\n<p>R\u00e9cipient en verre.<\/p>\n<p>250 ml \/ 8.45 oz<\/p>\n<p>Ingr\u00e9dients :<\/p>\n<p>Vinaigre (contient des sulfites), sucre, tomates et basilic.<\/p>\n<p>&nbsp;<\/p>\n<p><strong>Vous voulez en savoir plus sur cette vinaigrette ?<\/strong><\/p>\n<p>Dans le monde culinaire, o\u00f9 la saveur et la qualit\u00e9 se retrouvent dans chaque d\u00e9tail, les <strong>vinaigrettes gastronomiques<\/strong> sont la touche finale qui transforme les bons plats en chefs-d&rsquo;\u0153uvre culinaires. Parmi elles, la vinaigrette \u00e0 la tomate et au basilic se distingue par sa capacit\u00e9 \u00e0 offrir une explosion de saveurs fra\u00eeches et aromatiques, id\u00e9ale pour les palais les plus exigeants. D\u00e9couvrez ce qui la rend si sp\u00e9ciale, comment en profiter pleinement et o\u00f9 l&rsquo;acheter en ligne.  <\/p>\n<h3>Qu&rsquo;est-ce que la vinaigrette gourmande \u00e0 la tomate et \u00e0 l&rsquo;huile d&rsquo;olive avec du basilic ?<\/h3>\n<p>La <strong>vinaigrette gourmet \u00e0<\/strong> la tomate et au basilic est un m\u00e9lange d\u00e9licatement \u00e9quilibr\u00e9 d&rsquo;ingr\u00e9dients s\u00e9lectionn\u00e9s, o\u00f9 le go\u00fbt juteux de la tomate s&rsquo;associe harmonieusement \u00e0 l&rsquo;ar\u00f4me frais du basilic. Ce condiment n&rsquo;est pas une simple vinaigrette, mais une invitation \u00e0 d\u00e9couvrir la cuisine m\u00e9diterran\u00e9enne sous son meilleur jour. Il est id\u00e9al pour ceux qui souhaitent ajouter une touche raffin\u00e9e et savoureuse \u00e0 leurs plats.  <\/p>\n<h3>Comment d\u00e9guster l&rsquo;Ali\u00f1o ?<\/h3>\n<p>Cette vinaigrette polyvalente se pr\u00eate \u00e0 l&rsquo;assaisonnement d&rsquo;une grande vari\u00e9t\u00e9 de plats :<\/p>\n<ul>\n<li><strong>Salades fra\u00eeches<\/strong>: quelques gouttes de cette vinaigrette peuvent transformer une simple salade en un plat vibrant et savoureux.<\/li>\n<li><strong>Pizzas gourmandes<\/strong>: Appliquez la vinaigrette sur votre pizza maison avant la cuisson pour une touche m\u00e9diterran\u00e9enne authentique.<\/li>\n<li><strong>P\u00e2tes<\/strong>: M\u00e9langez la vinaigrette avec vos p\u00e2tes pr\u00e9f\u00e9r\u00e9es pour une exp\u00e9rience culinaire inoubliable.<\/li>\n<li><strong>Viande et poisson<\/strong>: Utiliser comme marinade pour donner de la jutosit\u00e9 et une saveur exceptionnelle \u00e0 la viande et au poisson.<\/li>\n<\/ul>\n<h2>Achetez votre vinaigrette gourmet en ligne<\/h2>\n<p>\u00c0 l&rsquo;\u00e8re du num\u00e9rique, il n&rsquo;a jamais \u00e9t\u00e9 aussi facile d&rsquo;acheter des produits gastronomiques de la plus haute qualit\u00e9. Vous pouvez acheter une <g id=\"gid_0\">vinaigrette<\/g> exquise <g id=\"gid_0\">\u00e0 base de tomates et d&rsquo;huile d&rsquo;olive et de basilic<\/g> depuis le confort de votre maison gr\u00e2ce \u00e0 des boutiques gastronomiques en ligne sp\u00e9cialis\u00e9es. Ces plateformes offrent non seulement la possibilit\u00e9 d&rsquo;obtenir des ingr\u00e9dients s\u00e9lectionn\u00e9s en quelques clics, mais aussi l&rsquo;opportunit\u00e9 d&rsquo;explorer et de d\u00e9couvrir de nouvelles saveurs qui enrichiront votre r\u00e9pertoire culinaire.  <\/p>\n<p>Au moment de choisir votre vinaigrette, veillez \u00e0 opter pour celles qui se distinguent par leur engagement en faveur de la qualit\u00e9, en utilisant des ingr\u00e9dients naturels et des processus de fabrication qui respectent l&rsquo;essence de chaque saveur. Ainsi, vous n&rsquo;ach\u00e8terez pas seulement un produit exceptionnel, mais vous soutiendrez \u00e9galement des pratiques durables et artisanales. <\/p>\n<p>La <strong>vinaigrette gourmet<\/strong> \u00e0 la tomate et \u00e0 l&rsquo;huile d&rsquo;olive au basilic est plus qu&rsquo;un simple condiment, c&rsquo;est une invitation au voyage gustatif, qui ajoute des dimensions de saveur et de fra\u00eecheur \u00e0 vos plats pr\u00e9f\u00e9r\u00e9s. Que vous fassiez des exp\u00e9riences en cuisine ou que vous cherchiez le cadeau id\u00e9al pour un passionn\u00e9 de cuisine, cette vinaigrette est un choix s\u00fbr. Visitez votre \u00e9picerie fine en ligne de confiance et commencez \u00e0 explorer le monde des possibilit\u00e9s culinaires que cette sauce a \u00e0 offrir.  <\/p>\n","protected":false},"excerpt":{"rendered":"<p>Vinaigrette gourmande \u00e0 base de tomates, de basilic et de vinaigre.<\/p>\n<p>Id\u00e9ale pour une touche fra\u00eeche et naturelle.<\/p>\n<p>250 ml \/ 8.45 oz<\/p>\n","protected":false},"featured_media":3004,"comment_status":"open","ping_status":"closed","template":"","meta":[],"product_brand":[],"product_cat":[499],"product_tag":[526,500,527,503],"class_list":{"0":"post-3608","1":"product","2":"type-product","3":"status-publish","4":"has-post-thumbnail","6":"product_cat-vinaigrettes-et-sauces","7":"product_tag-basilic","8":"product_tag-habillage","9":"product_tag-tomate-fr","10":"product_tag-vinaigrette","12":"first","13":"instock","14":"shipping-taxable","15":"purchasable","16":"product-type-simple"},"yoast_head":"<!-- This site is optimized with the Yoast SEO plugin v26.9 - https:\/\/yoast.com\/product\/yoast-seo-wordpress\/ -->\n<title>Acheter en ligne Vinaigrette \u00e0 la tomate et \u00e0 l&#039;huile d&#039;olive avec du basilic<\/title>\n<meta name=\"description\" content=\"Les meilleures vinaigrettes \u00e0 la tomate, l&#039;huile d&#039;olive au basilic et les vinaigrettes id\u00e9ales pour les assaisonnements de salades, les viandes, les poissons, les p\u00e2tes et bien plus encore.\" \/>\n<meta name=\"robots\" content=\"index, follow, max-snippet:-1, max-image-preview:large, max-video-preview:-1\" \/>\n<link rel=\"canonical\" href=\"https:\/\/picoytallo.com\/fr\/producto\/alino-avec-tomate-basilic\/\" \/>\n<meta property=\"og:locale\" content=\"fr_FR\" \/>\n<meta property=\"og:type\" content=\"article\" \/>\n<meta property=\"og:title\" content=\"Acheter en ligne Vinaigrette \u00e0 la tomate et \u00e0 l&#039;huile d&#039;olive avec du basilic\" \/>\n<meta property=\"og:description\" content=\"Les meilleures vinaigrettes \u00e0 la tomate, l&#039;huile d&#039;olive au basilic et les vinaigrettes id\u00e9ales pour les assaisonnements de salades, les viandes, les poissons, les p\u00e2tes et bien plus encore.\" \/>\n<meta property=\"og:url\" content=\"https:\/\/picoytallo.com\/fr\/producto\/alino-avec-tomate-basilic\/\" \/>\n<meta property=\"og:site_name\" content=\"Pico y Tallo\" \/>\n<meta property=\"article:modified_time\" content=\"2025-11-14T09:42:33+00:00\" \/>\n<meta property=\"og:image\" content=\"https:\/\/picoytallo.com\/wp-content\/uploads\/2022\/12\/Vinagreta-tomate-y-albahaca.webp\" \/>\n\t<meta property=\"og:image:width\" content=\"1000\" \/>\n\t<meta property=\"og:image:height\" content=\"1000\" \/>\n\t<meta property=\"og:image:type\" content=\"image\/webp\" \/>\n<meta name=\"twitter:card\" content=\"summary_large_image\" \/>\n<meta name=\"twitter:label1\" content=\"Dur\u00e9e de lecture estim\u00e9e\" \/>\n\t<meta name=\"twitter:data1\" content=\"3 minutes\" \/>\n<script type=\"application\/ld+json\" class=\"yoast-schema-graph\">{\"@context\":\"https:\/\/schema.org\",\"@graph\":[{\"@type\":\"WebPage\",\"@id\":\"https:\/\/picoytallo.com\/fr\/producto\/alino-avec-tomate-basilic\/\",\"url\":\"https:\/\/picoytallo.com\/fr\/producto\/alino-avec-tomate-basilic\/\",\"name\":\"Acheter en ligne Vinaigrette \u00e0 la tomate et \u00e0 l'huile d'olive avec du basilic\",\"isPartOf\":{\"@id\":\"https:\/\/picoytallo.com\/fr\/#website\"},\"primaryImageOfPage\":{\"@id\":\"https:\/\/picoytallo.com\/fr\/producto\/alino-avec-tomate-basilic\/#primaryimage\"},\"image\":{\"@id\":\"https:\/\/picoytallo.com\/fr\/producto\/alino-avec-tomate-basilic\/#primaryimage\"},\"thumbnailUrl\":\"https:\/\/picoytallo.com\/wp-content\/uploads\/2022\/12\/Vinagreta-tomate-y-albahaca.webp\",\"datePublished\":\"2022-12-21T07:55:02+00:00\",\"dateModified\":\"2025-11-14T09:42:33+00:00\",\"description\":\"Les meilleures vinaigrettes \u00e0 la tomate, l'huile d'olive au basilic et les vinaigrettes id\u00e9ales pour les assaisonnements de salades, les viandes, les poissons, les p\u00e2tes et bien plus encore.\",\"breadcrumb\":{\"@id\":\"https:\/\/picoytallo.com\/fr\/producto\/alino-avec-tomate-basilic\/#breadcrumb\"},\"inLanguage\":\"fr-FR\",\"potentialAction\":[{\"@type\":\"ReadAction\",\"target\":[\"https:\/\/picoytallo.com\/fr\/producto\/alino-avec-tomate-basilic\/\"]}]},{\"@type\":\"ImageObject\",\"inLanguage\":\"fr-FR\",\"@id\":\"https:\/\/picoytallo.com\/fr\/producto\/alino-avec-tomate-basilic\/#primaryimage\",\"url\":\"https:\/\/picoytallo.com\/wp-content\/uploads\/2022\/12\/Vinagreta-tomate-y-albahaca.webp\",\"contentUrl\":\"https:\/\/picoytallo.com\/wp-content\/uploads\/2022\/12\/Vinagreta-tomate-y-albahaca.webp\",\"width\":1000,\"height\":1000,\"caption\":\"Vinaigrette \u00e0 la tomate et \u00e0 l'huile d'olive avec du basilic\"},{\"@type\":\"BreadcrumbList\",\"@id\":\"https:\/\/picoytallo.com\/fr\/producto\/alino-avec-tomate-basilic\/#breadcrumb\",\"itemListElement\":[{\"@type\":\"ListItem\",\"position\":1,\"name\":\"Portada\",\"item\":\"https:\/\/picoytallo.com\/fr\/\"},{\"@type\":\"ListItem\",\"position\":2,\"name\":\"Boutique\",\"item\":\"https:\/\/picoytallo.com\/fr\/boutique\/\"},{\"@type\":\"ListItem\",\"position\":3,\"name\":\"Vinaigrette aux tomates et \u00e0 l&#8217;huile d&#8217;olive avec du basilic\"}]},{\"@type\":\"WebSite\",\"@id\":\"https:\/\/picoytallo.com\/fr\/#website\",\"url\":\"https:\/\/picoytallo.com\/fr\/\",\"name\":\"Pico y Tallo\",\"description\":\"Productos Gourmet Online\",\"publisher\":{\"@id\":\"https:\/\/picoytallo.com\/fr\/#organization\"},\"potentialAction\":[{\"@type\":\"SearchAction\",\"target\":{\"@type\":\"EntryPoint\",\"urlTemplate\":\"https:\/\/picoytallo.com\/fr\/?s={search_term_string}\"},\"query-input\":{\"@type\":\"PropertyValueSpecification\",\"valueRequired\":true,\"valueName\":\"search_term_string\"}}],\"inLanguage\":\"fr-FR\"},{\"@type\":\"Organization\",\"@id\":\"https:\/\/picoytallo.com\/fr\/#organization\",\"name\":\"Pico y Tallo\",\"url\":\"https:\/\/picoytallo.com\/fr\/\",\"logo\":{\"@type\":\"ImageObject\",\"inLanguage\":\"fr-FR\",\"@id\":\"https:\/\/picoytallo.com\/fr\/#\/schema\/logo\/image\/\",\"url\":\"https:\/\/picoytallo.com\/wp-content\/uploads\/2022\/03\/cropped-Productos-gourmet-picotallo.webp\",\"contentUrl\":\"https:\/\/picoytallo.com\/wp-content\/uploads\/2022\/03\/cropped-Productos-gourmet-picotallo.webp\",\"width\":1194,\"height\":314,\"caption\":\"Pico y Tallo\"},\"image\":{\"@id\":\"https:\/\/picoytallo.com\/fr\/#\/schema\/logo\/image\/\"}}]}<\/script>\n<!-- \/ Yoast SEO plugin. -->","yoast_head_json":{"title":"Acheter en ligne Vinaigrette \u00e0 la tomate et \u00e0 l'huile d'olive avec du basilic","description":"Les meilleures vinaigrettes \u00e0 la tomate, l'huile d'olive au basilic et les vinaigrettes id\u00e9ales pour les assaisonnements de salades, les viandes, les poissons, les p\u00e2tes et bien plus encore.","robots":{"index":"index","follow":"follow","max-snippet":"max-snippet:-1","max-image-preview":"max-image-preview:large","max-video-preview":"max-video-preview:-1"},"canonical":"https:\/\/picoytallo.com\/fr\/producto\/alino-avec-tomate-basilic\/","og_locale":"fr_FR","og_type":"article","og_title":"Acheter en ligne Vinaigrette \u00e0 la tomate et \u00e0 l'huile d'olive avec du basilic","og_description":"Les meilleures vinaigrettes \u00e0 la tomate, l'huile d'olive au basilic et les vinaigrettes id\u00e9ales pour les assaisonnements de salades, les viandes, les poissons, les p\u00e2tes et bien plus encore.","og_url":"https:\/\/picoytallo.com\/fr\/producto\/alino-avec-tomate-basilic\/","og_site_name":"Pico y Tallo","article_modified_time":"2025-11-14T09:42:33+00:00","og_image":[{"width":1000,"height":1000,"url":"https:\/\/picoytallo.com\/wp-content\/uploads\/2022\/12\/Vinagreta-tomate-y-albahaca.webp","type":"image\/webp"}],"twitter_card":"summary_large_image","twitter_misc":{"Dur\u00e9e de lecture estim\u00e9e":"3 minutes"},"schema":{"@context":"https:\/\/schema.org","@graph":[{"@type":"WebPage","@id":"https:\/\/picoytallo.com\/fr\/producto\/alino-avec-tomate-basilic\/","url":"https:\/\/picoytallo.com\/fr\/producto\/alino-avec-tomate-basilic\/","name":"Acheter en ligne Vinaigrette \u00e0 la tomate et \u00e0 l'huile d'olive avec du basilic","isPartOf":{"@id":"https:\/\/picoytallo.com\/fr\/#website"},"primaryImageOfPage":{"@id":"https:\/\/picoytallo.com\/fr\/producto\/alino-avec-tomate-basilic\/#primaryimage"},"image":{"@id":"https:\/\/picoytallo.com\/fr\/producto\/alino-avec-tomate-basilic\/#primaryimage"},"thumbnailUrl":"https:\/\/picoytallo.com\/wp-content\/uploads\/2022\/12\/Vinagreta-tomate-y-albahaca.webp","datePublished":"2022-12-21T07:55:02+00:00","dateModified":"2025-11-14T09:42:33+00:00","description":"Les meilleures vinaigrettes \u00e0 la tomate, l'huile d'olive au basilic et les vinaigrettes id\u00e9ales pour les assaisonnements de salades, les viandes, les poissons, les p\u00e2tes et bien plus encore.","breadcrumb":{"@id":"https:\/\/picoytallo.com\/fr\/producto\/alino-avec-tomate-basilic\/#breadcrumb"},"inLanguage":"fr-FR","potentialAction":[{"@type":"ReadAction","target":["https:\/\/picoytallo.com\/fr\/producto\/alino-avec-tomate-basilic\/"]}]},{"@type":"ImageObject","inLanguage":"fr-FR","@id":"https:\/\/picoytallo.com\/fr\/producto\/alino-avec-tomate-basilic\/#primaryimage","url":"https:\/\/picoytallo.com\/wp-content\/uploads\/2022\/12\/Vinagreta-tomate-y-albahaca.webp","contentUrl":"https:\/\/picoytallo.com\/wp-content\/uploads\/2022\/12\/Vinagreta-tomate-y-albahaca.webp","width":1000,"height":1000,"caption":"Vinaigrette \u00e0 la tomate et \u00e0 l'huile d'olive avec du basilic"},{"@type":"BreadcrumbList","@id":"https:\/\/picoytallo.com\/fr\/producto\/alino-avec-tomate-basilic\/#breadcrumb","itemListElement":[{"@type":"ListItem","position":1,"name":"Portada","item":"https:\/\/picoytallo.com\/fr\/"},{"@type":"ListItem","position":2,"name":"Boutique","item":"https:\/\/picoytallo.com\/fr\/boutique\/"},{"@type":"ListItem","position":3,"name":"Vinaigrette aux tomates et \u00e0 l&#8217;huile d&#8217;olive avec du basilic"}]},{"@type":"WebSite","@id":"https:\/\/picoytallo.com\/fr\/#website","url":"https:\/\/picoytallo.com\/fr\/","name":"Pico y Tallo","description":"Productos Gourmet Online","publisher":{"@id":"https:\/\/picoytallo.com\/fr\/#organization"},"potentialAction":[{"@type":"SearchAction","target":{"@type":"EntryPoint","urlTemplate":"https:\/\/picoytallo.com\/fr\/?s={search_term_string}"},"query-input":{"@type":"PropertyValueSpecification","valueRequired":true,"valueName":"search_term_string"}}],"inLanguage":"fr-FR"},{"@type":"Organization","@id":"https:\/\/picoytallo.com\/fr\/#organization","name":"Pico y Tallo","url":"https:\/\/picoytallo.com\/fr\/","logo":{"@type":"ImageObject","inLanguage":"fr-FR","@id":"https:\/\/picoytallo.com\/fr\/#\/schema\/logo\/image\/","url":"https:\/\/picoytallo.com\/wp-content\/uploads\/2022\/03\/cropped-Productos-gourmet-picotallo.webp","contentUrl":"https:\/\/picoytallo.com\/wp-content\/uploads\/2022\/03\/cropped-Productos-gourmet-picotallo.webp","width":1194,"height":314,"caption":"Pico y Tallo"},"image":{"@id":"https:\/\/picoytallo.com\/fr\/#\/schema\/logo\/image\/"}}]}},"_links":{"self":[{"href":"https:\/\/picoytallo.com\/fr\/wp-json\/wp\/v2\/product\/3608","targetHints":{"allow":["GET"]}}],"collection":[{"href":"https:\/\/picoytallo.com\/fr\/wp-json\/wp\/v2\/product"}],"about":[{"href":"https:\/\/picoytallo.com\/fr\/wp-json\/wp\/v2\/types\/product"}],"replies":[{"embeddable":true,"href":"https:\/\/picoytallo.com\/fr\/wp-json\/wp\/v2\/comments?post=3608"}],"wp:featuredmedia":[{"embeddable":true,"href":"https:\/\/picoytallo.com\/fr\/wp-json\/wp\/v2\/media\/3004"}],"wp:attachment":[{"href":"https:\/\/picoytallo.com\/fr\/wp-json\/wp\/v2\/media?parent=3608"}],"wp:term":[{"taxonomy":"product_brand","embeddable":true,"href":"https:\/\/picoytallo.com\/fr\/wp-json\/wp\/v2\/product_brand?post=3608"},{"taxonomy":"product_cat","embeddable":true,"href":"https:\/\/picoytallo.com\/fr\/wp-json\/wp\/v2\/product_cat?post=3608"},{"taxonomy":"product_tag","embeddable":true,"href":"https:\/\/picoytallo.com\/fr\/wp-json\/wp\/v2\/product_tag?post=3608"}],"curies":[{"name":"wp","href":"https:\/\/api.w.org\/{rel}","templated":true}]}}