{"id":3623,"date":"2022-12-15T18:12:19","date_gmt":"2022-12-15T16:12:19","guid":{"rendered":"https:\/\/picoytallo.com\/producto\/miel-cru-aux-noix\/"},"modified":"2024-11-10T04:12:00","modified_gmt":"2024-11-10T02:12:00","slug":"miel-cru-aux-noix","status":"publish","type":"product","link":"https:\/\/picoytallo.com\/fr\/producto\/miel-cru-aux-noix\/","title":{"rendered":"Miel cru aux noix"},"content":{"rendered":"<h2>Miel pur<\/h2>\n<p>Miel de fleurs sauvages aux noix dans un emballage de 200 g.<br \/>\nIngr\u00e9dients : 60% de miel + 40% de noix.<br \/>\nId\u00e9al pour les salades, les desserts lact\u00e9s, les glaces et les fromages.<br \/>\nOrigine : Espagne &#8211; Comunidad Valenciana<\/p>\n","protected":false},"excerpt":{"rendered":"<p>Miel de fleurs sauvages aux noix dans un emballage de 200 g.<\/p>\n","protected":false},"featured_media":10316,"comment_status":"open","ping_status":"closed","template":"","meta":[],"product_brand":[],"product_cat":[317],"product_tag":[318,319,429,320],"class_list":{"0":"post-3623","1":"product","2":"type-product","3":"status-publish","4":"has-post-thumbnail","6":"product_cat-miel-artisanal","7":"product_tag-miel-artisanal","8":"product_tag-miel-artisanal-fr","9":"product_tag-miel-de-fleurs","10":"product_tag-miel-gourmet-fr","12":"first","13":"instock","14":"shipping-taxable","15":"purchasable","16":"product-type-simple"},"yoast_head":"<!-- This site is optimized with the Yoast SEO plugin v26.9 - https:\/\/yoast.com\/product\/yoast-seo-wordpress\/ -->\n<title>Miel d&#039;abeille cru aux noix - Acheter du miel pur fait \u00e0 la main<\/title>\n<meta name=\"description\" content=\"Achetez du miel de fleurs pur avec des noix \u00e0 Pico y Tallo. Authentique miel d&#039;abeille brut \u00e0 base de fleurs et de noix. Acheter du miel artisanal.\" \/>\n<meta name=\"robots\" content=\"index, follow, max-snippet:-1, max-image-preview:large, max-video-preview:-1\" \/>\n<link rel=\"canonical\" href=\"https:\/\/picoytallo.com\/fr\/producto\/miel-cru-aux-noix\/\" \/>\n<meta property=\"og:locale\" content=\"fr_FR\" \/>\n<meta property=\"og:type\" content=\"article\" \/>\n<meta property=\"og:title\" content=\"Miel d&#039;abeille cru aux noix - Acheter du miel pur fait \u00e0 la main\" \/>\n<meta property=\"og:description\" content=\"Achetez du miel de fleurs pur avec des noix \u00e0 Pico y Tallo. Authentique miel d&#039;abeille brut \u00e0 base de fleurs et de noix. Acheter du miel artisanal.\" \/>\n<meta property=\"og:url\" content=\"https:\/\/picoytallo.com\/fr\/producto\/miel-cru-aux-noix\/\" \/>\n<meta property=\"og:site_name\" content=\"Pico y Tallo\" \/>\n<meta property=\"article:modified_time\" content=\"2024-11-10T02:12:00+00:00\" \/>\n<meta property=\"og:image\" content=\"https:\/\/picoytallo.com\/wp-content\/uploads\/2022\/12\/Miel-pura-con-nueces.webp\" \/>\n\t<meta property=\"og:image:width\" content=\"1200\" \/>\n\t<meta property=\"og:image:height\" content=\"1200\" \/>\n\t<meta property=\"og:image:type\" content=\"image\/webp\" \/>\n<meta name=\"twitter:card\" content=\"summary_large_image\" \/>\n<script type=\"application\/ld+json\" class=\"yoast-schema-graph\">{\"@context\":\"https:\/\/schema.org\",\"@graph\":[{\"@type\":\"WebPage\",\"@id\":\"https:\/\/picoytallo.com\/fr\/producto\/miel-cru-aux-noix\/\",\"url\":\"https:\/\/picoytallo.com\/fr\/producto\/miel-cru-aux-noix\/\",\"name\":\"Miel d'abeille cru aux noix - Acheter du miel pur fait \u00e0 la main\",\"isPartOf\":{\"@id\":\"https:\/\/picoytallo.com\/fr\/#website\"},\"primaryImageOfPage\":{\"@id\":\"https:\/\/picoytallo.com\/fr\/producto\/miel-cru-aux-noix\/#primaryimage\"},\"image\":{\"@id\":\"https:\/\/picoytallo.com\/fr\/producto\/miel-cru-aux-noix\/#primaryimage\"},\"thumbnailUrl\":\"https:\/\/picoytallo.com\/wp-content\/uploads\/2026\/04\/miel-cruda-de-tomillo-sin-filtrar.webp\",\"datePublished\":\"2022-12-15T16:12:19+00:00\",\"dateModified\":\"2024-11-10T02:12:00+00:00\",\"description\":\"Achetez du miel de fleurs pur avec des noix \u00e0 Pico y Tallo. Authentique miel d'abeille brut \u00e0 base de fleurs et de noix. Acheter du miel artisanal.\",\"breadcrumb\":{\"@id\":\"https:\/\/picoytallo.com\/fr\/producto\/miel-cru-aux-noix\/#breadcrumb\"},\"inLanguage\":\"fr-FR\",\"potentialAction\":[{\"@type\":\"ReadAction\",\"target\":[\"https:\/\/picoytallo.com\/fr\/producto\/miel-cru-aux-noix\/\"]}]},{\"@type\":\"ImageObject\",\"inLanguage\":\"fr-FR\",\"@id\":\"https:\/\/picoytallo.com\/fr\/producto\/miel-cru-aux-noix\/#primaryimage\",\"url\":\"https:\/\/picoytallo.com\/wp-content\/uploads\/2026\/04\/miel-cruda-de-tomillo-sin-filtrar.webp\",\"contentUrl\":\"https:\/\/picoytallo.com\/wp-content\/uploads\/2026\/04\/miel-cruda-de-tomillo-sin-filtrar.webp\",\"width\":458,\"height\":458},{\"@type\":\"BreadcrumbList\",\"@id\":\"https:\/\/picoytallo.com\/fr\/producto\/miel-cru-aux-noix\/#breadcrumb\",\"itemListElement\":[{\"@type\":\"ListItem\",\"position\":1,\"name\":\"Portada\",\"item\":\"https:\/\/picoytallo.com\/fr\/\"},{\"@type\":\"ListItem\",\"position\":2,\"name\":\"Boutique\",\"item\":\"https:\/\/picoytallo.com\/fr\/boutique\/\"},{\"@type\":\"ListItem\",\"position\":3,\"name\":\"Miel cru aux noix\"}]},{\"@type\":\"WebSite\",\"@id\":\"https:\/\/picoytallo.com\/fr\/#website\",\"url\":\"https:\/\/picoytallo.com\/fr\/\",\"name\":\"Pico y Tallo\",\"description\":\"Productos Gourmet Online\",\"publisher\":{\"@id\":\"https:\/\/picoytallo.com\/fr\/#organization\"},\"potentialAction\":[{\"@type\":\"SearchAction\",\"target\":{\"@type\":\"EntryPoint\",\"urlTemplate\":\"https:\/\/picoytallo.com\/fr\/?s={search_term_string}\"},\"query-input\":{\"@type\":\"PropertyValueSpecification\",\"valueRequired\":true,\"valueName\":\"search_term_string\"}}],\"inLanguage\":\"fr-FR\"},{\"@type\":\"Organization\",\"@id\":\"https:\/\/picoytallo.com\/fr\/#organization\",\"name\":\"Pico y Tallo\",\"url\":\"https:\/\/picoytallo.com\/fr\/\",\"logo\":{\"@type\":\"ImageObject\",\"inLanguage\":\"fr-FR\",\"@id\":\"https:\/\/picoytallo.com\/fr\/#\/schema\/logo\/image\/\",\"url\":\"https:\/\/picoytallo.com\/wp-content\/uploads\/2022\/03\/cropped-Productos-gourmet-picotallo.webp\",\"contentUrl\":\"https:\/\/picoytallo.com\/wp-content\/uploads\/2022\/03\/cropped-Productos-gourmet-picotallo.webp\",\"width\":1194,\"height\":314,\"caption\":\"Pico y Tallo\"},\"image\":{\"@id\":\"https:\/\/picoytallo.com\/fr\/#\/schema\/logo\/image\/\"}}]}<\/script>\n<!-- \/ Yoast SEO plugin. -->","yoast_head_json":{"title":"Miel d'abeille cru aux noix - Acheter du miel pur fait \u00e0 la main","description":"Achetez du miel de fleurs pur avec des noix \u00e0 Pico y Tallo. Authentique miel d'abeille brut \u00e0 base de fleurs et de noix. Acheter du miel artisanal.","robots":{"index":"index","follow":"follow","max-snippet":"max-snippet:-1","max-image-preview":"max-image-preview:large","max-video-preview":"max-video-preview:-1"},"canonical":"https:\/\/picoytallo.com\/fr\/producto\/miel-cru-aux-noix\/","og_locale":"fr_FR","og_type":"article","og_title":"Miel d'abeille cru aux noix - Acheter du miel pur fait \u00e0 la main","og_description":"Achetez du miel de fleurs pur avec des noix \u00e0 Pico y Tallo. Authentique miel d'abeille brut \u00e0 base de fleurs et de noix. Acheter du miel artisanal.","og_url":"https:\/\/picoytallo.com\/fr\/producto\/miel-cru-aux-noix\/","og_site_name":"Pico y Tallo","article_modified_time":"2024-11-10T02:12:00+00:00","og_image":[{"width":1200,"height":1200,"url":"https:\/\/picoytallo.com\/wp-content\/uploads\/2022\/12\/Miel-pura-con-nueces.webp","type":"image\/webp"}],"twitter_card":"summary_large_image","schema":{"@context":"https:\/\/schema.org","@graph":[{"@type":"WebPage","@id":"https:\/\/picoytallo.com\/fr\/producto\/miel-cru-aux-noix\/","url":"https:\/\/picoytallo.com\/fr\/producto\/miel-cru-aux-noix\/","name":"Miel d'abeille cru aux noix - Acheter du miel pur fait \u00e0 la main","isPartOf":{"@id":"https:\/\/picoytallo.com\/fr\/#website"},"primaryImageOfPage":{"@id":"https:\/\/picoytallo.com\/fr\/producto\/miel-cru-aux-noix\/#primaryimage"},"image":{"@id":"https:\/\/picoytallo.com\/fr\/producto\/miel-cru-aux-noix\/#primaryimage"},"thumbnailUrl":"https:\/\/picoytallo.com\/wp-content\/uploads\/2026\/04\/miel-cruda-de-tomillo-sin-filtrar.webp","datePublished":"2022-12-15T16:12:19+00:00","dateModified":"2024-11-10T02:12:00+00:00","description":"Achetez du miel de fleurs pur avec des noix \u00e0 Pico y Tallo. Authentique miel d'abeille brut \u00e0 base de fleurs et de noix. Acheter du miel artisanal.","breadcrumb":{"@id":"https:\/\/picoytallo.com\/fr\/producto\/miel-cru-aux-noix\/#breadcrumb"},"inLanguage":"fr-FR","potentialAction":[{"@type":"ReadAction","target":["https:\/\/picoytallo.com\/fr\/producto\/miel-cru-aux-noix\/"]}]},{"@type":"ImageObject","inLanguage":"fr-FR","@id":"https:\/\/picoytallo.com\/fr\/producto\/miel-cru-aux-noix\/#primaryimage","url":"https:\/\/picoytallo.com\/wp-content\/uploads\/2026\/04\/miel-cruda-de-tomillo-sin-filtrar.webp","contentUrl":"https:\/\/picoytallo.com\/wp-content\/uploads\/2026\/04\/miel-cruda-de-tomillo-sin-filtrar.webp","width":458,"height":458},{"@type":"BreadcrumbList","@id":"https:\/\/picoytallo.com\/fr\/producto\/miel-cru-aux-noix\/#breadcrumb","itemListElement":[{"@type":"ListItem","position":1,"name":"Portada","item":"https:\/\/picoytallo.com\/fr\/"},{"@type":"ListItem","position":2,"name":"Boutique","item":"https:\/\/picoytallo.com\/fr\/boutique\/"},{"@type":"ListItem","position":3,"name":"Miel cru aux noix"}]},{"@type":"WebSite","@id":"https:\/\/picoytallo.com\/fr\/#website","url":"https:\/\/picoytallo.com\/fr\/","name":"Pico y Tallo","description":"Productos Gourmet Online","publisher":{"@id":"https:\/\/picoytallo.com\/fr\/#organization"},"potentialAction":[{"@type":"SearchAction","target":{"@type":"EntryPoint","urlTemplate":"https:\/\/picoytallo.com\/fr\/?s={search_term_string}"},"query-input":{"@type":"PropertyValueSpecification","valueRequired":true,"valueName":"search_term_string"}}],"inLanguage":"fr-FR"},{"@type":"Organization","@id":"https:\/\/picoytallo.com\/fr\/#organization","name":"Pico y Tallo","url":"https:\/\/picoytallo.com\/fr\/","logo":{"@type":"ImageObject","inLanguage":"fr-FR","@id":"https:\/\/picoytallo.com\/fr\/#\/schema\/logo\/image\/","url":"https:\/\/picoytallo.com\/wp-content\/uploads\/2022\/03\/cropped-Productos-gourmet-picotallo.webp","contentUrl":"https:\/\/picoytallo.com\/wp-content\/uploads\/2022\/03\/cropped-Productos-gourmet-picotallo.webp","width":1194,"height":314,"caption":"Pico y Tallo"},"image":{"@id":"https:\/\/picoytallo.com\/fr\/#\/schema\/logo\/image\/"}}]}},"_links":{"self":[{"href":"https:\/\/picoytallo.com\/fr\/wp-json\/wp\/v2\/product\/3623","targetHints":{"allow":["GET"]}}],"collection":[{"href":"https:\/\/picoytallo.com\/fr\/wp-json\/wp\/v2\/product"}],"about":[{"href":"https:\/\/picoytallo.com\/fr\/wp-json\/wp\/v2\/types\/product"}],"replies":[{"embeddable":true,"href":"https:\/\/picoytallo.com\/fr\/wp-json\/wp\/v2\/comments?post=3623"}],"wp:featuredmedia":[{"embeddable":true,"href":"https:\/\/picoytallo.com\/fr\/wp-json\/wp\/v2\/media\/10316"}],"wp:attachment":[{"href":"https:\/\/picoytallo.com\/fr\/wp-json\/wp\/v2\/media?parent=3623"}],"wp:term":[{"taxonomy":"product_brand","embeddable":true,"href":"https:\/\/picoytallo.com\/fr\/wp-json\/wp\/v2\/product_brand?post=3623"},{"taxonomy":"product_cat","embeddable":true,"href":"https:\/\/picoytallo.com\/fr\/wp-json\/wp\/v2\/product_cat?post=3623"},{"taxonomy":"product_tag","embeddable":true,"href":"https:\/\/picoytallo.com\/fr\/wp-json\/wp\/v2\/product_tag?post=3623"}],"curies":[{"name":"wp","href":"https:\/\/api.w.org\/{rel}","templated":true}]}}