{"id":3634,"date":"2022-12-21T10:05:18","date_gmt":"2022-12-21T08:05:18","guid":{"rendered":"https:\/\/picoytallo.com\/producto\/vinaigrette-epicee-gourmet\/"},"modified":"2023-12-01T14:02:33","modified_gmt":"2023-12-01T12:02:33","slug":"alino-picante-gourmet","status":"publish","type":"product","link":"https:\/\/picoytallo.com\/fr\/producto\/alino-picante-gourmet\/","title":{"rendered":"Vinaigrette \u00e9pic\u00e9e Gourmet"},"content":{"rendered":"<h2>Vinaigrette gourmande<\/h2>\n<p>Convient pour l&rsquo;assaisonnement des salades, viandes, poissons et l\u00e9gumes. Ainsi que pour la production de sauces.<\/p>\n<p>R\u00e9cipient en verre.<\/p>\n<p>250 ml \/ 8.45 oz<\/p>\n<p>Ingr\u00e9dients :<\/p>\n<p>Vinaigre (contient des sulfites), tomates, sucre, orange, moutarde, miel, piment, oignon lyophilis\u00e9, \u00e9pices, herbes.<\/p>\n","protected":false},"excerpt":{"rendered":"<p>Vinaigrette gourmande \u00e0 base de vinaigre, tomates, sucre, orange, moutarde, miel, piment, oignon lyophilis\u00e9, \u00e9pices, herbes aromatiques.<\/p>\n<p>La combinaison la plus explosive.<\/p>\n<p>250 ml \/ 8.45 oz<\/p>\n","protected":false},"featured_media":2983,"comment_status":"open","ping_status":"closed","template":"","meta":[],"product_brand":[],"product_cat":[499],"product_tag":[547,546,500,503],"class_list":{"0":"post-3634","1":"product","2":"type-product","3":"status-publish","4":"has-post-thumbnail","6":"product_cat-vinaigrettes-et-sauces","7":"product_tag-cayenne-fr","8":"product_tag-epice","9":"product_tag-habillage","10":"product_tag-vinaigrette","12":"first","13":"instock","14":"shipping-taxable","15":"purchasable","16":"product-type-simple"},"yoast_head":"<!-- This site is optimized with the Yoast SEO plugin v26.9 - https:\/\/yoast.com\/product\/yoast-seo-wordpress\/ -->\n<title>Acheter Gourmet Spicy Cayenne Relish - Produits Gourmet<\/title>\n<meta name=\"description\" content=\"Magasinez les meilleures vinaigrettes et vinaigrettes gourmet id\u00e9ales pour les vinaigrettes, la viande, le poisson, les p\u00e2tes et bien plus encore. Bec et tige.\" \/>\n<meta name=\"robots\" content=\"index, follow, max-snippet:-1, max-image-preview:large, max-video-preview:-1\" \/>\n<link rel=\"canonical\" href=\"https:\/\/picoytallo.com\/fr\/producto\/alino-picante-gourmet\/\" \/>\n<meta property=\"og:locale\" content=\"fr_FR\" \/>\n<meta property=\"og:type\" content=\"article\" \/>\n<meta property=\"og:title\" content=\"Acheter Gourmet Spicy Cayenne Relish - Produits Gourmet\" \/>\n<meta property=\"og:description\" content=\"Magasinez les meilleures vinaigrettes et vinaigrettes gourmet id\u00e9ales pour les vinaigrettes, la viande, le poisson, les p\u00e2tes et bien plus encore. Bec et tige.\" \/>\n<meta property=\"og:url\" content=\"https:\/\/picoytallo.com\/fr\/producto\/alino-picante-gourmet\/\" \/>\n<meta property=\"og:site_name\" content=\"Pico y Tallo\" \/>\n<meta property=\"article:modified_time\" content=\"2023-12-01T12:02:33+00:00\" \/>\n<meta property=\"og:image\" content=\"https:\/\/picoytallo.com\/wp-content\/uploads\/2022\/12\/Alino-picante-cayena.webp\" \/>\n\t<meta property=\"og:image:width\" content=\"1000\" \/>\n\t<meta property=\"og:image:height\" content=\"1000\" \/>\n\t<meta property=\"og:image:type\" content=\"image\/webp\" \/>\n<meta name=\"twitter:card\" content=\"summary_large_image\" \/>\n<script type=\"application\/ld+json\" class=\"yoast-schema-graph\">{\"@context\":\"https:\/\/schema.org\",\"@graph\":[{\"@type\":\"WebPage\",\"@id\":\"https:\/\/picoytallo.com\/fr\/producto\/alino-picante-gourmet\/\",\"url\":\"https:\/\/picoytallo.com\/fr\/producto\/alino-picante-gourmet\/\",\"name\":\"Acheter Gourmet Spicy Cayenne Relish - Produits Gourmet\",\"isPartOf\":{\"@id\":\"https:\/\/picoytallo.com\/fr\/#website\"},\"primaryImageOfPage\":{\"@id\":\"https:\/\/picoytallo.com\/fr\/producto\/alino-picante-gourmet\/#primaryimage\"},\"image\":{\"@id\":\"https:\/\/picoytallo.com\/fr\/producto\/alino-picante-gourmet\/#primaryimage\"},\"thumbnailUrl\":\"https:\/\/picoytallo.com\/wp-content\/uploads\/2022\/12\/Alino-picante-cayena.webp\",\"datePublished\":\"2022-12-21T08:05:18+00:00\",\"dateModified\":\"2023-12-01T12:02:33+00:00\",\"description\":\"Magasinez les meilleures vinaigrettes et vinaigrettes gourmet id\u00e9ales pour les vinaigrettes, la viande, le poisson, les p\u00e2tes et bien plus encore. Bec et tige.\",\"breadcrumb\":{\"@id\":\"https:\/\/picoytallo.com\/fr\/producto\/alino-picante-gourmet\/#breadcrumb\"},\"inLanguage\":\"fr-FR\",\"potentialAction\":[{\"@type\":\"ReadAction\",\"target\":[\"https:\/\/picoytallo.com\/fr\/producto\/alino-picante-gourmet\/\"]}]},{\"@type\":\"ImageObject\",\"inLanguage\":\"fr-FR\",\"@id\":\"https:\/\/picoytallo.com\/fr\/producto\/alino-picante-gourmet\/#primaryimage\",\"url\":\"https:\/\/picoytallo.com\/wp-content\/uploads\/2022\/12\/Alino-picante-cayena.webp\",\"contentUrl\":\"https:\/\/picoytallo.com\/wp-content\/uploads\/2022\/12\/Alino-picante-cayena.webp\",\"width\":1000,\"height\":1000},{\"@type\":\"BreadcrumbList\",\"@id\":\"https:\/\/picoytallo.com\/fr\/producto\/alino-picante-gourmet\/#breadcrumb\",\"itemListElement\":[{\"@type\":\"ListItem\",\"position\":1,\"name\":\"Portada\",\"item\":\"https:\/\/picoytallo.com\/fr\/\"},{\"@type\":\"ListItem\",\"position\":2,\"name\":\"Boutique\",\"item\":\"https:\/\/picoytallo.com\/fr\/boutique\/\"},{\"@type\":\"ListItem\",\"position\":3,\"name\":\"Vinaigrette \u00e9pic\u00e9e Gourmet\"}]},{\"@type\":\"WebSite\",\"@id\":\"https:\/\/picoytallo.com\/fr\/#website\",\"url\":\"https:\/\/picoytallo.com\/fr\/\",\"name\":\"Pico y Tallo\",\"description\":\"Productos Gourmet Online\",\"publisher\":{\"@id\":\"https:\/\/picoytallo.com\/fr\/#organization\"},\"potentialAction\":[{\"@type\":\"SearchAction\",\"target\":{\"@type\":\"EntryPoint\",\"urlTemplate\":\"https:\/\/picoytallo.com\/fr\/?s={search_term_string}\"},\"query-input\":{\"@type\":\"PropertyValueSpecification\",\"valueRequired\":true,\"valueName\":\"search_term_string\"}}],\"inLanguage\":\"fr-FR\"},{\"@type\":\"Organization\",\"@id\":\"https:\/\/picoytallo.com\/fr\/#organization\",\"name\":\"Pico y Tallo\",\"url\":\"https:\/\/picoytallo.com\/fr\/\",\"logo\":{\"@type\":\"ImageObject\",\"inLanguage\":\"fr-FR\",\"@id\":\"https:\/\/picoytallo.com\/fr\/#\/schema\/logo\/image\/\",\"url\":\"https:\/\/picoytallo.com\/wp-content\/uploads\/2022\/03\/cropped-Productos-gourmet-picotallo.webp\",\"contentUrl\":\"https:\/\/picoytallo.com\/wp-content\/uploads\/2022\/03\/cropped-Productos-gourmet-picotallo.webp\",\"width\":1194,\"height\":314,\"caption\":\"Pico y Tallo\"},\"image\":{\"@id\":\"https:\/\/picoytallo.com\/fr\/#\/schema\/logo\/image\/\"}}]}<\/script>\n<!-- \/ Yoast SEO plugin. -->","yoast_head_json":{"title":"Acheter Gourmet Spicy Cayenne Relish - Produits Gourmet","description":"Magasinez les meilleures vinaigrettes et vinaigrettes gourmet id\u00e9ales pour les vinaigrettes, la viande, le poisson, les p\u00e2tes et bien plus encore. Bec et tige.","robots":{"index":"index","follow":"follow","max-snippet":"max-snippet:-1","max-image-preview":"max-image-preview:large","max-video-preview":"max-video-preview:-1"},"canonical":"https:\/\/picoytallo.com\/fr\/producto\/alino-picante-gourmet\/","og_locale":"fr_FR","og_type":"article","og_title":"Acheter Gourmet Spicy Cayenne Relish - Produits Gourmet","og_description":"Magasinez les meilleures vinaigrettes et vinaigrettes gourmet id\u00e9ales pour les vinaigrettes, la viande, le poisson, les p\u00e2tes et bien plus encore. Bec et tige.","og_url":"https:\/\/picoytallo.com\/fr\/producto\/alino-picante-gourmet\/","og_site_name":"Pico y Tallo","article_modified_time":"2023-12-01T12:02:33+00:00","og_image":[{"width":1000,"height":1000,"url":"https:\/\/picoytallo.com\/wp-content\/uploads\/2022\/12\/Alino-picante-cayena.webp","type":"image\/webp"}],"twitter_card":"summary_large_image","schema":{"@context":"https:\/\/schema.org","@graph":[{"@type":"WebPage","@id":"https:\/\/picoytallo.com\/fr\/producto\/alino-picante-gourmet\/","url":"https:\/\/picoytallo.com\/fr\/producto\/alino-picante-gourmet\/","name":"Acheter Gourmet Spicy Cayenne Relish - Produits Gourmet","isPartOf":{"@id":"https:\/\/picoytallo.com\/fr\/#website"},"primaryImageOfPage":{"@id":"https:\/\/picoytallo.com\/fr\/producto\/alino-picante-gourmet\/#primaryimage"},"image":{"@id":"https:\/\/picoytallo.com\/fr\/producto\/alino-picante-gourmet\/#primaryimage"},"thumbnailUrl":"https:\/\/picoytallo.com\/wp-content\/uploads\/2022\/12\/Alino-picante-cayena.webp","datePublished":"2022-12-21T08:05:18+00:00","dateModified":"2023-12-01T12:02:33+00:00","description":"Magasinez les meilleures vinaigrettes et vinaigrettes gourmet id\u00e9ales pour les vinaigrettes, la viande, le poisson, les p\u00e2tes et bien plus encore. Bec et tige.","breadcrumb":{"@id":"https:\/\/picoytallo.com\/fr\/producto\/alino-picante-gourmet\/#breadcrumb"},"inLanguage":"fr-FR","potentialAction":[{"@type":"ReadAction","target":["https:\/\/picoytallo.com\/fr\/producto\/alino-picante-gourmet\/"]}]},{"@type":"ImageObject","inLanguage":"fr-FR","@id":"https:\/\/picoytallo.com\/fr\/producto\/alino-picante-gourmet\/#primaryimage","url":"https:\/\/picoytallo.com\/wp-content\/uploads\/2022\/12\/Alino-picante-cayena.webp","contentUrl":"https:\/\/picoytallo.com\/wp-content\/uploads\/2022\/12\/Alino-picante-cayena.webp","width":1000,"height":1000},{"@type":"BreadcrumbList","@id":"https:\/\/picoytallo.com\/fr\/producto\/alino-picante-gourmet\/#breadcrumb","itemListElement":[{"@type":"ListItem","position":1,"name":"Portada","item":"https:\/\/picoytallo.com\/fr\/"},{"@type":"ListItem","position":2,"name":"Boutique","item":"https:\/\/picoytallo.com\/fr\/boutique\/"},{"@type":"ListItem","position":3,"name":"Vinaigrette \u00e9pic\u00e9e Gourmet"}]},{"@type":"WebSite","@id":"https:\/\/picoytallo.com\/fr\/#website","url":"https:\/\/picoytallo.com\/fr\/","name":"Pico y Tallo","description":"Productos Gourmet Online","publisher":{"@id":"https:\/\/picoytallo.com\/fr\/#organization"},"potentialAction":[{"@type":"SearchAction","target":{"@type":"EntryPoint","urlTemplate":"https:\/\/picoytallo.com\/fr\/?s={search_term_string}"},"query-input":{"@type":"PropertyValueSpecification","valueRequired":true,"valueName":"search_term_string"}}],"inLanguage":"fr-FR"},{"@type":"Organization","@id":"https:\/\/picoytallo.com\/fr\/#organization","name":"Pico y Tallo","url":"https:\/\/picoytallo.com\/fr\/","logo":{"@type":"ImageObject","inLanguage":"fr-FR","@id":"https:\/\/picoytallo.com\/fr\/#\/schema\/logo\/image\/","url":"https:\/\/picoytallo.com\/wp-content\/uploads\/2022\/03\/cropped-Productos-gourmet-picotallo.webp","contentUrl":"https:\/\/picoytallo.com\/wp-content\/uploads\/2022\/03\/cropped-Productos-gourmet-picotallo.webp","width":1194,"height":314,"caption":"Pico y Tallo"},"image":{"@id":"https:\/\/picoytallo.com\/fr\/#\/schema\/logo\/image\/"}}]}},"_links":{"self":[{"href":"https:\/\/picoytallo.com\/fr\/wp-json\/wp\/v2\/product\/3634","targetHints":{"allow":["GET"]}}],"collection":[{"href":"https:\/\/picoytallo.com\/fr\/wp-json\/wp\/v2\/product"}],"about":[{"href":"https:\/\/picoytallo.com\/fr\/wp-json\/wp\/v2\/types\/product"}],"replies":[{"embeddable":true,"href":"https:\/\/picoytallo.com\/fr\/wp-json\/wp\/v2\/comments?post=3634"}],"wp:featuredmedia":[{"embeddable":true,"href":"https:\/\/picoytallo.com\/fr\/wp-json\/wp\/v2\/media\/2983"}],"wp:attachment":[{"href":"https:\/\/picoytallo.com\/fr\/wp-json\/wp\/v2\/media?parent=3634"}],"wp:term":[{"taxonomy":"product_brand","embeddable":true,"href":"https:\/\/picoytallo.com\/fr\/wp-json\/wp\/v2\/product_brand?post=3634"},{"taxonomy":"product_cat","embeddable":true,"href":"https:\/\/picoytallo.com\/fr\/wp-json\/wp\/v2\/product_cat?post=3634"},{"taxonomy":"product_tag","embeddable":true,"href":"https:\/\/picoytallo.com\/fr\/wp-json\/wp\/v2\/product_tag?post=3634"}],"curies":[{"name":"wp","href":"https:\/\/api.w.org\/{rel}","templated":true}]}}