{"id":4588,"date":"2024-09-01T12:53:49","date_gmt":"2024-09-01T10:53:49","guid":{"rendered":"https:\/\/picoytallo.com\/producto\/oranges-de-valence\/"},"modified":"2024-09-01T12:53:49","modified_gmt":"2024-09-01T10:53:49","slug":"comprar-naranjas-valencia-online","status":"publish","type":"product","link":"https:\/\/picoytallo.com\/fr\/producto\/comprar-naranjas-valencia-online\/","title":{"rendered":"Oranges de Valence"},"content":{"rendered":"<h2>Oranges de Valence : fra\u00eecheur et saveur \u00e0 domicile<\/h2>\n<p>  Plongez dans le go\u00fbt authentique de Valence avec nos oranges, r\u00e9colt\u00e9es \u00e0 maturit\u00e9 optimale dans les vergers fertiles de la M\u00e9diterran\u00e9e.<br \/>\nCes oranges sont r\u00e9put\u00e9es dans le monde entier pour leur jutosit\u00e9 in\u00e9gal\u00e9e et leur douceur naturelle, qui refl\u00e8tent la qualit\u00e9 et la passion avec lesquelles elles sont cultiv\u00e9es.   <\/p>\n<h3>Caract\u00e9ristiques du produit :<\/h3>\n<ul>\n<li><strong>Origine<\/strong>: directement de Valence, Espagne.<\/li>\n<li><strong>Qualit\u00e9<\/strong>: S\u00e9lectionn\u00e9s et r\u00e9colt\u00e9s \u00e0 la main pour garantir une fra\u00eecheur maximale.<\/li>\n<li><strong>Go\u00fbt<\/strong>: Equilibre parfait entre la douceur et l&rsquo;acidit\u00e9, avec beaucoup de jus.<\/li>\n<li><strong>Formats<\/strong>: Options d&rsquo;achat en formats 2 kg, 5 kg et 10 kg.<\/li>\n<\/ul>\n<h3>Avantages :<\/h3>\n<ul>\n<li><strong>Riche en vitamine C<\/strong>: id\u00e9al pour renforcer le syst\u00e8me immunitaire.<\/li>\n<li><strong>Antioxydants naturels<\/strong>: favorisent la sant\u00e9 de la peau et luttent contre le vieillissement.<\/li>\n<li><strong>Polyvalence dans la cuisine<\/strong>: parfait pour les jus, les salades, les desserts et bien plus encore.<\/li>\n<\/ul>\n<h3>Pourquoi choisir nos Valencia Oranges ?<\/h3>\n<p>  Chaque orange est cultiv\u00e9e selon des normes de qualit\u00e9 strictes qui garantissent non seulement son go\u00fbt sup\u00e9rieur, mais aussi sa contribution \u00e0 un r\u00e9gime alimentaire sain.<br \/>\n\u00c0 chaque commande, nous apportons la fra\u00eecheur du verger directement \u00e0 votre porte, sans interm\u00e9diaire, en pr\u00e9servant l&rsquo;int\u00e9grit\u00e9 et les nutriments de chaque fruit.   <\/p>\n<h4>Comment les appr\u00e9cier ?<\/h4>\n<p>  Savourez nos oranges Valencia \u00e0 tout moment de la journ\u00e9e.<br \/>\nPressez-les pour obtenir un jus frais le matin, utilisez-les dans des salades color\u00e9es pour le d\u00e9jeuner ou transformez-les en un dessert l\u00e9ger et rafra\u00eechissant le soir.   <\/p>\n<h3><strong>Achetez maintenant \u00e0 domicile<\/strong><\/h3>\n<p>  N&rsquo;attendez pas pour appr\u00e9cier le go\u00fbt authentique de Valencia.<br \/>\nCommandez maintenant et d\u00e9couvrez le go\u00fbt des oranges les plus fra\u00eeches et les plus d\u00e9licieuses disponibles sur le march\u00e9.<br \/>\nParfaites pour vous-m\u00eame, comme cadeau ou pour toute occasion sp\u00e9ciale.  <\/p>\n","protected":false},"excerpt":{"rendered":"<h3>Oranges de table ou jus de Valencias<\/h3>\n<p>  D\u00e9couvrez le go\u00fbt authentique de Valence avec nos oranges fra\u00eeches et juteuses, cultiv\u00e9es avec passion et d\u00e9vouement.<br \/>\nN&rsquo;attendez plus, go\u00fbtez la diff\u00e9rence de qualit\u00e9 en provenance directe des champs valenciens. <\/p>\n","protected":false},"featured_media":4574,"comment_status":"open","ping_status":"closed","template":"","meta":[],"product_brand":[],"product_cat":[735,736],"product_tag":[737,738,740,739,741],"class_list":{"0":"post-4588","1":"product","2":"type-product","3":"status-publish","4":"has-post-thumbnail","6":"product_cat-fruits-fr","7":"product_cat-oranges-fr","8":"product_tag-fruits-fr","9":"product_tag-oranges-fr","10":"product_tag-oranges-de-valence-fr","11":"product_tag-oranges-de-valence","12":"product_tag-oranges-en-ligne","14":"first","15":"instock","16":"shipping-taxable","17":"purchasable","18":"product-type-variable"},"yoast_head":"<!-- This site is optimized with the Yoast SEO plugin v26.9 - https:\/\/yoast.com\/product\/yoast-seo-wordpress\/ -->\n<title>Achetez des oranges de saison de Valencia Online - Pico y Tallo<\/title>\n<meta name=\"description\" content=\"D\u00e9couvrez les meilleures oranges de Valence en ligne, achetez maintenant des oranges de Valence de saison directement aupr\u00e8s des agriculteurs locaux.\" \/>\n<meta name=\"robots\" content=\"index, follow, max-snippet:-1, max-image-preview:large, max-video-preview:-1\" \/>\n<link rel=\"canonical\" href=\"https:\/\/picoytallo.com\/fr\/producto\/comprar-naranjas-valencia-online\/\" \/>\n<meta property=\"og:locale\" content=\"fr_FR\" \/>\n<meta property=\"og:type\" content=\"article\" \/>\n<meta property=\"og:title\" content=\"Achetez des oranges de saison de Valencia Online - Pico y Tallo\" \/>\n<meta property=\"og:description\" content=\"D\u00e9couvrez les meilleures oranges de Valence en ligne, achetez maintenant des oranges de Valence de saison directement aupr\u00e8s des agriculteurs locaux.\" \/>\n<meta property=\"og:url\" content=\"https:\/\/picoytallo.com\/fr\/producto\/comprar-naranjas-valencia-online\/\" \/>\n<meta property=\"og:site_name\" content=\"Pico y Tallo\" \/>\n<meta property=\"og:image\" content=\"https:\/\/picoytallo.com\/wp-content\/uploads\/2024\/09\/Comprar-naranja-valencia.webp\" \/>\n\t<meta property=\"og:image:width\" content=\"1200\" \/>\n\t<meta property=\"og:image:height\" content=\"1200\" \/>\n\t<meta property=\"og:image:type\" content=\"image\/webp\" \/>\n<meta name=\"twitter:card\" content=\"summary_large_image\" \/>\n<meta name=\"twitter:label1\" content=\"Dur\u00e9e de lecture estim\u00e9e\" \/>\n\t<meta name=\"twitter:data1\" content=\"2 minutes\" \/>\n<script type=\"application\/ld+json\" class=\"yoast-schema-graph\">{\"@context\":\"https:\/\/schema.org\",\"@graph\":[{\"@type\":\"WebPage\",\"@id\":\"https:\/\/picoytallo.com\/fr\/producto\/comprar-naranjas-valencia-online\/\",\"url\":\"https:\/\/picoytallo.com\/fr\/producto\/comprar-naranjas-valencia-online\/\",\"name\":\"Achetez des oranges de saison de Valencia Online - Pico y Tallo\",\"isPartOf\":{\"@id\":\"https:\/\/picoytallo.com\/fr\/#website\"},\"primaryImageOfPage\":{\"@id\":\"https:\/\/picoytallo.com\/fr\/producto\/comprar-naranjas-valencia-online\/#primaryimage\"},\"image\":{\"@id\":\"https:\/\/picoytallo.com\/fr\/producto\/comprar-naranjas-valencia-online\/#primaryimage\"},\"thumbnailUrl\":\"https:\/\/picoytallo.com\/wp-content\/uploads\/2024\/09\/Comprar-naranja-valencia.webp\",\"datePublished\":\"2024-09-01T10:53:49+00:00\",\"description\":\"D\u00e9couvrez les meilleures oranges de Valence en ligne, achetez maintenant des oranges de Valence de saison directement aupr\u00e8s des agriculteurs locaux.\",\"breadcrumb\":{\"@id\":\"https:\/\/picoytallo.com\/fr\/producto\/comprar-naranjas-valencia-online\/#breadcrumb\"},\"inLanguage\":\"fr-FR\",\"potentialAction\":[{\"@type\":\"ReadAction\",\"target\":[\"https:\/\/picoytallo.com\/fr\/producto\/comprar-naranjas-valencia-online\/\"]}]},{\"@type\":\"ImageObject\",\"inLanguage\":\"fr-FR\",\"@id\":\"https:\/\/picoytallo.com\/fr\/producto\/comprar-naranjas-valencia-online\/#primaryimage\",\"url\":\"https:\/\/picoytallo.com\/wp-content\/uploads\/2024\/09\/Comprar-naranja-valencia.webp\",\"contentUrl\":\"https:\/\/picoytallo.com\/wp-content\/uploads\/2024\/09\/Comprar-naranja-valencia.webp\",\"width\":1200,\"height\":1200,\"caption\":\"Comprar naranja valenciana\"},{\"@type\":\"BreadcrumbList\",\"@id\":\"https:\/\/picoytallo.com\/fr\/producto\/comprar-naranjas-valencia-online\/#breadcrumb\",\"itemListElement\":[{\"@type\":\"ListItem\",\"position\":1,\"name\":\"Portada\",\"item\":\"https:\/\/picoytallo.com\/fr\/\"},{\"@type\":\"ListItem\",\"position\":2,\"name\":\"Boutique\",\"item\":\"https:\/\/picoytallo.com\/fr\/boutique\/\"},{\"@type\":\"ListItem\",\"position\":3,\"name\":\"Oranges de Valence\"}]},{\"@type\":\"WebSite\",\"@id\":\"https:\/\/picoytallo.com\/fr\/#website\",\"url\":\"https:\/\/picoytallo.com\/fr\/\",\"name\":\"Pico y Tallo\",\"description\":\"Productos Gourmet Online\",\"publisher\":{\"@id\":\"https:\/\/picoytallo.com\/fr\/#organization\"},\"potentialAction\":[{\"@type\":\"SearchAction\",\"target\":{\"@type\":\"EntryPoint\",\"urlTemplate\":\"https:\/\/picoytallo.com\/fr\/?s={search_term_string}\"},\"query-input\":{\"@type\":\"PropertyValueSpecification\",\"valueRequired\":true,\"valueName\":\"search_term_string\"}}],\"inLanguage\":\"fr-FR\"},{\"@type\":\"Organization\",\"@id\":\"https:\/\/picoytallo.com\/fr\/#organization\",\"name\":\"Pico y Tallo\",\"url\":\"https:\/\/picoytallo.com\/fr\/\",\"logo\":{\"@type\":\"ImageObject\",\"inLanguage\":\"fr-FR\",\"@id\":\"https:\/\/picoytallo.com\/fr\/#\/schema\/logo\/image\/\",\"url\":\"https:\/\/picoytallo.com\/wp-content\/uploads\/2022\/03\/cropped-Productos-gourmet-picotallo.webp\",\"contentUrl\":\"https:\/\/picoytallo.com\/wp-content\/uploads\/2022\/03\/cropped-Productos-gourmet-picotallo.webp\",\"width\":1194,\"height\":314,\"caption\":\"Pico y Tallo\"},\"image\":{\"@id\":\"https:\/\/picoytallo.com\/fr\/#\/schema\/logo\/image\/\"}}]}<\/script>\n<!-- \/ Yoast SEO plugin. -->","yoast_head_json":{"title":"Achetez des oranges de saison de Valencia Online - Pico y Tallo","description":"D\u00e9couvrez les meilleures oranges de Valence en ligne, achetez maintenant des oranges de Valence de saison directement aupr\u00e8s des agriculteurs locaux.","robots":{"index":"index","follow":"follow","max-snippet":"max-snippet:-1","max-image-preview":"max-image-preview:large","max-video-preview":"max-video-preview:-1"},"canonical":"https:\/\/picoytallo.com\/fr\/producto\/comprar-naranjas-valencia-online\/","og_locale":"fr_FR","og_type":"article","og_title":"Achetez des oranges de saison de Valencia Online - Pico y Tallo","og_description":"D\u00e9couvrez les meilleures oranges de Valence en ligne, achetez maintenant des oranges de Valence de saison directement aupr\u00e8s des agriculteurs locaux.","og_url":"https:\/\/picoytallo.com\/fr\/producto\/comprar-naranjas-valencia-online\/","og_site_name":"Pico y Tallo","og_image":[{"width":1200,"height":1200,"url":"https:\/\/picoytallo.com\/wp-content\/uploads\/2024\/09\/Comprar-naranja-valencia.webp","type":"image\/webp"}],"twitter_card":"summary_large_image","twitter_misc":{"Dur\u00e9e de lecture estim\u00e9e":"2 minutes"},"schema":{"@context":"https:\/\/schema.org","@graph":[{"@type":"WebPage","@id":"https:\/\/picoytallo.com\/fr\/producto\/comprar-naranjas-valencia-online\/","url":"https:\/\/picoytallo.com\/fr\/producto\/comprar-naranjas-valencia-online\/","name":"Achetez des oranges de saison de Valencia Online - Pico y Tallo","isPartOf":{"@id":"https:\/\/picoytallo.com\/fr\/#website"},"primaryImageOfPage":{"@id":"https:\/\/picoytallo.com\/fr\/producto\/comprar-naranjas-valencia-online\/#primaryimage"},"image":{"@id":"https:\/\/picoytallo.com\/fr\/producto\/comprar-naranjas-valencia-online\/#primaryimage"},"thumbnailUrl":"https:\/\/picoytallo.com\/wp-content\/uploads\/2024\/09\/Comprar-naranja-valencia.webp","datePublished":"2024-09-01T10:53:49+00:00","description":"D\u00e9couvrez les meilleures oranges de Valence en ligne, achetez maintenant des oranges de Valence de saison directement aupr\u00e8s des agriculteurs locaux.","breadcrumb":{"@id":"https:\/\/picoytallo.com\/fr\/producto\/comprar-naranjas-valencia-online\/#breadcrumb"},"inLanguage":"fr-FR","potentialAction":[{"@type":"ReadAction","target":["https:\/\/picoytallo.com\/fr\/producto\/comprar-naranjas-valencia-online\/"]}]},{"@type":"ImageObject","inLanguage":"fr-FR","@id":"https:\/\/picoytallo.com\/fr\/producto\/comprar-naranjas-valencia-online\/#primaryimage","url":"https:\/\/picoytallo.com\/wp-content\/uploads\/2024\/09\/Comprar-naranja-valencia.webp","contentUrl":"https:\/\/picoytallo.com\/wp-content\/uploads\/2024\/09\/Comprar-naranja-valencia.webp","width":1200,"height":1200,"caption":"Comprar naranja valenciana"},{"@type":"BreadcrumbList","@id":"https:\/\/picoytallo.com\/fr\/producto\/comprar-naranjas-valencia-online\/#breadcrumb","itemListElement":[{"@type":"ListItem","position":1,"name":"Portada","item":"https:\/\/picoytallo.com\/fr\/"},{"@type":"ListItem","position":2,"name":"Boutique","item":"https:\/\/picoytallo.com\/fr\/boutique\/"},{"@type":"ListItem","position":3,"name":"Oranges de Valence"}]},{"@type":"WebSite","@id":"https:\/\/picoytallo.com\/fr\/#website","url":"https:\/\/picoytallo.com\/fr\/","name":"Pico y Tallo","description":"Productos Gourmet Online","publisher":{"@id":"https:\/\/picoytallo.com\/fr\/#organization"},"potentialAction":[{"@type":"SearchAction","target":{"@type":"EntryPoint","urlTemplate":"https:\/\/picoytallo.com\/fr\/?s={search_term_string}"},"query-input":{"@type":"PropertyValueSpecification","valueRequired":true,"valueName":"search_term_string"}}],"inLanguage":"fr-FR"},{"@type":"Organization","@id":"https:\/\/picoytallo.com\/fr\/#organization","name":"Pico y Tallo","url":"https:\/\/picoytallo.com\/fr\/","logo":{"@type":"ImageObject","inLanguage":"fr-FR","@id":"https:\/\/picoytallo.com\/fr\/#\/schema\/logo\/image\/","url":"https:\/\/picoytallo.com\/wp-content\/uploads\/2022\/03\/cropped-Productos-gourmet-picotallo.webp","contentUrl":"https:\/\/picoytallo.com\/wp-content\/uploads\/2022\/03\/cropped-Productos-gourmet-picotallo.webp","width":1194,"height":314,"caption":"Pico y Tallo"},"image":{"@id":"https:\/\/picoytallo.com\/fr\/#\/schema\/logo\/image\/"}}]}},"_links":{"self":[{"href":"https:\/\/picoytallo.com\/fr\/wp-json\/wp\/v2\/product\/4588","targetHints":{"allow":["GET"]}}],"collection":[{"href":"https:\/\/picoytallo.com\/fr\/wp-json\/wp\/v2\/product"}],"about":[{"href":"https:\/\/picoytallo.com\/fr\/wp-json\/wp\/v2\/types\/product"}],"replies":[{"embeddable":true,"href":"https:\/\/picoytallo.com\/fr\/wp-json\/wp\/v2\/comments?post=4588"}],"wp:featuredmedia":[{"embeddable":true,"href":"https:\/\/picoytallo.com\/fr\/wp-json\/wp\/v2\/media\/4574"}],"wp:attachment":[{"href":"https:\/\/picoytallo.com\/fr\/wp-json\/wp\/v2\/media?parent=4588"}],"wp:term":[{"taxonomy":"product_brand","embeddable":true,"href":"https:\/\/picoytallo.com\/fr\/wp-json\/wp\/v2\/product_brand?post=4588"},{"taxonomy":"product_cat","embeddable":true,"href":"https:\/\/picoytallo.com\/fr\/wp-json\/wp\/v2\/product_cat?post=4588"},{"taxonomy":"product_tag","embeddable":true,"href":"https:\/\/picoytallo.com\/fr\/wp-json\/wp\/v2\/product_tag?post=4588"}],"curies":[{"name":"wp","href":"https:\/\/api.w.org\/{rel}","templated":true}]}}