{"id":4790,"date":"2024-10-07T17:13:11","date_gmt":"2024-10-07T15:13:11","guid":{"rendered":"https:\/\/picoytallo.com\/producto\/gateau-de-crabe-produit-gourmet-de-fabrication-artisanale\/"},"modified":"2024-10-07T17:13:11","modified_gmt":"2024-10-07T15:13:11","slug":"fait-main-artisan-cupcakes-buy","status":"publish","type":"product","link":"https:\/\/picoytallo.com\/fr\/producto\/fait-main-artisan-cupcakes-buy\/","title":{"rendered":"G\u00e2teau de crabe &#8211; Produit gourmet de fabrication artisanale"},"content":{"rendered":"<article class=\"4ever-article\" data-clipboard-cangjie=\"[\"root\",{\"copyFrom\":33891801},[\"p\",{\"jc\":\"left\",\"ind\":{},\"spacing\":{}},[\"span\",{\"data-type\":\"text\"},[\"span\",{\"bold\":true,\"color\":\"rgb(34, 34, 34)\",\"highlight\":\"rgba(235, 191, 96, 0.5)\",\"sz\":12,\"szUnit\":\"pt\",\"data-type\":\"leaf\"},\"Descubre este aperitivo \u00fanico para los amantes del aut\u00e9ntico sabor a mar.\"]]],[\"p\",{\"jc\":\"left\",\"ind\":{},\"spacing\":{}},[\"span\",{\"data-type\":\"text\"},[\"span\",{\"color\":\"rgb(34, 34, 34)\",\"highlight\":\"rgba(235, 191, 96, 0.5)\",\"sz\":12,\"szUnit\":\"pt\",\"data-type\":\"leaf\"},\"Elaborado artesanalmente y decant\u00e1ndonos por producto procedente del Mar Cant\u00e1brico, resulta suave al paladar y potente sabor a marisco.\"]]],[\"p\",{\"jc\":\"left\",\"ind\":{},\"spacing\":{}},[\"span\",{\"data-type\":\"text\"},[\"span\",{\"data-type\":\"leaf\"},\"\"]]],[\"p\",{\"jc\":\"left\",\"ind\":{},\"spacing\":{}},[\"span\",{\"data-type\":\"text\"},[\"span\",{\"color\":\"rgb(34, 34, 34)\",\"highlight\":\"rgba(235, 191, 96, 0.5)\",\"sz\":12,\"szUnit\":\"pt\",\"data-type\":\"leaf\"},\"Ingredientes: Clara de huevo l\u00edquido, n\u00e9cora (crust\u00e1ceo) (22%), tomate, nata l\u00edquida, vino Pedro Xim\u00e9nez, sal marina, pimienta negra.\"]]]]\">\n<h2>Le go\u00fbt authentique de la mer : le g\u00e2teau de crabe<\/h2>\n<p><strong>D\u00e9couvrez ce hors-d&rsquo;\u0153uvre unique pour ceux qui aiment le go\u00fbt authentique de la mer.<\/strong><\/p>\n<p>Fabriqu\u00e9 \u00e0 la main et \u00e0 partir de produits de la mer Cantabrique, il est doux en bouche et poss\u00e8de un puissant go\u00fbt de fruits de mer.<\/p>\n<p>&nbsp;<\/p>\n<p>Ingr\u00e9dients : Blanc d&rsquo;\u0153uf liquide, crabe (crustac\u00e9) (22%), tomate, cr\u00e8me, vin Pedro Xim\u00e9nez, sel marin, poivre noir.<\/p>\n<\/article>\n","protected":false},"excerpt":{"rendered":"<p>D<strong>\u00e9couvrez cet ap\u00e9ritif unique pour ceux qui aiment le go\u00fbt authentique de la mer.<\/strong> Il est fait \u00e0 la main et \u00e9labor\u00e9 \u00e0 partir de produits de la mer Cantabrique. Il est doux en bouche et a un go\u00fbt puissant de fruits de mer.<\/p>\n","protected":false},"featured_media":4757,"comment_status":"open","ping_status":"closed","template":"","meta":[],"product_brand":[],"product_cat":[359,1060],"product_tag":[],"class_list":{"0":"post-4790","1":"product","2":"type-product","3":"status-publish","4":"has-post-thumbnail","6":"product_cat-produits-gastronomiques","7":"product_cat-conserves","9":"first","10":"instock","11":"shipping-taxable","12":"purchasable","13":"product-type-simple"},"yoast_head":"<!-- This site is optimized with the Yoast SEO plugin v27.4 - https:\/\/yoast.com\/product\/yoast-seo-wordpress\/ -->\n<title>G\u00e2teau de crabe - Ap\u00e9ritifs et produits gourmands faits maison<\/title>\n<meta name=\"description\" content=\"Go\u00fbtez \u00e0 cette entr\u00e9e id\u00e9ale pour les palais les plus gourmands : le g\u00e2teau de crabe. Achetez des produits et des en-cas en ligne.\" \/>\n<meta name=\"robots\" content=\"index, follow, max-snippet:-1, max-image-preview:large, max-video-preview:-1\" \/>\n<link rel=\"canonical\" href=\"https:\/\/picoytallo.com\/fr\/producto\/fait-main-artisan-cupcakes-buy\/\" \/>\n<meta property=\"og:locale\" content=\"fr_FR\" \/>\n<meta property=\"og:type\" content=\"article\" \/>\n<meta property=\"og:title\" content=\"G\u00e2teau de crabe - Ap\u00e9ritifs et produits gourmands faits maison\" \/>\n<meta property=\"og:description\" content=\"Go\u00fbtez \u00e0 cette entr\u00e9e id\u00e9ale pour les palais les plus gourmands : le g\u00e2teau de crabe. Achetez des produits et des en-cas en ligne.\" \/>\n<meta property=\"og:url\" content=\"https:\/\/picoytallo.com\/fr\/producto\/fait-main-artisan-cupcakes-buy\/\" \/>\n<meta property=\"og:site_name\" content=\"Pico y Tallo\" \/>\n<meta property=\"og:image\" content=\"https:\/\/picoytallo.com\/wp-content\/uploads\/2024\/10\/Pastel-necoras.webp\" \/>\n\t<meta property=\"og:image:width\" content=\"1080\" \/>\n\t<meta property=\"og:image:height\" content=\"1080\" \/>\n\t<meta property=\"og:image:type\" content=\"image\/webp\" \/>\n<meta name=\"twitter:card\" content=\"summary_large_image\" \/>\n<meta name=\"twitter:label1\" content=\"Prix\" \/>\n\t<meta name=\"twitter:data1\" content=\"10,00&euro;\" \/>\n\t<meta name=\"twitter:label2\" content=\"Disponibilit\u00e9\" \/>\n\t<meta name=\"twitter:data2\" content=\"En stock\" \/>\n<script type=\"application\/ld+json\" class=\"yoast-schema-graph\">{\"@context\":\"https:\\\/\\\/schema.org\",\"@graph\":[{\"@type\":\"WebPage\",\"@id\":\"https:\\\/\\\/picoytallo.com\\\/fr\\\/producto\\\/fait-main-artisan-cupcakes-buy\\\/\",\"url\":\"https:\\\/\\\/picoytallo.com\\\/fr\\\/producto\\\/fait-main-artisan-cupcakes-buy\\\/\",\"name\":\"G\u00e2teau de crabe - Ap\u00e9ritifs et produits gourmands faits maison\",\"isPartOf\":{\"@id\":\"https:\\\/\\\/picoytallo.com\\\/fr\\\/#website\"},\"primaryImageOfPage\":{\"@id\":\"https:\\\/\\\/picoytallo.com\\\/fr\\\/producto\\\/fait-main-artisan-cupcakes-buy\\\/#primaryimage\"},\"image\":{\"@id\":\"https:\\\/\\\/picoytallo.com\\\/fr\\\/producto\\\/fait-main-artisan-cupcakes-buy\\\/#primaryimage\"},\"thumbnailUrl\":\"https:\\\/\\\/picoytallo.com\\\/wp-content\\\/uploads\\\/2024\\\/10\\\/Pastel-necoras.webp\",\"datePublished\":\"2024-10-07T15:13:11+00:00\",\"description\":\"Go\u00fbtez \u00e0 cette entr\u00e9e id\u00e9ale pour les palais les plus gourmands : le g\u00e2teau de crabe. Achetez des produits et des en-cas en ligne.\",\"breadcrumb\":{\"@id\":\"https:\\\/\\\/picoytallo.com\\\/fr\\\/producto\\\/fait-main-artisan-cupcakes-buy\\\/#breadcrumb\"},\"inLanguage\":\"fr-FR\",\"potentialAction\":[{\"@type\":\"ReadAction\",\"target\":[\"https:\\\/\\\/picoytallo.com\\\/fr\\\/producto\\\/fait-main-artisan-cupcakes-buy\\\/\"]}]},{\"@type\":\"ImageObject\",\"inLanguage\":\"fr-FR\",\"@id\":\"https:\\\/\\\/picoytallo.com\\\/fr\\\/producto\\\/fait-main-artisan-cupcakes-buy\\\/#primaryimage\",\"url\":\"https:\\\/\\\/picoytallo.com\\\/wp-content\\\/uploads\\\/2024\\\/10\\\/Pastel-necoras.webp\",\"contentUrl\":\"https:\\\/\\\/picoytallo.com\\\/wp-content\\\/uploads\\\/2024\\\/10\\\/Pastel-necoras.webp\",\"width\":1080,\"height\":1080,\"caption\":\"Comprar pastel de necoras\"},{\"@type\":\"BreadcrumbList\",\"@id\":\"https:\\\/\\\/picoytallo.com\\\/fr\\\/producto\\\/fait-main-artisan-cupcakes-buy\\\/#breadcrumb\",\"itemListElement\":[{\"@type\":\"ListItem\",\"position\":1,\"name\":\"Portada\",\"item\":\"https:\\\/\\\/picoytallo.com\\\/fr\\\/\"},{\"@type\":\"ListItem\",\"position\":2,\"name\":\"Boutique\",\"item\":\"https:\\\/\\\/picoytallo.com\\\/fr\\\/boutique\\\/\"},{\"@type\":\"ListItem\",\"position\":3,\"name\":\"G\u00e2teau de crabe &#8211; Produit gourmet de fabrication artisanale\"}]},{\"@type\":\"WebSite\",\"@id\":\"https:\\\/\\\/picoytallo.com\\\/fr\\\/#website\",\"url\":\"https:\\\/\\\/picoytallo.com\\\/fr\\\/\",\"name\":\"Pico y Tallo\",\"description\":\"Productos Gourmet Online\",\"publisher\":{\"@id\":\"https:\\\/\\\/picoytallo.com\\\/fr\\\/#organization\"},\"potentialAction\":[{\"@type\":\"SearchAction\",\"target\":{\"@type\":\"EntryPoint\",\"urlTemplate\":\"https:\\\/\\\/picoytallo.com\\\/fr\\\/?s={search_term_string}\"},\"query-input\":{\"@type\":\"PropertyValueSpecification\",\"valueRequired\":true,\"valueName\":\"search_term_string\"}}],\"inLanguage\":\"fr-FR\"},{\"@type\":\"Organization\",\"@id\":\"https:\\\/\\\/picoytallo.com\\\/fr\\\/#organization\",\"name\":\"Pico y Tallo\",\"url\":\"https:\\\/\\\/picoytallo.com\\\/fr\\\/\",\"logo\":{\"@type\":\"ImageObject\",\"inLanguage\":\"fr-FR\",\"@id\":\"https:\\\/\\\/picoytallo.com\\\/fr\\\/#\\\/schema\\\/logo\\\/image\\\/\",\"url\":\"https:\\\/\\\/picoytallo.com\\\/wp-content\\\/uploads\\\/2022\\\/03\\\/cropped-Productos-gourmet-picotallo.webp\",\"contentUrl\":\"https:\\\/\\\/picoytallo.com\\\/wp-content\\\/uploads\\\/2022\\\/03\\\/cropped-Productos-gourmet-picotallo.webp\",\"width\":1194,\"height\":314,\"caption\":\"Pico y Tallo\"},\"image\":{\"@id\":\"https:\\\/\\\/picoytallo.com\\\/fr\\\/#\\\/schema\\\/logo\\\/image\\\/\"}}]}<\/script>\n<meta property=\"product:price:amount\" content=\"10.00\" \/>\n<meta property=\"product:price:currency\" content=\"EUR\" \/>\n<meta property=\"og:availability\" content=\"instock\" \/>\n<meta property=\"product:availability\" content=\"instock\" \/>\n<meta property=\"product:condition\" content=\"new\" \/>\n<!-- \/ Yoast SEO plugin. -->","yoast_head_json":{"title":"G\u00e2teau de crabe - Ap\u00e9ritifs et produits gourmands faits maison","description":"Go\u00fbtez \u00e0 cette entr\u00e9e id\u00e9ale pour les palais les plus gourmands : le g\u00e2teau de crabe. Achetez des produits et des en-cas en ligne.","robots":{"index":"index","follow":"follow","max-snippet":"max-snippet:-1","max-image-preview":"max-image-preview:large","max-video-preview":"max-video-preview:-1"},"canonical":"https:\/\/picoytallo.com\/fr\/producto\/fait-main-artisan-cupcakes-buy\/","og_locale":"fr_FR","og_type":"article","og_title":"G\u00e2teau de crabe - Ap\u00e9ritifs et produits gourmands faits maison","og_description":"Go\u00fbtez \u00e0 cette entr\u00e9e id\u00e9ale pour les palais les plus gourmands : le g\u00e2teau de crabe. Achetez des produits et des en-cas en ligne.","og_url":"https:\/\/picoytallo.com\/fr\/producto\/fait-main-artisan-cupcakes-buy\/","og_site_name":"Pico y Tallo","og_image":[{"width":1080,"height":1080,"url":"https:\/\/picoytallo.com\/wp-content\/uploads\/2024\/10\/Pastel-necoras.webp","type":"image\/webp"}],"twitter_card":"summary_large_image","twitter_misc":{"Prix":"10,00&euro;","Disponibilit\u00e9":"En stock"},"schema":{"@context":"https:\/\/schema.org","@graph":[{"@type":"WebPage","@id":"https:\/\/picoytallo.com\/fr\/producto\/fait-main-artisan-cupcakes-buy\/","url":"https:\/\/picoytallo.com\/fr\/producto\/fait-main-artisan-cupcakes-buy\/","name":"G\u00e2teau de crabe - Ap\u00e9ritifs et produits gourmands faits maison","isPartOf":{"@id":"https:\/\/picoytallo.com\/fr\/#website"},"primaryImageOfPage":{"@id":"https:\/\/picoytallo.com\/fr\/producto\/fait-main-artisan-cupcakes-buy\/#primaryimage"},"image":{"@id":"https:\/\/picoytallo.com\/fr\/producto\/fait-main-artisan-cupcakes-buy\/#primaryimage"},"thumbnailUrl":"https:\/\/picoytallo.com\/wp-content\/uploads\/2024\/10\/Pastel-necoras.webp","datePublished":"2024-10-07T15:13:11+00:00","description":"Go\u00fbtez \u00e0 cette entr\u00e9e id\u00e9ale pour les palais les plus gourmands : le g\u00e2teau de crabe. Achetez des produits et des en-cas en ligne.","breadcrumb":{"@id":"https:\/\/picoytallo.com\/fr\/producto\/fait-main-artisan-cupcakes-buy\/#breadcrumb"},"inLanguage":"fr-FR","potentialAction":[{"@type":"ReadAction","target":["https:\/\/picoytallo.com\/fr\/producto\/fait-main-artisan-cupcakes-buy\/"]}]},{"@type":"ImageObject","inLanguage":"fr-FR","@id":"https:\/\/picoytallo.com\/fr\/producto\/fait-main-artisan-cupcakes-buy\/#primaryimage","url":"https:\/\/picoytallo.com\/wp-content\/uploads\/2024\/10\/Pastel-necoras.webp","contentUrl":"https:\/\/picoytallo.com\/wp-content\/uploads\/2024\/10\/Pastel-necoras.webp","width":1080,"height":1080,"caption":"Comprar pastel de necoras"},{"@type":"BreadcrumbList","@id":"https:\/\/picoytallo.com\/fr\/producto\/fait-main-artisan-cupcakes-buy\/#breadcrumb","itemListElement":[{"@type":"ListItem","position":1,"name":"Portada","item":"https:\/\/picoytallo.com\/fr\/"},{"@type":"ListItem","position":2,"name":"Boutique","item":"https:\/\/picoytallo.com\/fr\/boutique\/"},{"@type":"ListItem","position":3,"name":"G\u00e2teau de crabe &#8211; Produit gourmet de fabrication artisanale"}]},{"@type":"WebSite","@id":"https:\/\/picoytallo.com\/fr\/#website","url":"https:\/\/picoytallo.com\/fr\/","name":"Pico y Tallo","description":"Productos Gourmet Online","publisher":{"@id":"https:\/\/picoytallo.com\/fr\/#organization"},"potentialAction":[{"@type":"SearchAction","target":{"@type":"EntryPoint","urlTemplate":"https:\/\/picoytallo.com\/fr\/?s={search_term_string}"},"query-input":{"@type":"PropertyValueSpecification","valueRequired":true,"valueName":"search_term_string"}}],"inLanguage":"fr-FR"},{"@type":"Organization","@id":"https:\/\/picoytallo.com\/fr\/#organization","name":"Pico y Tallo","url":"https:\/\/picoytallo.com\/fr\/","logo":{"@type":"ImageObject","inLanguage":"fr-FR","@id":"https:\/\/picoytallo.com\/fr\/#\/schema\/logo\/image\/","url":"https:\/\/picoytallo.com\/wp-content\/uploads\/2022\/03\/cropped-Productos-gourmet-picotallo.webp","contentUrl":"https:\/\/picoytallo.com\/wp-content\/uploads\/2022\/03\/cropped-Productos-gourmet-picotallo.webp","width":1194,"height":314,"caption":"Pico y Tallo"},"image":{"@id":"https:\/\/picoytallo.com\/fr\/#\/schema\/logo\/image\/"}}]},"product_price_amount":"10.00","product_price_currency":"EUR","og_availability":"instock","product_availability":"instock","product_condition":"new"},"_links":{"self":[{"href":"https:\/\/picoytallo.com\/fr\/wp-json\/wp\/v2\/product\/4790","targetHints":{"allow":["GET"]}}],"collection":[{"href":"https:\/\/picoytallo.com\/fr\/wp-json\/wp\/v2\/product"}],"about":[{"href":"https:\/\/picoytallo.com\/fr\/wp-json\/wp\/v2\/types\/product"}],"replies":[{"embeddable":true,"href":"https:\/\/picoytallo.com\/fr\/wp-json\/wp\/v2\/comments?post=4790"}],"wp:featuredmedia":[{"embeddable":true,"href":"https:\/\/picoytallo.com\/fr\/wp-json\/wp\/v2\/media\/4757"}],"wp:attachment":[{"href":"https:\/\/picoytallo.com\/fr\/wp-json\/wp\/v2\/media?parent=4790"}],"wp:term":[{"taxonomy":"product_brand","embeddable":true,"href":"https:\/\/picoytallo.com\/fr\/wp-json\/wp\/v2\/product_brand?post=4790"},{"taxonomy":"product_cat","embeddable":true,"href":"https:\/\/picoytallo.com\/fr\/wp-json\/wp\/v2\/product_cat?post=4790"},{"taxonomy":"product_tag","embeddable":true,"href":"https:\/\/picoytallo.com\/fr\/wp-json\/wp\/v2\/product_tag?post=4790"}],"curies":[{"name":"wp","href":"https:\/\/api.w.org\/{rel}","templated":true}]}}