{"id":4793,"date":"2024-10-08T15:31:16","date_gmt":"2024-10-08T13:31:16","guid":{"rendered":"https:\/\/picoytallo.com\/producto\/ventresca-de-bonito-del-norte-ventreche-de-thon-blanc-produit-gourmet-de-fabrication-artisanale\/"},"modified":"2025-12-05T12:18:22","modified_gmt":"2025-12-05T10:18:22","slug":"ventresca-bonito-norte-gourmet-artesanal","status":"publish","type":"product","link":"https:\/\/picoytallo.com\/fr\/producto\/ventresca-bonito-norte-gourmet-artesanal\/","title":{"rendered":"Ventresca de Bonito del Norte (Ventr\u00e8che de thon blanc) &#8211; Produit gourmet de fabrication artisanale"},"content":{"rendered":"<article class=\"4ever-article\" data-clipboard-cangjie=\"[\"root\",{\"copyFrom\":33891801},[\"p\",{\"jc\":\"left\",\"ind\":{},\"spacing\":{}},[\"span\",{\"data-type\":\"text\"},[\"span\",{\"bold\":true,\"color\":\"rgb(34, 34, 34)\",\"highlight\":\"rgba(235, 191, 96, 0.5)\",\"sz\":12,\"szUnit\":\"pt\",\"data-type\":\"leaf\"},\"Descubre este aperitivo \u00fanico para los amantes del aut\u00e9ntico sabor a mar.\"]]],[\"p\",{\"jc\":\"left\",\"ind\":{},\"spacing\":{}},[\"span\",{\"data-type\":\"text\"},[\"span\",{\"color\":\"rgb(34, 34, 34)\",\"highlight\":\"rgba(235, 191, 96, 0.5)\",\"sz\":12,\"szUnit\":\"pt\",\"data-type\":\"leaf\"},\"Elaborado artesanalmente y decant\u00e1ndonos por producto procedente del Mar Cant\u00e1brico, resulta suave al paladar y potente sabor a marisco.\"]]],[\"p\",{\"jc\":\"left\",\"ind\":{},\"spacing\":{}},[\"span\",{\"data-type\":\"text\"},[\"span\",{\"data-type\":\"leaf\"},\"\"]]],[\"p\",{\"jc\":\"left\",\"ind\":{},\"spacing\":{}},[\"span\",{\"data-type\":\"text\"},[\"span\",{\"color\":\"rgb(34, 34, 34)\",\"highlight\":\"rgba(235, 191, 96, 0.5)\",\"sz\":12,\"szUnit\":\"pt\",\"data-type\":\"leaf\"},\"Ingredientes: Clara de huevo l\u00edquido, n\u00e9cora (crust\u00e1ceo) (22%), tomate, nata l\u00edquida, vino Pedro Xim\u00e9nez, sal marina, pimienta negra.\"]]]]\">\n<h2>Thon \u00e0 ventre de bonite \u00e0 l&rsquo;huile d&rsquo;olive<\/h2>\n<p><strong>D\u00e9couvrez cet ap\u00e9ritif au go\u00fbt \u00e9l\u00e9gant et sophistiqu\u00e9.<\/strong><\/p>\n<p>Filets de thon s\u00e9lectionn\u00e9s conserv\u00e9s dans l&rsquo;huile d&rsquo;olive.<\/p>\n<p>Le produit est pr\u00e9sent\u00e9 dans un emballage m\u00e9tallique de type RO-150, laqu\u00e9 \u00e0 l&rsquo;int\u00e9rieur pour pr\u00e9server toutes ses propri\u00e9t\u00e9s et ses qualit\u00e9s nutritionnelles.<\/p>\n<p>Ingr\u00e9dients : <span style=\"font-size: 16px;\">Ventre de thon blanc, huile d&rsquo;olive et sel.<\/span><\/p>\n<p>&nbsp;<\/p>\n<p>Ventr\u00eache de thon blanc \u00e0 l&rsquo;huile d&rsquo;olive<\/p>\n<p>R\u00e9cipient en m\u00e9tal \u00d899x25mm<\/p>\n<p>Poids net : 140 <abbr title=\"grammes\">gr.<\/abbr><\/p>\n<p>Poids \u00e9goutt\u00e9 : 100 gr.<\/p>\n<p>Cat\u00e9gorie : Conserves artisanales<\/p>\n<\/article>\n","protected":false},"excerpt":{"rendered":"<p>Ventr\u00eache de thon blanc \u00e0 l&rsquo;huile d&rsquo;olive<\/p>\n<p>R\u00e9cipient en m\u00e9tal \u00d899x25mm<\/p>\n<p>Poids net : 140 <abbr title=\"grammes\">gr.<\/abbr><\/p>\n<p>Poids \u00e9goutt\u00e9 : 100 gr.<\/p>\n<p>Cat\u00e9gorie : Conserves artisanales<\/p>\n<p>&nbsp;<\/p>\n<h3><strong>Produit de premi\u00e8re qualit\u00e9<\/strong><\/h3>\n<p>Savourez l&rsquo;exquise <strong>poitrine de thon blanc<\/strong>, la partie la plus tendre et la plus juteuse du thon, soigneusement s\u00e9lectionn\u00e9e et conserv\u00e9e dans de l&rsquo;<strong>huile d&rsquo;olive extra vierge<\/strong> afin de pr\u00e9server sa saveur et sa texture uniques. Cette d\u00e9licatesse de haute qualit\u00e9, p\u00each\u00e9e dans les eaux froides de la mer Cantabrique, est id\u00e9ale pour les palais exigeants \u00e0 la recherche d&rsquo;une exp\u00e9rience gastronomique authentique. Parfaite pour les salades gastronomiques, les tapas ou tout simplement seule, la ventr\u00eache se caract\u00e9rise par sa chair d\u00e9licate et sa saveur douce qui rehausse n&rsquo;importe quel plat. Sans conservateurs ni additifs artificiels.   <\/p>\n","protected":false},"featured_media":4773,"comment_status":"open","ping_status":"closed","template":"","meta":[],"product_brand":[],"product_cat":[359,1060],"product_tag":[],"class_list":{"0":"post-4793","1":"product","2":"type-product","3":"status-publish","4":"has-post-thumbnail","6":"product_cat-produits-gastronomiques","7":"product_cat-conserves","9":"first","10":"instock","11":"shipping-taxable","12":"purchasable","13":"product-type-simple"},"yoast_head":"<!-- This site is optimized with the Yoast SEO plugin v27.4 - https:\/\/yoast.com\/product\/yoast-seo-wordpress\/ -->\n<title>Ventr\u00e8che de thon blanc - Ap\u00e9ritifs et produits du terroir<\/title>\n<meta name=\"description\" content=\"Go\u00fbtez \u00e0 cette entr\u00e9e id\u00e9ale pour les palais les plus gourmands : Ventresca de Bonito del Norte (ventre de thon blanc). Achetez des produits et des en-cas en ligne.\" \/>\n<meta name=\"robots\" content=\"index, follow, max-snippet:-1, max-image-preview:large, max-video-preview:-1\" \/>\n<link rel=\"canonical\" href=\"https:\/\/picoytallo.com\/fr\/producto\/ventresca-bonito-norte-gourmet-artesanal\/\" \/>\n<meta property=\"og:locale\" content=\"fr_FR\" \/>\n<meta property=\"og:type\" content=\"article\" \/>\n<meta property=\"og:title\" content=\"Ventr\u00e8che de thon blanc - Ap\u00e9ritifs et produits du terroir\" \/>\n<meta property=\"og:description\" content=\"Go\u00fbtez \u00e0 cette entr\u00e9e id\u00e9ale pour les palais les plus gourmands : Ventresca de Bonito del Norte (ventre de thon blanc). Achetez des produits et des en-cas en ligne.\" \/>\n<meta property=\"og:url\" content=\"https:\/\/picoytallo.com\/fr\/producto\/ventresca-bonito-norte-gourmet-artesanal\/\" \/>\n<meta property=\"og:site_name\" content=\"Pico y Tallo\" \/>\n<meta property=\"article:modified_time\" content=\"2025-12-05T10:18:22+00:00\" \/>\n<meta property=\"og:image\" content=\"https:\/\/picoytallo.com\/wp-content\/uploads\/2024\/10\/Ventresca-bonito-del-norte-aove.png\" \/>\n\t<meta property=\"og:image:width\" content=\"1080\" \/>\n\t<meta property=\"og:image:height\" content=\"1080\" \/>\n\t<meta property=\"og:image:type\" content=\"image\/png\" \/>\n<meta name=\"twitter:card\" content=\"summary_large_image\" \/>\n<meta name=\"twitter:label1\" content=\"Prix\" \/>\n\t<meta name=\"twitter:data1\" content=\"8,95&euro;\" \/>\n\t<meta name=\"twitter:label2\" content=\"Disponibilit\u00e9\" \/>\n\t<meta name=\"twitter:data2\" content=\"En stock\" \/>\n<script type=\"application\/ld+json\" class=\"yoast-schema-graph\">{\"@context\":\"https:\\\/\\\/schema.org\",\"@graph\":[{\"@type\":\"WebPage\",\"@id\":\"https:\\\/\\\/picoytallo.com\\\/fr\\\/producto\\\/ventresca-bonito-norte-gourmet-artesanal\\\/\",\"url\":\"https:\\\/\\\/picoytallo.com\\\/fr\\\/producto\\\/ventresca-bonito-norte-gourmet-artesanal\\\/\",\"name\":\"Ventr\u00e8che de thon blanc - Ap\u00e9ritifs et produits du terroir\",\"isPartOf\":{\"@id\":\"https:\\\/\\\/picoytallo.com\\\/fr\\\/#website\"},\"primaryImageOfPage\":{\"@id\":\"https:\\\/\\\/picoytallo.com\\\/fr\\\/producto\\\/ventresca-bonito-norte-gourmet-artesanal\\\/#primaryimage\"},\"image\":{\"@id\":\"https:\\\/\\\/picoytallo.com\\\/fr\\\/producto\\\/ventresca-bonito-norte-gourmet-artesanal\\\/#primaryimage\"},\"thumbnailUrl\":\"https:\\\/\\\/picoytallo.com\\\/wp-content\\\/uploads\\\/2024\\\/10\\\/Ventresca-bonito-del-norte-aove.png\",\"datePublished\":\"2024-10-08T13:31:16+00:00\",\"dateModified\":\"2025-12-05T10:18:22+00:00\",\"description\":\"Go\u00fbtez \u00e0 cette entr\u00e9e id\u00e9ale pour les palais les plus gourmands : Ventresca de Bonito del Norte (ventre de thon blanc). Achetez des produits et des en-cas en ligne.\",\"breadcrumb\":{\"@id\":\"https:\\\/\\\/picoytallo.com\\\/fr\\\/producto\\\/ventresca-bonito-norte-gourmet-artesanal\\\/#breadcrumb\"},\"inLanguage\":\"fr-FR\",\"potentialAction\":[{\"@type\":\"ReadAction\",\"target\":[\"https:\\\/\\\/picoytallo.com\\\/fr\\\/producto\\\/ventresca-bonito-norte-gourmet-artesanal\\\/\"]}]},{\"@type\":\"ImageObject\",\"inLanguage\":\"fr-FR\",\"@id\":\"https:\\\/\\\/picoytallo.com\\\/fr\\\/producto\\\/ventresca-bonito-norte-gourmet-artesanal\\\/#primaryimage\",\"url\":\"https:\\\/\\\/picoytallo.com\\\/wp-content\\\/uploads\\\/2024\\\/10\\\/Ventresca-bonito-del-norte-aove.png\",\"contentUrl\":\"https:\\\/\\\/picoytallo.com\\\/wp-content\\\/uploads\\\/2024\\\/10\\\/Ventresca-bonito-del-norte-aove.png\",\"width\":1080,\"height\":1080,\"caption\":\"Acheter ventresca en ligne\"},{\"@type\":\"BreadcrumbList\",\"@id\":\"https:\\\/\\\/picoytallo.com\\\/fr\\\/producto\\\/ventresca-bonito-norte-gourmet-artesanal\\\/#breadcrumb\",\"itemListElement\":[{\"@type\":\"ListItem\",\"position\":1,\"name\":\"Portada\",\"item\":\"https:\\\/\\\/picoytallo.com\\\/fr\\\/\"},{\"@type\":\"ListItem\",\"position\":2,\"name\":\"Boutique\",\"item\":\"https:\\\/\\\/picoytallo.com\\\/fr\\\/boutique\\\/\"},{\"@type\":\"ListItem\",\"position\":3,\"name\":\"Ventresca de Bonito del Norte (Ventr\u00e8che de thon blanc) &#8211; Produit gourmet de fabrication artisanale\"}]},{\"@type\":\"WebSite\",\"@id\":\"https:\\\/\\\/picoytallo.com\\\/fr\\\/#website\",\"url\":\"https:\\\/\\\/picoytallo.com\\\/fr\\\/\",\"name\":\"Pico y Tallo\",\"description\":\"Productos Gourmet Online\",\"publisher\":{\"@id\":\"https:\\\/\\\/picoytallo.com\\\/fr\\\/#organization\"},\"potentialAction\":[{\"@type\":\"SearchAction\",\"target\":{\"@type\":\"EntryPoint\",\"urlTemplate\":\"https:\\\/\\\/picoytallo.com\\\/fr\\\/?s={search_term_string}\"},\"query-input\":{\"@type\":\"PropertyValueSpecification\",\"valueRequired\":true,\"valueName\":\"search_term_string\"}}],\"inLanguage\":\"fr-FR\"},{\"@type\":\"Organization\",\"@id\":\"https:\\\/\\\/picoytallo.com\\\/fr\\\/#organization\",\"name\":\"Pico y Tallo\",\"url\":\"https:\\\/\\\/picoytallo.com\\\/fr\\\/\",\"logo\":{\"@type\":\"ImageObject\",\"inLanguage\":\"fr-FR\",\"@id\":\"https:\\\/\\\/picoytallo.com\\\/fr\\\/#\\\/schema\\\/logo\\\/image\\\/\",\"url\":\"https:\\\/\\\/picoytallo.com\\\/wp-content\\\/uploads\\\/2022\\\/03\\\/cropped-Productos-gourmet-picotallo.webp\",\"contentUrl\":\"https:\\\/\\\/picoytallo.com\\\/wp-content\\\/uploads\\\/2022\\\/03\\\/cropped-Productos-gourmet-picotallo.webp\",\"width\":1194,\"height\":314,\"caption\":\"Pico y Tallo\"},\"image\":{\"@id\":\"https:\\\/\\\/picoytallo.com\\\/fr\\\/#\\\/schema\\\/logo\\\/image\\\/\"}}]}<\/script>\n<meta property=\"product:price:amount\" content=\"8.95\" \/>\n<meta property=\"product:price:currency\" content=\"EUR\" \/>\n<meta property=\"og:availability\" content=\"instock\" \/>\n<meta property=\"product:availability\" content=\"instock\" \/>\n<meta property=\"product:condition\" content=\"new\" \/>\n<!-- \/ Yoast SEO plugin. -->","yoast_head_json":{"title":"Ventr\u00e8che de thon blanc - Ap\u00e9ritifs et produits du terroir","description":"Go\u00fbtez \u00e0 cette entr\u00e9e id\u00e9ale pour les palais les plus gourmands : Ventresca de Bonito del Norte (ventre de thon blanc). Achetez des produits et des en-cas en ligne.","robots":{"index":"index","follow":"follow","max-snippet":"max-snippet:-1","max-image-preview":"max-image-preview:large","max-video-preview":"max-video-preview:-1"},"canonical":"https:\/\/picoytallo.com\/fr\/producto\/ventresca-bonito-norte-gourmet-artesanal\/","og_locale":"fr_FR","og_type":"article","og_title":"Ventr\u00e8che de thon blanc - Ap\u00e9ritifs et produits du terroir","og_description":"Go\u00fbtez \u00e0 cette entr\u00e9e id\u00e9ale pour les palais les plus gourmands : Ventresca de Bonito del Norte (ventre de thon blanc). Achetez des produits et des en-cas en ligne.","og_url":"https:\/\/picoytallo.com\/fr\/producto\/ventresca-bonito-norte-gourmet-artesanal\/","og_site_name":"Pico y Tallo","article_modified_time":"2025-12-05T10:18:22+00:00","og_image":[{"width":1080,"height":1080,"url":"https:\/\/picoytallo.com\/wp-content\/uploads\/2024\/10\/Ventresca-bonito-del-norte-aove.png","type":"image\/png"}],"twitter_card":"summary_large_image","twitter_misc":{"Prix":"8,95&euro;","Disponibilit\u00e9":"En stock"},"schema":{"@context":"https:\/\/schema.org","@graph":[{"@type":"WebPage","@id":"https:\/\/picoytallo.com\/fr\/producto\/ventresca-bonito-norte-gourmet-artesanal\/","url":"https:\/\/picoytallo.com\/fr\/producto\/ventresca-bonito-norte-gourmet-artesanal\/","name":"Ventr\u00e8che de thon blanc - Ap\u00e9ritifs et produits du terroir","isPartOf":{"@id":"https:\/\/picoytallo.com\/fr\/#website"},"primaryImageOfPage":{"@id":"https:\/\/picoytallo.com\/fr\/producto\/ventresca-bonito-norte-gourmet-artesanal\/#primaryimage"},"image":{"@id":"https:\/\/picoytallo.com\/fr\/producto\/ventresca-bonito-norte-gourmet-artesanal\/#primaryimage"},"thumbnailUrl":"https:\/\/picoytallo.com\/wp-content\/uploads\/2024\/10\/Ventresca-bonito-del-norte-aove.png","datePublished":"2024-10-08T13:31:16+00:00","dateModified":"2025-12-05T10:18:22+00:00","description":"Go\u00fbtez \u00e0 cette entr\u00e9e id\u00e9ale pour les palais les plus gourmands : Ventresca de Bonito del Norte (ventre de thon blanc). Achetez des produits et des en-cas en ligne.","breadcrumb":{"@id":"https:\/\/picoytallo.com\/fr\/producto\/ventresca-bonito-norte-gourmet-artesanal\/#breadcrumb"},"inLanguage":"fr-FR","potentialAction":[{"@type":"ReadAction","target":["https:\/\/picoytallo.com\/fr\/producto\/ventresca-bonito-norte-gourmet-artesanal\/"]}]},{"@type":"ImageObject","inLanguage":"fr-FR","@id":"https:\/\/picoytallo.com\/fr\/producto\/ventresca-bonito-norte-gourmet-artesanal\/#primaryimage","url":"https:\/\/picoytallo.com\/wp-content\/uploads\/2024\/10\/Ventresca-bonito-del-norte-aove.png","contentUrl":"https:\/\/picoytallo.com\/wp-content\/uploads\/2024\/10\/Ventresca-bonito-del-norte-aove.png","width":1080,"height":1080,"caption":"Acheter ventresca en ligne"},{"@type":"BreadcrumbList","@id":"https:\/\/picoytallo.com\/fr\/producto\/ventresca-bonito-norte-gourmet-artesanal\/#breadcrumb","itemListElement":[{"@type":"ListItem","position":1,"name":"Portada","item":"https:\/\/picoytallo.com\/fr\/"},{"@type":"ListItem","position":2,"name":"Boutique","item":"https:\/\/picoytallo.com\/fr\/boutique\/"},{"@type":"ListItem","position":3,"name":"Ventresca de Bonito del Norte (Ventr\u00e8che de thon blanc) &#8211; Produit gourmet de fabrication artisanale"}]},{"@type":"WebSite","@id":"https:\/\/picoytallo.com\/fr\/#website","url":"https:\/\/picoytallo.com\/fr\/","name":"Pico y Tallo","description":"Productos Gourmet Online","publisher":{"@id":"https:\/\/picoytallo.com\/fr\/#organization"},"potentialAction":[{"@type":"SearchAction","target":{"@type":"EntryPoint","urlTemplate":"https:\/\/picoytallo.com\/fr\/?s={search_term_string}"},"query-input":{"@type":"PropertyValueSpecification","valueRequired":true,"valueName":"search_term_string"}}],"inLanguage":"fr-FR"},{"@type":"Organization","@id":"https:\/\/picoytallo.com\/fr\/#organization","name":"Pico y Tallo","url":"https:\/\/picoytallo.com\/fr\/","logo":{"@type":"ImageObject","inLanguage":"fr-FR","@id":"https:\/\/picoytallo.com\/fr\/#\/schema\/logo\/image\/","url":"https:\/\/picoytallo.com\/wp-content\/uploads\/2022\/03\/cropped-Productos-gourmet-picotallo.webp","contentUrl":"https:\/\/picoytallo.com\/wp-content\/uploads\/2022\/03\/cropped-Productos-gourmet-picotallo.webp","width":1194,"height":314,"caption":"Pico y Tallo"},"image":{"@id":"https:\/\/picoytallo.com\/fr\/#\/schema\/logo\/image\/"}}]},"product_price_amount":"8.95","product_price_currency":"EUR","og_availability":"instock","product_availability":"instock","product_condition":"new"},"_links":{"self":[{"href":"https:\/\/picoytallo.com\/fr\/wp-json\/wp\/v2\/product\/4793","targetHints":{"allow":["GET"]}}],"collection":[{"href":"https:\/\/picoytallo.com\/fr\/wp-json\/wp\/v2\/product"}],"about":[{"href":"https:\/\/picoytallo.com\/fr\/wp-json\/wp\/v2\/types\/product"}],"replies":[{"embeddable":true,"href":"https:\/\/picoytallo.com\/fr\/wp-json\/wp\/v2\/comments?post=4793"}],"wp:featuredmedia":[{"embeddable":true,"href":"https:\/\/picoytallo.com\/fr\/wp-json\/wp\/v2\/media\/4773"}],"wp:attachment":[{"href":"https:\/\/picoytallo.com\/fr\/wp-json\/wp\/v2\/media?parent=4793"}],"wp:term":[{"taxonomy":"product_brand","embeddable":true,"href":"https:\/\/picoytallo.com\/fr\/wp-json\/wp\/v2\/product_brand?post=4793"},{"taxonomy":"product_cat","embeddable":true,"href":"https:\/\/picoytallo.com\/fr\/wp-json\/wp\/v2\/product_cat?post=4793"},{"taxonomy":"product_tag","embeddable":true,"href":"https:\/\/picoytallo.com\/fr\/wp-json\/wp\/v2\/product_tag?post=4793"}],"curies":[{"name":"wp","href":"https:\/\/api.w.org\/{rel}","templated":true}]}}