{"id":6593,"date":"2024-11-13T10:55:46","date_gmt":"2024-11-13T08:55:46","guid":{"rendered":"https:\/\/picoytallo.com\/producto\/tomates-sechees-aux-herbes-de-la-pericana-de-muro\/"},"modified":"2025-04-02T19:01:47","modified_gmt":"2025-04-02T17:01:47","slug":"tomate-sechee-aux-herbes-le-mur-americain","status":"publish","type":"product","link":"https:\/\/picoytallo.com\/fr\/producto\/tomate-sechee-aux-herbes-le-mur-americain\/","title":{"rendered":"Tomates s\u00e9ch\u00e9es aux herbes de La Pericana de Muro"},"content":{"rendered":"<h2><strong>Tomate s\u00e9ch\u00e9e aux herbes de La Pericana de Muro \u00e0 Pico y Tallo : l&rsquo;authentique saveur m\u00e9diterran\u00e9enne.<\/strong><\/h2>\n<p>&nbsp;<\/p>\n<p>Chez Pico y Tallo, nous sommes passionn\u00e9s par l&rsquo;id\u00e9e d&rsquo;apporter les meilleures saveurs de la M\u00e9diterran\u00e9e \u00e0 votre table, et nos tomates s\u00e9ch\u00e9es aux herbes en sont un excellent exemple. Ce produit exquis, \u00e9labor\u00e9 avec soin, capture l&rsquo;essence des tomates s\u00e9ch\u00e9es et la touche aromatique des herbes traditionnelles. \u00c9labor\u00e9 dans d&rsquo;authentiques coop\u00e9ratives valenciennes, il devient un d\u00e9lice que vous ne pouvez pas manquer dans votre cuisine. <\/p>\n<h3><strong>Tomates s\u00e9ch\u00e9es \u00e0 l&rsquo;huile : un d\u00e9lice artisanal polyvalent<\/strong><\/h3>\n<p>Nos tomates s\u00e9ch\u00e9es \u00e0 l&rsquo;huile sont s\u00e9lectionn\u00e9es une \u00e0 une, d\u00e9shydrat\u00e9es au soleil pour concentrer leur saveur, puis tremp\u00e9es dans une huile d&rsquo;olive extra vierge de haute qualit\u00e9 avec des herbes aromatiques. Le r\u00e9sultat est un en-cas juteux et nuanc\u00e9 que vous pouvez d\u00e9guster dans des salades, des p\u00e2tes, des bruschettas ou en accompagnement de fromages, de viandes et de charcuteries. Son processus artisanal garantit que chaque pot conserve l&rsquo;authentique saveur m\u00e9diterran\u00e9enne, ajoutant une touche gourmande \u00e0 vos plats.  <\/p>\n<h3>la saveur intense de nos tomates s\u00e9ch\u00e9es maison aux herbes<\/h3>\n<p>Les tomates s\u00e9ch\u00e9es aux herbes de La Pericana de Muro sont bien plus qu&rsquo;un simple accompagnement : c&rsquo;est un concentr\u00e9 de saveurs m\u00e9diterran\u00e9ennes \u00e0 chaque bouch\u00e9e. Fabriqu\u00e9es avec des tomates s\u00e9ch\u00e9es au soleil soigneusement s\u00e9lectionn\u00e9es, notre processus artisanal garantit que chaque morceau conserve sa douceur naturelle et sa texture tendre mais ferme. Marin\u00e9e avec des herbes aromatiques et tremp\u00e9e dans de l&rsquo;huile d&rsquo;olive extra vierge, cette tomate s\u00e9ch\u00e9e au soleil devient un ingr\u00e9dient polyvalent qui rehausse n&rsquo;importe quel plat, ajoutant une touche d&rsquo;intensit\u00e9 et de fra\u00eecheur qui transformera vos recettes en d\u00e9lices authentiques.  <\/p>\n<div class=\"group\/conversation-turn relative flex w-full min-w-0 flex-col agent-turn\">\n<div class=\"flex-col gap-1 md:gap-3\">\n<div class=\"flex max-w-full flex-col flex-grow\">\n<div class=\"min-h-8 text-message flex w-full flex-col items-end gap-2 whitespace-normal break-words [.text-message+&amp;]:mt-5\" dir=\"auto\" data-message-author-role=\"assistant\" data-message-id=\"d12c8fd9-fdd6-42a3-af0b-0cab1c6f9f3c\" data-message-model-slug=\"gpt-4o\">\n<div class=\"flex w-full flex-col gap-1 empty:hidden first:pt-[3px]\">\n<div class=\"markdown prose w-full break-words dark:prose-invert light\">\n<p>Chez Pico y Tallo, nous nous engageons \u00e0 vous offrir des joyaux gastronomiques authentiques qui refl\u00e8tent la richesse de notre terre. Notre tomate s\u00e9ch\u00e9e aux herbes est le r\u00e9sultat d&rsquo;un processus artisanal m\u00e9ticuleux qui respecte les saveurs originales de la r\u00e9gion m\u00e9diterran\u00e9enne. Chaque pot incarne le soin et la passion pour la cuisine traditionnelle, ce qui vous permet de profiter chez vous de produits qui se distinguent non seulement par leur go\u00fbt, mais aussi par leur authenticit\u00e9 et leur qualit\u00e9. Que vous cherchiez un ap\u00e9ritif exquis, un compl\u00e9ment parfait \u00e0 vos plats ou une touche gourmande \u00e0 vos recettes, les produits Pico y Tallo vous garantissent une exp\u00e9rience culinaire incomparable.   <\/p>\n<\/div>\n<\/div>\n<\/div>\n<\/div>\n<\/div>\n<\/div>\n<p>Choisir Pico y Tallo, c&rsquo;est opter pour des produits de grande qualit\u00e9, \u00e9labor\u00e9s avec d\u00e9vouement et dans le plus grand respect de la tradition m\u00e9diterran\u00e9enne.<\/p>\n<p>Transformez vos repas avec le vrai go\u00fbt de la tradition !<\/p>\n","protected":false},"excerpt":{"rendered":"<p>Garum XXI de 120 gr. Amuse-gueule d&rsquo;olives vertes biologiques et d&rsquo;anchois de Cantabrie. Une saveur exclusive et gourmande pour les palais les plus exigeants.  <\/p>\n","protected":false},"featured_media":5253,"comment_status":"open","ping_status":"closed","template":"","meta":[],"product_brand":[],"product_cat":[359],"product_tag":[893,892,895,894],"class_list":{"0":"post-6593","1":"product","2":"type-product","3":"status-publish","4":"has-post-thumbnail","6":"product_cat-produits-gastronomiques","7":"product_tag-tomate-gourmet-fr","8":"product_tag-tomates-sechees","9":"product_tag-tomates-sechees-a-lhuile","10":"product_tag-tomates-sechees-aux-herbes","12":"first","13":"instock","14":"shipping-taxable","15":"purchasable","16":"product-type-simple"},"yoast_head":"<!-- This site is optimized with the Yoast SEO plugin v26.9 - https:\/\/yoast.com\/product\/yoast-seo-wordpress\/ -->\n<title>Tomates s\u00e9ch\u00e9es aux herbes de La Pericana de Muro | Pico y Tallo<\/title>\n<meta name=\"description\" content=\"D\u00e9couvrez la tomate s\u00e9ch\u00e9e aux herbes et \u00e0 l&#039;huile d&#039;olive extra vierge, \u00e0 la saveur unique. Un produit gastronomique \u00e9labor\u00e9 avec les meilleurs produits.\" \/>\n<meta name=\"robots\" content=\"index, follow, max-snippet:-1, max-image-preview:large, max-video-preview:-1\" \/>\n<link rel=\"canonical\" href=\"https:\/\/picoytallo.com\/fr\/producto\/tomate-sechee-aux-herbes-le-mur-americain\/\" \/>\n<meta property=\"og:locale\" content=\"fr_FR\" \/>\n<meta property=\"og:type\" content=\"article\" \/>\n<meta property=\"og:title\" content=\"Tomates s\u00e9ch\u00e9es aux herbes de La Pericana de Muro | Pico y Tallo\" \/>\n<meta property=\"og:description\" content=\"D\u00e9couvrez la tomate s\u00e9ch\u00e9e aux herbes et \u00e0 l&#039;huile d&#039;olive extra vierge, \u00e0 la saveur unique. Un produit gastronomique \u00e9labor\u00e9 avec les meilleurs produits.\" \/>\n<meta property=\"og:url\" content=\"https:\/\/picoytallo.com\/fr\/producto\/tomate-sechee-aux-herbes-le-mur-americain\/\" \/>\n<meta property=\"og:site_name\" content=\"Pico y Tallo\" \/>\n<meta property=\"article:modified_time\" content=\"2025-04-02T17:01:47+00:00\" \/>\n<meta property=\"og:image\" content=\"https:\/\/picoytallo.com\/wp-content\/uploads\/2024\/11\/234.webp\" \/>\n\t<meta property=\"og:image:width\" content=\"1080\" \/>\n\t<meta property=\"og:image:height\" content=\"1080\" \/>\n\t<meta property=\"og:image:type\" content=\"image\/png\" \/>\n<meta name=\"twitter:card\" content=\"summary_large_image\" \/>\n<meta name=\"twitter:label1\" content=\"Dur\u00e9e de lecture estim\u00e9e\" \/>\n\t<meta name=\"twitter:data1\" content=\"2 minutes\" \/>\n<script type=\"application\/ld+json\" class=\"yoast-schema-graph\">{\"@context\":\"https:\/\/schema.org\",\"@graph\":[{\"@type\":\"WebPage\",\"@id\":\"https:\/\/picoytallo.com\/fr\/producto\/tomate-sechee-aux-herbes-le-mur-americain\/\",\"url\":\"https:\/\/picoytallo.com\/fr\/producto\/tomate-sechee-aux-herbes-le-mur-americain\/\",\"name\":\"Tomates s\u00e9ch\u00e9es aux herbes de La Pericana de Muro | Pico y Tallo\",\"isPartOf\":{\"@id\":\"https:\/\/picoytallo.com\/fr\/#website\"},\"primaryImageOfPage\":{\"@id\":\"https:\/\/picoytallo.com\/fr\/producto\/tomate-sechee-aux-herbes-le-mur-americain\/#primaryimage\"},\"image\":{\"@id\":\"https:\/\/picoytallo.com\/fr\/producto\/tomate-sechee-aux-herbes-le-mur-americain\/#primaryimage\"},\"thumbnailUrl\":\"https:\/\/picoytallo.com\/wp-content\/uploads\/2024\/11\/234.webp\",\"datePublished\":\"2024-11-13T08:55:46+00:00\",\"dateModified\":\"2025-04-02T17:01:47+00:00\",\"description\":\"D\u00e9couvrez la tomate s\u00e9ch\u00e9e aux herbes et \u00e0 l'huile d'olive extra vierge, \u00e0 la saveur unique. Un produit gastronomique \u00e9labor\u00e9 avec les meilleurs produits.\",\"breadcrumb\":{\"@id\":\"https:\/\/picoytallo.com\/fr\/producto\/tomate-sechee-aux-herbes-le-mur-americain\/#breadcrumb\"},\"inLanguage\":\"fr-FR\",\"potentialAction\":[{\"@type\":\"ReadAction\",\"target\":[\"https:\/\/picoytallo.com\/fr\/producto\/tomate-sechee-aux-herbes-le-mur-americain\/\"]}]},{\"@type\":\"ImageObject\",\"inLanguage\":\"fr-FR\",\"@id\":\"https:\/\/picoytallo.com\/fr\/producto\/tomate-sechee-aux-herbes-le-mur-americain\/#primaryimage\",\"url\":\"https:\/\/picoytallo.com\/wp-content\/uploads\/2024\/11\/234.webp\",\"contentUrl\":\"https:\/\/picoytallo.com\/wp-content\/uploads\/2024\/11\/234.webp\",\"width\":1080,\"height\":1080,\"caption\":\"Tomate seco con hierbas\"},{\"@type\":\"BreadcrumbList\",\"@id\":\"https:\/\/picoytallo.com\/fr\/producto\/tomate-sechee-aux-herbes-le-mur-americain\/#breadcrumb\",\"itemListElement\":[{\"@type\":\"ListItem\",\"position\":1,\"name\":\"Portada\",\"item\":\"https:\/\/picoytallo.com\/fr\/\"},{\"@type\":\"ListItem\",\"position\":2,\"name\":\"Boutique\",\"item\":\"https:\/\/picoytallo.com\/fr\/boutique\/\"},{\"@type\":\"ListItem\",\"position\":3,\"name\":\"Tomates s\u00e9ch\u00e9es aux herbes de La Pericana de Muro\"}]},{\"@type\":\"WebSite\",\"@id\":\"https:\/\/picoytallo.com\/fr\/#website\",\"url\":\"https:\/\/picoytallo.com\/fr\/\",\"name\":\"Pico y Tallo\",\"description\":\"Productos Gourmet Online\",\"publisher\":{\"@id\":\"https:\/\/picoytallo.com\/fr\/#organization\"},\"potentialAction\":[{\"@type\":\"SearchAction\",\"target\":{\"@type\":\"EntryPoint\",\"urlTemplate\":\"https:\/\/picoytallo.com\/fr\/?s={search_term_string}\"},\"query-input\":{\"@type\":\"PropertyValueSpecification\",\"valueRequired\":true,\"valueName\":\"search_term_string\"}}],\"inLanguage\":\"fr-FR\"},{\"@type\":\"Organization\",\"@id\":\"https:\/\/picoytallo.com\/fr\/#organization\",\"name\":\"Pico y Tallo\",\"url\":\"https:\/\/picoytallo.com\/fr\/\",\"logo\":{\"@type\":\"ImageObject\",\"inLanguage\":\"fr-FR\",\"@id\":\"https:\/\/picoytallo.com\/fr\/#\/schema\/logo\/image\/\",\"url\":\"https:\/\/picoytallo.com\/wp-content\/uploads\/2022\/03\/cropped-Productos-gourmet-picotallo.webp\",\"contentUrl\":\"https:\/\/picoytallo.com\/wp-content\/uploads\/2022\/03\/cropped-Productos-gourmet-picotallo.webp\",\"width\":1194,\"height\":314,\"caption\":\"Pico y Tallo\"},\"image\":{\"@id\":\"https:\/\/picoytallo.com\/fr\/#\/schema\/logo\/image\/\"}}]}<\/script>\n<!-- \/ Yoast SEO plugin. -->","yoast_head_json":{"title":"Tomates s\u00e9ch\u00e9es aux herbes de La Pericana de Muro | Pico y Tallo","description":"D\u00e9couvrez la tomate s\u00e9ch\u00e9e aux herbes et \u00e0 l'huile d'olive extra vierge, \u00e0 la saveur unique. Un produit gastronomique \u00e9labor\u00e9 avec les meilleurs produits.","robots":{"index":"index","follow":"follow","max-snippet":"max-snippet:-1","max-image-preview":"max-image-preview:large","max-video-preview":"max-video-preview:-1"},"canonical":"https:\/\/picoytallo.com\/fr\/producto\/tomate-sechee-aux-herbes-le-mur-americain\/","og_locale":"fr_FR","og_type":"article","og_title":"Tomates s\u00e9ch\u00e9es aux herbes de La Pericana de Muro | Pico y Tallo","og_description":"D\u00e9couvrez la tomate s\u00e9ch\u00e9e aux herbes et \u00e0 l'huile d'olive extra vierge, \u00e0 la saveur unique. Un produit gastronomique \u00e9labor\u00e9 avec les meilleurs produits.","og_url":"https:\/\/picoytallo.com\/fr\/producto\/tomate-sechee-aux-herbes-le-mur-americain\/","og_site_name":"Pico y Tallo","article_modified_time":"2025-04-02T17:01:47+00:00","og_image":[{"width":1080,"height":1080,"url":"https:\/\/picoytallo.com\/wp-content\/uploads\/2024\/11\/234.webp","type":"image\/png"}],"twitter_card":"summary_large_image","twitter_misc":{"Dur\u00e9e de lecture estim\u00e9e":"2 minutes"},"schema":{"@context":"https:\/\/schema.org","@graph":[{"@type":"WebPage","@id":"https:\/\/picoytallo.com\/fr\/producto\/tomate-sechee-aux-herbes-le-mur-americain\/","url":"https:\/\/picoytallo.com\/fr\/producto\/tomate-sechee-aux-herbes-le-mur-americain\/","name":"Tomates s\u00e9ch\u00e9es aux herbes de La Pericana de Muro | Pico y Tallo","isPartOf":{"@id":"https:\/\/picoytallo.com\/fr\/#website"},"primaryImageOfPage":{"@id":"https:\/\/picoytallo.com\/fr\/producto\/tomate-sechee-aux-herbes-le-mur-americain\/#primaryimage"},"image":{"@id":"https:\/\/picoytallo.com\/fr\/producto\/tomate-sechee-aux-herbes-le-mur-americain\/#primaryimage"},"thumbnailUrl":"https:\/\/picoytallo.com\/wp-content\/uploads\/2024\/11\/234.webp","datePublished":"2024-11-13T08:55:46+00:00","dateModified":"2025-04-02T17:01:47+00:00","description":"D\u00e9couvrez la tomate s\u00e9ch\u00e9e aux herbes et \u00e0 l'huile d'olive extra vierge, \u00e0 la saveur unique. Un produit gastronomique \u00e9labor\u00e9 avec les meilleurs produits.","breadcrumb":{"@id":"https:\/\/picoytallo.com\/fr\/producto\/tomate-sechee-aux-herbes-le-mur-americain\/#breadcrumb"},"inLanguage":"fr-FR","potentialAction":[{"@type":"ReadAction","target":["https:\/\/picoytallo.com\/fr\/producto\/tomate-sechee-aux-herbes-le-mur-americain\/"]}]},{"@type":"ImageObject","inLanguage":"fr-FR","@id":"https:\/\/picoytallo.com\/fr\/producto\/tomate-sechee-aux-herbes-le-mur-americain\/#primaryimage","url":"https:\/\/picoytallo.com\/wp-content\/uploads\/2024\/11\/234.webp","contentUrl":"https:\/\/picoytallo.com\/wp-content\/uploads\/2024\/11\/234.webp","width":1080,"height":1080,"caption":"Tomate seco con hierbas"},{"@type":"BreadcrumbList","@id":"https:\/\/picoytallo.com\/fr\/producto\/tomate-sechee-aux-herbes-le-mur-americain\/#breadcrumb","itemListElement":[{"@type":"ListItem","position":1,"name":"Portada","item":"https:\/\/picoytallo.com\/fr\/"},{"@type":"ListItem","position":2,"name":"Boutique","item":"https:\/\/picoytallo.com\/fr\/boutique\/"},{"@type":"ListItem","position":3,"name":"Tomates s\u00e9ch\u00e9es aux herbes de La Pericana de Muro"}]},{"@type":"WebSite","@id":"https:\/\/picoytallo.com\/fr\/#website","url":"https:\/\/picoytallo.com\/fr\/","name":"Pico y Tallo","description":"Productos Gourmet Online","publisher":{"@id":"https:\/\/picoytallo.com\/fr\/#organization"},"potentialAction":[{"@type":"SearchAction","target":{"@type":"EntryPoint","urlTemplate":"https:\/\/picoytallo.com\/fr\/?s={search_term_string}"},"query-input":{"@type":"PropertyValueSpecification","valueRequired":true,"valueName":"search_term_string"}}],"inLanguage":"fr-FR"},{"@type":"Organization","@id":"https:\/\/picoytallo.com\/fr\/#organization","name":"Pico y Tallo","url":"https:\/\/picoytallo.com\/fr\/","logo":{"@type":"ImageObject","inLanguage":"fr-FR","@id":"https:\/\/picoytallo.com\/fr\/#\/schema\/logo\/image\/","url":"https:\/\/picoytallo.com\/wp-content\/uploads\/2022\/03\/cropped-Productos-gourmet-picotallo.webp","contentUrl":"https:\/\/picoytallo.com\/wp-content\/uploads\/2022\/03\/cropped-Productos-gourmet-picotallo.webp","width":1194,"height":314,"caption":"Pico y Tallo"},"image":{"@id":"https:\/\/picoytallo.com\/fr\/#\/schema\/logo\/image\/"}}]}},"_links":{"self":[{"href":"https:\/\/picoytallo.com\/fr\/wp-json\/wp\/v2\/product\/6593","targetHints":{"allow":["GET"]}}],"collection":[{"href":"https:\/\/picoytallo.com\/fr\/wp-json\/wp\/v2\/product"}],"about":[{"href":"https:\/\/picoytallo.com\/fr\/wp-json\/wp\/v2\/types\/product"}],"replies":[{"embeddable":true,"href":"https:\/\/picoytallo.com\/fr\/wp-json\/wp\/v2\/comments?post=6593"}],"wp:featuredmedia":[{"embeddable":true,"href":"https:\/\/picoytallo.com\/fr\/wp-json\/wp\/v2\/media\/5253"}],"wp:attachment":[{"href":"https:\/\/picoytallo.com\/fr\/wp-json\/wp\/v2\/media?parent=6593"}],"wp:term":[{"taxonomy":"product_brand","embeddable":true,"href":"https:\/\/picoytallo.com\/fr\/wp-json\/wp\/v2\/product_brand?post=6593"},{"taxonomy":"product_cat","embeddable":true,"href":"https:\/\/picoytallo.com\/fr\/wp-json\/wp\/v2\/product_cat?post=6593"},{"taxonomy":"product_tag","embeddable":true,"href":"https:\/\/picoytallo.com\/fr\/wp-json\/wp\/v2\/product_tag?post=6593"}],"curies":[{"name":"wp","href":"https:\/\/api.w.org\/{rel}","templated":true}]}}