{"id":7545,"date":"2024-11-06T12:05:33","date_gmt":"2024-11-06T10:05:33","guid":{"rendered":"https:\/\/picoytallo.com\/producto\/nougat-de-guirlache-au-sesame-qualite-artisanale-supreme\/"},"modified":"2024-11-06T12:05:33","modified_gmt":"2024-11-06T10:05:33","slug":"turron-de-guirlache-avec-sesamo","status":"publish","type":"product","link":"https:\/\/picoytallo.com\/fr\/producto\/turron-de-guirlache-avec-sesamo\/","title":{"rendered":"Nougat de Guirlache au s\u00e9same qualit\u00e9 artisanale supr\u00eame"},"content":{"rendered":"<h2>Nougat artisanal Guirlache au s\u00e9same <strong>Pico y Tallo : tradition et go\u00fbt artisanal<\/strong><\/h2>\n<p>&nbsp;<\/p>\n<p>Chez Pico y Tallo, nous vous offrons la saveur authentique de notre Turr\u00f3n de Guirlache con S\u00e9samo, une friandise artisanale traditionnelle qui capture l&rsquo;essence d&rsquo;ingr\u00e9dients de haute qualit\u00e9. Avec une recette qui rend hommage aux racines de notre terre, notre nougat de guirlache associe des amandes s\u00e9lectionn\u00e9es et du s\u00e9same dans un m\u00e9lange d\u00e9licieux et croquant, naturellement sucr\u00e9 pour offrir une saveur authentique et unique. <\/p>\n<p><strong>Fabriqu\u00e9 \u00e0 la main avec des ingr\u00e9dients de premi\u00e8re qualit\u00e9<\/strong><\/p>\n<p>Le nougat Guirlache au s\u00e9same Pico y Tallo est \u00e9labor\u00e9 selon des techniques traditionnelles qui respectent les saveurs et les textures de chaque ingr\u00e9dient. Nous s\u00e9lectionnons soigneusement les meilleures amandes et nous les grillons pour en exalter la saveur. Nous les associons ensuite au s\u00e9same et les trempons dans un caramel naturel \u00e0 base de miel et de sucre. Ce processus artisanal permet d&rsquo;obtenir un nougat croustillant avec un \u00e9quilibre parfait entre la douceur et le go\u00fbt profond de la noisette.   <\/p>\n<p><strong>Avantages et propri\u00e9t\u00e9s du s\u00e9same et des amandes<\/strong><\/p>\n<p>Notre nougat n&rsquo;est pas seulement d\u00e9licieux, il est aussi b\u00e9n\u00e9fique gr\u00e2ce \u00e0 ses ingr\u00e9dients naturels. Les amandes sont une excellente source de prot\u00e9ines v\u00e9g\u00e9tales, de fibres et d&rsquo;antioxydants, tandis que le s\u00e9same est riche en min\u00e9raux tels que le calcium, le magn\u00e9sium et le fer. Cette combinaison fait de notre nougat au s\u00e9same de Guirlache une option id\u00e9ale pour d\u00e9guster une friandise saine et nutritive, parfaite pour toutes les occasions.  <\/p>\n<p><strong>Un go\u00fbt qui \u00e9voque la tradition<\/strong><\/p>\n<p>Le guirlache est une friandise traditionnelle qui fait partie de notre culture depuis des g\u00e9n\u00e9rations, et chez <strong>Pico y Tallo<\/strong>, nous avons voulu pr\u00e9server son authenticit\u00e9. Chaque bouch\u00e9e de notre nougat est une exp\u00e9rience qui \u00e9voque les saveurs d&rsquo;antan, avec une texture croquante et une touche de s\u00e9same qui apporte une nuance particuli\u00e8re. C&rsquo;est la friandise id\u00e9ale \u00e0 partager lors de moments particuliers ou \u00e0 offrir comme un d\u00e9tail qui refl\u00e8te notre amour de l&rsquo;artisanat.  <\/p>\n<p><strong>Comment d\u00e9guster notre nougat de Guirlache aux graines de s\u00e9same<\/strong><\/p>\n<p>Id\u00e9al comme dessert, le nougat au s\u00e9same de Pico y Tallo est polyvalent et d\u00e9licieux. Vous pouvez le d\u00e9guster seul, avec un caf\u00e9 ou un th\u00e9, ou comme touche sp\u00e9ciale sur les plateaux de desserts, aux c\u00f4t\u00e9s d&rsquo;autres friandises de No\u00ebl. Son go\u00fbt authentique et sa texture croustillante lui permettent de se distinguer en toute occasion.  <\/p>\n<p><strong>Durabilit\u00e9 et engagement en faveur de la qualit\u00e9<\/strong><\/p>\n<p>Chez Pico y Tallo, nous nous engageons non seulement pour le go\u00fbt, mais aussi pour l&rsquo;environnement. Nous veillons \u00e0 ce que chaque produit soit fabriqu\u00e9 de mani\u00e8re responsable, en soutenant les producteurs locaux et en utilisant des pratiques durables qui respectent notre environnement. <\/p>\n<p><strong>Pourquoi choisir le turr\u00f3n de guirlache au s\u00e9same de Pico y Tallo ?<\/strong><\/p>\n<p>Si vous recherchez un produit qui allie tradition, saveur et qualit\u00e9, le nougat Guirlache au s\u00e9same Pico y Tallo est le choix id\u00e9al. Chaque pi\u00e8ce de notre turr\u00f3n refl\u00e8te le soin et la passion que nous apportons \u00e0 chaque \u00e9tape de son \u00e9laboration, vous offrant ainsi une friandise authentique, parfaite pour \u00eatre d\u00e9gust\u00e9e en famille ou pour \u00eatre offerte lors des f\u00eates de fin d&rsquo;ann\u00e9e. <\/p>\n<p>D\u00e9couvrez le go\u00fbt unique d&rsquo;un nougat artisanal et profitez de l&rsquo;exp\u00e9rience Pico y Tallo, o\u00f9 le respect de la tradition et de la qualit\u00e9 est notre essence.<\/p>\n","protected":false},"excerpt":{"rendered":"<p>Nougat au chocolat avec des amandes de qualit\u00e9 sup\u00e9rieure, fabriqu\u00e9 \u00e0 la main de mani\u00e8re traditionnelle. D\u00e9licieux et croquant, il associe le meilleur chocolat \u00e0 des amandes enti\u00e8res de grande qualit\u00e9. <\/p>\n","protected":false},"featured_media":5053,"comment_status":"open","ping_status":"closed","template":"","meta":[],"product_brand":[],"product_cat":[453],"product_tag":[941,940],"class_list":{"0":"post-7545","1":"product","2":"type-product","3":"status-publish","4":"has-post-thumbnail","6":"product_cat-chocolats-et-nougats","7":"product_tag-le-nougat-du-nougat","8":"product_tag-nougat-artisanal","10":"first","11":"instock","12":"shipping-taxable","13":"purchasable","14":"product-type-simple"},"yoast_head":"<!-- This site is optimized with the Yoast SEO plugin v26.9 - https:\/\/yoast.com\/product\/yoast-seo-wordpress\/ -->\n<title>Acheter du nougat de Guirlache aux graines de s\u00e9same : Pico y Tallo<\/title>\n<meta name=\"description\" content=\"Achetez en ligne l&#039;authentique nougat de Guirlache au s\u00e9same, nougat de No\u00ebl artisanal de qualit\u00e9 sup\u00e9rieure. Nougat artisanal.\" \/>\n<meta name=\"robots\" content=\"index, follow, max-snippet:-1, max-image-preview:large, max-video-preview:-1\" \/>\n<link rel=\"canonical\" href=\"https:\/\/picoytallo.com\/fr\/producto\/turron-de-guirlache-avec-sesamo\/\" \/>\n<meta property=\"og:locale\" content=\"fr_FR\" \/>\n<meta property=\"og:type\" content=\"article\" \/>\n<meta property=\"og:title\" content=\"Acheter du nougat de Guirlache aux graines de s\u00e9same : Pico y Tallo\" \/>\n<meta property=\"og:description\" content=\"Achetez en ligne l&#039;authentique nougat de Guirlache au s\u00e9same, nougat de No\u00ebl artisanal de qualit\u00e9 sup\u00e9rieure. Nougat artisanal.\" \/>\n<meta property=\"og:url\" content=\"https:\/\/picoytallo.com\/fr\/producto\/turron-de-guirlache-avec-sesamo\/\" \/>\n<meta property=\"og:site_name\" content=\"Pico y Tallo\" \/>\n<meta property=\"og:image\" content=\"https:\/\/picoytallo.com\/wp-content\/uploads\/2024\/11\/180.png\" \/>\n\t<meta property=\"og:image:width\" content=\"1080\" \/>\n\t<meta property=\"og:image:height\" content=\"1080\" \/>\n\t<meta property=\"og:image:type\" content=\"image\/png\" \/>\n<meta name=\"twitter:card\" content=\"summary_large_image\" \/>\n<meta name=\"twitter:label1\" content=\"Dur\u00e9e de lecture estim\u00e9e\" \/>\n\t<meta name=\"twitter:data1\" content=\"3 minutes\" \/>\n<script type=\"application\/ld+json\" class=\"yoast-schema-graph\">{\"@context\":\"https:\/\/schema.org\",\"@graph\":[{\"@type\":\"WebPage\",\"@id\":\"https:\/\/picoytallo.com\/fr\/producto\/turron-de-guirlache-avec-sesamo\/\",\"url\":\"https:\/\/picoytallo.com\/fr\/producto\/turron-de-guirlache-avec-sesamo\/\",\"name\":\"Acheter du nougat de Guirlache aux graines de s\u00e9same : Pico y Tallo\",\"isPartOf\":{\"@id\":\"https:\/\/picoytallo.com\/fr\/#website\"},\"primaryImageOfPage\":{\"@id\":\"https:\/\/picoytallo.com\/fr\/producto\/turron-de-guirlache-avec-sesamo\/#primaryimage\"},\"image\":{\"@id\":\"https:\/\/picoytallo.com\/fr\/producto\/turron-de-guirlache-avec-sesamo\/#primaryimage\"},\"thumbnailUrl\":\"https:\/\/picoytallo.com\/wp-content\/uploads\/2024\/11\/180.png\",\"datePublished\":\"2024-11-06T10:05:33+00:00\",\"description\":\"Achetez en ligne l'authentique nougat de Guirlache au s\u00e9same, nougat de No\u00ebl artisanal de qualit\u00e9 sup\u00e9rieure. Nougat artisanal.\",\"breadcrumb\":{\"@id\":\"https:\/\/picoytallo.com\/fr\/producto\/turron-de-guirlache-avec-sesamo\/#breadcrumb\"},\"inLanguage\":\"fr-FR\",\"potentialAction\":[{\"@type\":\"ReadAction\",\"target\":[\"https:\/\/picoytallo.com\/fr\/producto\/turron-de-guirlache-avec-sesamo\/\"]}]},{\"@type\":\"ImageObject\",\"inLanguage\":\"fr-FR\",\"@id\":\"https:\/\/picoytallo.com\/fr\/producto\/turron-de-guirlache-avec-sesamo\/#primaryimage\",\"url\":\"https:\/\/picoytallo.com\/wp-content\/uploads\/2024\/11\/180.png\",\"contentUrl\":\"https:\/\/picoytallo.com\/wp-content\/uploads\/2024\/11\/180.png\",\"width\":1080,\"height\":1080,\"caption\":\"Turr\u00f3n de guirlache\"},{\"@type\":\"BreadcrumbList\",\"@id\":\"https:\/\/picoytallo.com\/fr\/producto\/turron-de-guirlache-avec-sesamo\/#breadcrumb\",\"itemListElement\":[{\"@type\":\"ListItem\",\"position\":1,\"name\":\"Portada\",\"item\":\"https:\/\/picoytallo.com\/fr\/\"},{\"@type\":\"ListItem\",\"position\":2,\"name\":\"Boutique\",\"item\":\"https:\/\/picoytallo.com\/fr\/boutique\/\"},{\"@type\":\"ListItem\",\"position\":3,\"name\":\"Nougat de Guirlache au s\u00e9same qualit\u00e9 artisanale supr\u00eame\"}]},{\"@type\":\"WebSite\",\"@id\":\"https:\/\/picoytallo.com\/fr\/#website\",\"url\":\"https:\/\/picoytallo.com\/fr\/\",\"name\":\"Pico y Tallo\",\"description\":\"Productos Gourmet Online\",\"publisher\":{\"@id\":\"https:\/\/picoytallo.com\/fr\/#organization\"},\"potentialAction\":[{\"@type\":\"SearchAction\",\"target\":{\"@type\":\"EntryPoint\",\"urlTemplate\":\"https:\/\/picoytallo.com\/fr\/?s={search_term_string}\"},\"query-input\":{\"@type\":\"PropertyValueSpecification\",\"valueRequired\":true,\"valueName\":\"search_term_string\"}}],\"inLanguage\":\"fr-FR\"},{\"@type\":\"Organization\",\"@id\":\"https:\/\/picoytallo.com\/fr\/#organization\",\"name\":\"Pico y Tallo\",\"url\":\"https:\/\/picoytallo.com\/fr\/\",\"logo\":{\"@type\":\"ImageObject\",\"inLanguage\":\"fr-FR\",\"@id\":\"https:\/\/picoytallo.com\/fr\/#\/schema\/logo\/image\/\",\"url\":\"https:\/\/picoytallo.com\/wp-content\/uploads\/2022\/03\/cropped-Productos-gourmet-picotallo.webp\",\"contentUrl\":\"https:\/\/picoytallo.com\/wp-content\/uploads\/2022\/03\/cropped-Productos-gourmet-picotallo.webp\",\"width\":1194,\"height\":314,\"caption\":\"Pico y Tallo\"},\"image\":{\"@id\":\"https:\/\/picoytallo.com\/fr\/#\/schema\/logo\/image\/\"}}]}<\/script>\n<!-- \/ Yoast SEO plugin. -->","yoast_head_json":{"title":"Acheter du nougat de Guirlache aux graines de s\u00e9same : Pico y Tallo","description":"Achetez en ligne l'authentique nougat de Guirlache au s\u00e9same, nougat de No\u00ebl artisanal de qualit\u00e9 sup\u00e9rieure. Nougat artisanal.","robots":{"index":"index","follow":"follow","max-snippet":"max-snippet:-1","max-image-preview":"max-image-preview:large","max-video-preview":"max-video-preview:-1"},"canonical":"https:\/\/picoytallo.com\/fr\/producto\/turron-de-guirlache-avec-sesamo\/","og_locale":"fr_FR","og_type":"article","og_title":"Acheter du nougat de Guirlache aux graines de s\u00e9same : Pico y Tallo","og_description":"Achetez en ligne l'authentique nougat de Guirlache au s\u00e9same, nougat de No\u00ebl artisanal de qualit\u00e9 sup\u00e9rieure. Nougat artisanal.","og_url":"https:\/\/picoytallo.com\/fr\/producto\/turron-de-guirlache-avec-sesamo\/","og_site_name":"Pico y Tallo","og_image":[{"width":1080,"height":1080,"url":"https:\/\/picoytallo.com\/wp-content\/uploads\/2024\/11\/180.png","type":"image\/png"}],"twitter_card":"summary_large_image","twitter_misc":{"Dur\u00e9e de lecture estim\u00e9e":"3 minutes"},"schema":{"@context":"https:\/\/schema.org","@graph":[{"@type":"WebPage","@id":"https:\/\/picoytallo.com\/fr\/producto\/turron-de-guirlache-avec-sesamo\/","url":"https:\/\/picoytallo.com\/fr\/producto\/turron-de-guirlache-avec-sesamo\/","name":"Acheter du nougat de Guirlache aux graines de s\u00e9same : Pico y Tallo","isPartOf":{"@id":"https:\/\/picoytallo.com\/fr\/#website"},"primaryImageOfPage":{"@id":"https:\/\/picoytallo.com\/fr\/producto\/turron-de-guirlache-avec-sesamo\/#primaryimage"},"image":{"@id":"https:\/\/picoytallo.com\/fr\/producto\/turron-de-guirlache-avec-sesamo\/#primaryimage"},"thumbnailUrl":"https:\/\/picoytallo.com\/wp-content\/uploads\/2024\/11\/180.png","datePublished":"2024-11-06T10:05:33+00:00","description":"Achetez en ligne l'authentique nougat de Guirlache au s\u00e9same, nougat de No\u00ebl artisanal de qualit\u00e9 sup\u00e9rieure. Nougat artisanal.","breadcrumb":{"@id":"https:\/\/picoytallo.com\/fr\/producto\/turron-de-guirlache-avec-sesamo\/#breadcrumb"},"inLanguage":"fr-FR","potentialAction":[{"@type":"ReadAction","target":["https:\/\/picoytallo.com\/fr\/producto\/turron-de-guirlache-avec-sesamo\/"]}]},{"@type":"ImageObject","inLanguage":"fr-FR","@id":"https:\/\/picoytallo.com\/fr\/producto\/turron-de-guirlache-avec-sesamo\/#primaryimage","url":"https:\/\/picoytallo.com\/wp-content\/uploads\/2024\/11\/180.png","contentUrl":"https:\/\/picoytallo.com\/wp-content\/uploads\/2024\/11\/180.png","width":1080,"height":1080,"caption":"Turr\u00f3n de guirlache"},{"@type":"BreadcrumbList","@id":"https:\/\/picoytallo.com\/fr\/producto\/turron-de-guirlache-avec-sesamo\/#breadcrumb","itemListElement":[{"@type":"ListItem","position":1,"name":"Portada","item":"https:\/\/picoytallo.com\/fr\/"},{"@type":"ListItem","position":2,"name":"Boutique","item":"https:\/\/picoytallo.com\/fr\/boutique\/"},{"@type":"ListItem","position":3,"name":"Nougat de Guirlache au s\u00e9same qualit\u00e9 artisanale supr\u00eame"}]},{"@type":"WebSite","@id":"https:\/\/picoytallo.com\/fr\/#website","url":"https:\/\/picoytallo.com\/fr\/","name":"Pico y Tallo","description":"Productos Gourmet Online","publisher":{"@id":"https:\/\/picoytallo.com\/fr\/#organization"},"potentialAction":[{"@type":"SearchAction","target":{"@type":"EntryPoint","urlTemplate":"https:\/\/picoytallo.com\/fr\/?s={search_term_string}"},"query-input":{"@type":"PropertyValueSpecification","valueRequired":true,"valueName":"search_term_string"}}],"inLanguage":"fr-FR"},{"@type":"Organization","@id":"https:\/\/picoytallo.com\/fr\/#organization","name":"Pico y Tallo","url":"https:\/\/picoytallo.com\/fr\/","logo":{"@type":"ImageObject","inLanguage":"fr-FR","@id":"https:\/\/picoytallo.com\/fr\/#\/schema\/logo\/image\/","url":"https:\/\/picoytallo.com\/wp-content\/uploads\/2022\/03\/cropped-Productos-gourmet-picotallo.webp","contentUrl":"https:\/\/picoytallo.com\/wp-content\/uploads\/2022\/03\/cropped-Productos-gourmet-picotallo.webp","width":1194,"height":314,"caption":"Pico y Tallo"},"image":{"@id":"https:\/\/picoytallo.com\/fr\/#\/schema\/logo\/image\/"}}]}},"_links":{"self":[{"href":"https:\/\/picoytallo.com\/fr\/wp-json\/wp\/v2\/product\/7545","targetHints":{"allow":["GET"]}}],"collection":[{"href":"https:\/\/picoytallo.com\/fr\/wp-json\/wp\/v2\/product"}],"about":[{"href":"https:\/\/picoytallo.com\/fr\/wp-json\/wp\/v2\/types\/product"}],"replies":[{"embeddable":true,"href":"https:\/\/picoytallo.com\/fr\/wp-json\/wp\/v2\/comments?post=7545"}],"wp:featuredmedia":[{"embeddable":true,"href":"https:\/\/picoytallo.com\/fr\/wp-json\/wp\/v2\/media\/5053"}],"wp:attachment":[{"href":"https:\/\/picoytallo.com\/fr\/wp-json\/wp\/v2\/media?parent=7545"}],"wp:term":[{"taxonomy":"product_brand","embeddable":true,"href":"https:\/\/picoytallo.com\/fr\/wp-json\/wp\/v2\/product_brand?post=7545"},{"taxonomy":"product_cat","embeddable":true,"href":"https:\/\/picoytallo.com\/fr\/wp-json\/wp\/v2\/product_cat?post=7545"},{"taxonomy":"product_tag","embeddable":true,"href":"https:\/\/picoytallo.com\/fr\/wp-json\/wp\/v2\/product_tag?post=7545"}],"curies":[{"name":"wp","href":"https:\/\/api.w.org\/{rel}","templated":true}]}}