{"id":9699,"date":"2024-10-16T11:44:13","date_gmt":"2024-10-16T09:44:13","guid":{"rendered":"https:\/\/picoytallo.com\/producto\/nougat-au-chocolat-et-aux-amandes-qualite-supreme-fait-a-la-main-200-gr\/"},"modified":"2024-10-16T11:44:13","modified_gmt":"2024-10-16T09:44:13","slug":"nougat-au-chocolat-et-aux-amandes-qualite-supreme-fait-a-la-main-200-gr","status":"publish","type":"product","link":"https:\/\/picoytallo.com\/fr\/producto\/nougat-au-chocolat-et-aux-amandes-qualite-supreme-fait-a-la-main-200-gr\/","title":{"rendered":"Nougat au chocolat et aux amandes Qualit\u00e9 supr\u00eame Fait \u00e0 la main &#8211; 200 gr"},"content":{"rendered":"<p>Ce nougat au chocolat et aux amandes de qualit\u00e9 supr\u00eame est l&rsquo;\u00e9quilibre parfait entre le go\u00fbt onctueux du chocolat et la texture croquante des amandes enti\u00e8res. Avec 200 grammes de pur plaisir, ce joyau de la confiserie espagnole est id\u00e9al pour les amateurs de chocolat \u00e0 la recherche d&rsquo;une touche de qualit\u00e9 suppl\u00e9mentaire. Fabriqu\u00e9 \u00e0 la main, ce nougat apporte une saveur intense et une combinaison irr\u00e9sistible \u00e0 savourer pendant les f\u00eates ou \u00e0 tout moment de l&rsquo;ann\u00e9e.  <\/p>\n","protected":false},"excerpt":{"rendered":"<p>Nougat au chocolat avec des amandes de qualit\u00e9 sup\u00e9rieure, fabriqu\u00e9 \u00e0 la main de mani\u00e8re traditionnelle. D\u00e9licieux et croquant, il associe le meilleur chocolat \u00e0 des amandes enti\u00e8res de grande qualit\u00e9. <\/p>\n","protected":false},"featured_media":4824,"comment_status":"open","ping_status":"closed","template":"","meta":[],"product_brand":[],"product_cat":[453],"product_tag":[940,1100],"class_list":{"0":"post-9699","1":"product","2":"type-product","3":"status-publish","4":"has-post-thumbnail","6":"product_cat-chocolats-et-nougats","7":"product_tag-nougat-artisanal","8":"product_tag-nougat-au-chocolat","10":"first","11":"instock","12":"shipping-taxable","13":"purchasable","14":"product-type-simple"},"yoast_head":"<!-- This site is optimized with the Yoast SEO plugin v26.9 - https:\/\/yoast.com\/product\/yoast-seo-wordpress\/ -->\n<title>Nougat au chocolat et aux amandes Qualit\u00e9 supr\u00eame Fait \u00e0 la main - 200 gr<\/title>\n<meta name=\"description\" content=\"Achetez en ligne l&#039;authentique Nougat au chocolat et aux amandes Nougat de No\u00ebl artisanal de qualit\u00e9 supr\u00eame. Nougat artisanal.\" \/>\n<meta name=\"robots\" content=\"index, follow, max-snippet:-1, max-image-preview:large, max-video-preview:-1\" \/>\n<link rel=\"canonical\" href=\"https:\/\/picoytallo.com\/fr\/producto\/nougat-au-chocolat-et-aux-amandes-qualite-supreme-fait-a-la-main-200-gr\/\" \/>\n<meta property=\"og:locale\" content=\"fr_FR\" \/>\n<meta property=\"og:type\" content=\"article\" \/>\n<meta property=\"og:title\" content=\"Nougat au chocolat et aux amandes Qualit\u00e9 supr\u00eame Fait \u00e0 la main - 200 gr\" \/>\n<meta property=\"og:description\" content=\"Achetez en ligne l&#039;authentique Nougat au chocolat et aux amandes Nougat de No\u00ebl artisanal de qualit\u00e9 supr\u00eame. Nougat artisanal.\" \/>\n<meta property=\"og:url\" content=\"https:\/\/picoytallo.com\/fr\/producto\/nougat-au-chocolat-et-aux-amandes-qualite-supreme-fait-a-la-main-200-gr\/\" \/>\n<meta property=\"og:site_name\" content=\"Pico y Tallo\" \/>\n<meta property=\"og:image\" content=\"https:\/\/picoytallo.com\/wp-content\/uploads\/2024\/10\/Turron-chocolate-y-almendra-artesano.webp\" \/>\n\t<meta property=\"og:image:width\" content=\"1024\" \/>\n\t<meta property=\"og:image:height\" content=\"1024\" \/>\n\t<meta property=\"og:image:type\" content=\"image\/webp\" \/>\n<meta name=\"twitter:card\" content=\"summary_large_image\" \/>\n<script type=\"application\/ld+json\" class=\"yoast-schema-graph\">{\"@context\":\"https:\/\/schema.org\",\"@graph\":[{\"@type\":\"WebPage\",\"@id\":\"https:\/\/picoytallo.com\/fr\/producto\/nougat-au-chocolat-et-aux-amandes-qualite-supreme-fait-a-la-main-200-gr\/\",\"url\":\"https:\/\/picoytallo.com\/fr\/producto\/nougat-au-chocolat-et-aux-amandes-qualite-supreme-fait-a-la-main-200-gr\/\",\"name\":\"Nougat au chocolat et aux amandes Qualit\u00e9 supr\u00eame Fait \u00e0 la main - 200 gr\",\"isPartOf\":{\"@id\":\"https:\/\/picoytallo.com\/fr\/#website\"},\"primaryImageOfPage\":{\"@id\":\"https:\/\/picoytallo.com\/fr\/producto\/nougat-au-chocolat-et-aux-amandes-qualite-supreme-fait-a-la-main-200-gr\/#primaryimage\"},\"image\":{\"@id\":\"https:\/\/picoytallo.com\/fr\/producto\/nougat-au-chocolat-et-aux-amandes-qualite-supreme-fait-a-la-main-200-gr\/#primaryimage\"},\"thumbnailUrl\":\"https:\/\/picoytallo.com\/wp-content\/uploads\/2024\/10\/Turron-chocolate-y-almendra-artesano.webp\",\"datePublished\":\"2024-10-16T09:44:13+00:00\",\"description\":\"Achetez en ligne l'authentique Nougat au chocolat et aux amandes Nougat de No\u00ebl artisanal de qualit\u00e9 supr\u00eame. Nougat artisanal.\",\"breadcrumb\":{\"@id\":\"https:\/\/picoytallo.com\/fr\/producto\/nougat-au-chocolat-et-aux-amandes-qualite-supreme-fait-a-la-main-200-gr\/#breadcrumb\"},\"inLanguage\":\"fr-FR\",\"potentialAction\":[{\"@type\":\"ReadAction\",\"target\":[\"https:\/\/picoytallo.com\/fr\/producto\/nougat-au-chocolat-et-aux-amandes-qualite-supreme-fait-a-la-main-200-gr\/\"]}]},{\"@type\":\"ImageObject\",\"inLanguage\":\"fr-FR\",\"@id\":\"https:\/\/picoytallo.com\/fr\/producto\/nougat-au-chocolat-et-aux-amandes-qualite-supreme-fait-a-la-main-200-gr\/#primaryimage\",\"url\":\"https:\/\/picoytallo.com\/wp-content\/uploads\/2024\/10\/Turron-chocolate-y-almendra-artesano.webp\",\"contentUrl\":\"https:\/\/picoytallo.com\/wp-content\/uploads\/2024\/10\/Turron-chocolate-y-almendra-artesano.webp\",\"width\":1024,\"height\":1024,\"caption\":\"Acheter Nougat au chocolat et aux amandes\"},{\"@type\":\"BreadcrumbList\",\"@id\":\"https:\/\/picoytallo.com\/fr\/producto\/nougat-au-chocolat-et-aux-amandes-qualite-supreme-fait-a-la-main-200-gr\/#breadcrumb\",\"itemListElement\":[{\"@type\":\"ListItem\",\"position\":1,\"name\":\"Portada\",\"item\":\"https:\/\/picoytallo.com\/fr\/\"},{\"@type\":\"ListItem\",\"position\":2,\"name\":\"Boutique\",\"item\":\"https:\/\/picoytallo.com\/fr\/boutique\/\"},{\"@type\":\"ListItem\",\"position\":3,\"name\":\"Nougat au chocolat et aux amandes Qualit\u00e9 supr\u00eame Fait \u00e0 la main &#8211; 200 gr\"}]},{\"@type\":\"WebSite\",\"@id\":\"https:\/\/picoytallo.com\/fr\/#website\",\"url\":\"https:\/\/picoytallo.com\/fr\/\",\"name\":\"Pico y Tallo\",\"description\":\"Productos Gourmet Online\",\"publisher\":{\"@id\":\"https:\/\/picoytallo.com\/fr\/#organization\"},\"potentialAction\":[{\"@type\":\"SearchAction\",\"target\":{\"@type\":\"EntryPoint\",\"urlTemplate\":\"https:\/\/picoytallo.com\/fr\/?s={search_term_string}\"},\"query-input\":{\"@type\":\"PropertyValueSpecification\",\"valueRequired\":true,\"valueName\":\"search_term_string\"}}],\"inLanguage\":\"fr-FR\"},{\"@type\":\"Organization\",\"@id\":\"https:\/\/picoytallo.com\/fr\/#organization\",\"name\":\"Pico y Tallo\",\"url\":\"https:\/\/picoytallo.com\/fr\/\",\"logo\":{\"@type\":\"ImageObject\",\"inLanguage\":\"fr-FR\",\"@id\":\"https:\/\/picoytallo.com\/fr\/#\/schema\/logo\/image\/\",\"url\":\"https:\/\/picoytallo.com\/wp-content\/uploads\/2022\/03\/cropped-Productos-gourmet-picotallo.webp\",\"contentUrl\":\"https:\/\/picoytallo.com\/wp-content\/uploads\/2022\/03\/cropped-Productos-gourmet-picotallo.webp\",\"width\":1194,\"height\":314,\"caption\":\"Pico y Tallo\"},\"image\":{\"@id\":\"https:\/\/picoytallo.com\/fr\/#\/schema\/logo\/image\/\"}}]}<\/script>\n<!-- \/ Yoast SEO plugin. -->","yoast_head_json":{"title":"Nougat au chocolat et aux amandes Qualit\u00e9 supr\u00eame Fait \u00e0 la main - 200 gr","description":"Achetez en ligne l'authentique Nougat au chocolat et aux amandes Nougat de No\u00ebl artisanal de qualit\u00e9 supr\u00eame. Nougat artisanal.","robots":{"index":"index","follow":"follow","max-snippet":"max-snippet:-1","max-image-preview":"max-image-preview:large","max-video-preview":"max-video-preview:-1"},"canonical":"https:\/\/picoytallo.com\/fr\/producto\/nougat-au-chocolat-et-aux-amandes-qualite-supreme-fait-a-la-main-200-gr\/","og_locale":"fr_FR","og_type":"article","og_title":"Nougat au chocolat et aux amandes Qualit\u00e9 supr\u00eame Fait \u00e0 la main - 200 gr","og_description":"Achetez en ligne l'authentique Nougat au chocolat et aux amandes Nougat de No\u00ebl artisanal de qualit\u00e9 supr\u00eame. Nougat artisanal.","og_url":"https:\/\/picoytallo.com\/fr\/producto\/nougat-au-chocolat-et-aux-amandes-qualite-supreme-fait-a-la-main-200-gr\/","og_site_name":"Pico y Tallo","og_image":[{"width":1024,"height":1024,"url":"https:\/\/picoytallo.com\/wp-content\/uploads\/2024\/10\/Turron-chocolate-y-almendra-artesano.webp","type":"image\/webp"}],"twitter_card":"summary_large_image","schema":{"@context":"https:\/\/schema.org","@graph":[{"@type":"WebPage","@id":"https:\/\/picoytallo.com\/fr\/producto\/nougat-au-chocolat-et-aux-amandes-qualite-supreme-fait-a-la-main-200-gr\/","url":"https:\/\/picoytallo.com\/fr\/producto\/nougat-au-chocolat-et-aux-amandes-qualite-supreme-fait-a-la-main-200-gr\/","name":"Nougat au chocolat et aux amandes Qualit\u00e9 supr\u00eame Fait \u00e0 la main - 200 gr","isPartOf":{"@id":"https:\/\/picoytallo.com\/fr\/#website"},"primaryImageOfPage":{"@id":"https:\/\/picoytallo.com\/fr\/producto\/nougat-au-chocolat-et-aux-amandes-qualite-supreme-fait-a-la-main-200-gr\/#primaryimage"},"image":{"@id":"https:\/\/picoytallo.com\/fr\/producto\/nougat-au-chocolat-et-aux-amandes-qualite-supreme-fait-a-la-main-200-gr\/#primaryimage"},"thumbnailUrl":"https:\/\/picoytallo.com\/wp-content\/uploads\/2024\/10\/Turron-chocolate-y-almendra-artesano.webp","datePublished":"2024-10-16T09:44:13+00:00","description":"Achetez en ligne l'authentique Nougat au chocolat et aux amandes Nougat de No\u00ebl artisanal de qualit\u00e9 supr\u00eame. Nougat artisanal.","breadcrumb":{"@id":"https:\/\/picoytallo.com\/fr\/producto\/nougat-au-chocolat-et-aux-amandes-qualite-supreme-fait-a-la-main-200-gr\/#breadcrumb"},"inLanguage":"fr-FR","potentialAction":[{"@type":"ReadAction","target":["https:\/\/picoytallo.com\/fr\/producto\/nougat-au-chocolat-et-aux-amandes-qualite-supreme-fait-a-la-main-200-gr\/"]}]},{"@type":"ImageObject","inLanguage":"fr-FR","@id":"https:\/\/picoytallo.com\/fr\/producto\/nougat-au-chocolat-et-aux-amandes-qualite-supreme-fait-a-la-main-200-gr\/#primaryimage","url":"https:\/\/picoytallo.com\/wp-content\/uploads\/2024\/10\/Turron-chocolate-y-almendra-artesano.webp","contentUrl":"https:\/\/picoytallo.com\/wp-content\/uploads\/2024\/10\/Turron-chocolate-y-almendra-artesano.webp","width":1024,"height":1024,"caption":"Acheter Nougat au chocolat et aux amandes"},{"@type":"BreadcrumbList","@id":"https:\/\/picoytallo.com\/fr\/producto\/nougat-au-chocolat-et-aux-amandes-qualite-supreme-fait-a-la-main-200-gr\/#breadcrumb","itemListElement":[{"@type":"ListItem","position":1,"name":"Portada","item":"https:\/\/picoytallo.com\/fr\/"},{"@type":"ListItem","position":2,"name":"Boutique","item":"https:\/\/picoytallo.com\/fr\/boutique\/"},{"@type":"ListItem","position":3,"name":"Nougat au chocolat et aux amandes Qualit\u00e9 supr\u00eame Fait \u00e0 la main &#8211; 200 gr"}]},{"@type":"WebSite","@id":"https:\/\/picoytallo.com\/fr\/#website","url":"https:\/\/picoytallo.com\/fr\/","name":"Pico y Tallo","description":"Productos Gourmet Online","publisher":{"@id":"https:\/\/picoytallo.com\/fr\/#organization"},"potentialAction":[{"@type":"SearchAction","target":{"@type":"EntryPoint","urlTemplate":"https:\/\/picoytallo.com\/fr\/?s={search_term_string}"},"query-input":{"@type":"PropertyValueSpecification","valueRequired":true,"valueName":"search_term_string"}}],"inLanguage":"fr-FR"},{"@type":"Organization","@id":"https:\/\/picoytallo.com\/fr\/#organization","name":"Pico y Tallo","url":"https:\/\/picoytallo.com\/fr\/","logo":{"@type":"ImageObject","inLanguage":"fr-FR","@id":"https:\/\/picoytallo.com\/fr\/#\/schema\/logo\/image\/","url":"https:\/\/picoytallo.com\/wp-content\/uploads\/2022\/03\/cropped-Productos-gourmet-picotallo.webp","contentUrl":"https:\/\/picoytallo.com\/wp-content\/uploads\/2022\/03\/cropped-Productos-gourmet-picotallo.webp","width":1194,"height":314,"caption":"Pico y Tallo"},"image":{"@id":"https:\/\/picoytallo.com\/fr\/#\/schema\/logo\/image\/"}}]}},"_links":{"self":[{"href":"https:\/\/picoytallo.com\/fr\/wp-json\/wp\/v2\/product\/9699","targetHints":{"allow":["GET"]}}],"collection":[{"href":"https:\/\/picoytallo.com\/fr\/wp-json\/wp\/v2\/product"}],"about":[{"href":"https:\/\/picoytallo.com\/fr\/wp-json\/wp\/v2\/types\/product"}],"replies":[{"embeddable":true,"href":"https:\/\/picoytallo.com\/fr\/wp-json\/wp\/v2\/comments?post=9699"}],"wp:featuredmedia":[{"embeddable":true,"href":"https:\/\/picoytallo.com\/fr\/wp-json\/wp\/v2\/media\/4824"}],"wp:attachment":[{"href":"https:\/\/picoytallo.com\/fr\/wp-json\/wp\/v2\/media?parent=9699"}],"wp:term":[{"taxonomy":"product_brand","embeddable":true,"href":"https:\/\/picoytallo.com\/fr\/wp-json\/wp\/v2\/product_brand?post=9699"},{"taxonomy":"product_cat","embeddable":true,"href":"https:\/\/picoytallo.com\/fr\/wp-json\/wp\/v2\/product_cat?post=9699"},{"taxonomy":"product_tag","embeddable":true,"href":"https:\/\/picoytallo.com\/fr\/wp-json\/wp\/v2\/product_tag?post=9699"}],"curies":[{"name":"wp","href":"https:\/\/api.w.org\/{rel}","templated":true}]}}