{"id":9702,"date":"2024-10-16T11:44:13","date_gmt":"2024-10-16T09:44:13","guid":{"rendered":"https:\/\/picoytallo.com\/producto\/garum-xxi-120-gr-olives-vertes-et-anchois-de-cantabrie-dorigine-biologique-en-aperitif\/"},"modified":"2024-10-16T11:44:13","modified_gmt":"2024-10-16T09:44:13","slug":"garum-xxi-120-gr-olives-vertes-et-anchois-de-cantabrie-dorigine-biologique-en-aperitif","status":"publish","type":"product","link":"https:\/\/picoytallo.com\/fr\/producto\/garum-xxi-120-gr-olives-vertes-et-anchois-de-cantabrie-dorigine-biologique-en-aperitif\/","title":{"rendered":"Garum XXI 120 gr &#8211; Olives vertes et anchois de Cantabrie d&rsquo;origine biologique en ap\u00e9ritif"},"content":{"rendered":"<p>Garum XXI 120 grammes est un amuse-gueule exclusif qui allie le meilleur de la tradition m\u00e9diterran\u00e9enne \u00e0 des ingr\u00e9dients de la plus haute qualit\u00e9. \u00c9labor\u00e9 \u00e0 partir d&rsquo;olives vertes biologiques et d&rsquo;anchois exquis de Cantabrie, ce produit gastronomique est parfait pour ceux qui recherchent un go\u00fbt authentique et sophistiqu\u00e9. Il est id\u00e9al pour l&rsquo;ap\u00e9ritif ou pour enrichir les salades et les plats de haute cuisine. Garum XXI \u00e9voque l&rsquo;essence de la M\u00e9diterran\u00e9e et offre une explosion de saveurs \u00e0 chaque bouch\u00e9e.   <\/p>\n","protected":false},"excerpt":{"rendered":"<p>Garum XXI de 120 gr. Amuse-gueule d&rsquo;olives vertes biologiques et d&rsquo;anchois de Cantabrie. Une saveur exclusive et gourmande pour les palais les plus exigeants.  <\/p>\n","protected":false},"featured_media":4864,"comment_status":"open","ping_status":"closed","template":"","meta":[],"product_brand":[],"product_cat":[359,499],"product_tag":[1106,1105,961,1104],"class_list":{"0":"post-9702","1":"product","2":"type-product","3":"status-publish","4":"has-post-thumbnail","6":"product_cat-produits-gastronomiques","7":"product_cat-vinaigrettes-et-sauces","8":"product_tag-anchois","9":"product_tag-garo","10":"product_tag-garum-fr","11":"product_tag-olives-2","13":"first","14":"instock","15":"shipping-taxable","16":"purchasable","17":"product-type-simple"},"yoast_head":"<!-- This site is optimized with the Yoast SEO plugin v26.9 - https:\/\/yoast.com\/product\/yoast-seo-wordpress\/ -->\n<title>Garum - Olives vertes bio et anchois de Cantabrie en entr\u00e9e<\/title>\n<meta name=\"description\" content=\"D\u00e9couvrez Garum XXI, le hors-d&#039;\u0153uvre \u00e0 base d&#039;olives vertes biologiques et d&#039;anchois de Cantabrie \u00e0 la saveur unique. Achetez en ligne.\" \/>\n<meta name=\"robots\" content=\"index, follow, max-snippet:-1, max-image-preview:large, max-video-preview:-1\" \/>\n<link rel=\"canonical\" href=\"https:\/\/picoytallo.com\/fr\/producto\/garum-xxi-120-gr-olives-vertes-et-anchois-de-cantabrie-dorigine-biologique-en-aperitif\/\" \/>\n<meta property=\"og:locale\" content=\"fr_FR\" \/>\n<meta property=\"og:type\" content=\"article\" \/>\n<meta property=\"og:title\" content=\"Garum - Olives vertes bio et anchois de Cantabrie en entr\u00e9e\" \/>\n<meta property=\"og:description\" content=\"D\u00e9couvrez Garum XXI, le hors-d&#039;\u0153uvre \u00e0 base d&#039;olives vertes biologiques et d&#039;anchois de Cantabrie \u00e0 la saveur unique. Achetez en ligne.\" \/>\n<meta property=\"og:url\" content=\"https:\/\/picoytallo.com\/fr\/producto\/garum-xxi-120-gr-olives-vertes-et-anchois-de-cantabrie-dorigine-biologique-en-aperitif\/\" \/>\n<meta property=\"og:site_name\" content=\"Pico y Tallo\" \/>\n<meta property=\"og:image\" content=\"https:\/\/picoytallo.com\/wp-content\/uploads\/2024\/10\/Garum-aperitivo.webp\" \/>\n\t<meta property=\"og:image:width\" content=\"1080\" \/>\n\t<meta property=\"og:image:height\" content=\"1080\" \/>\n\t<meta property=\"og:image:type\" content=\"image\/webp\" \/>\n<meta name=\"twitter:card\" content=\"summary_large_image\" \/>\n<script type=\"application\/ld+json\" class=\"yoast-schema-graph\">{\"@context\":\"https:\/\/schema.org\",\"@graph\":[{\"@type\":\"WebPage\",\"@id\":\"https:\/\/picoytallo.com\/fr\/producto\/garum-xxi-120-gr-olives-vertes-et-anchois-de-cantabrie-dorigine-biologique-en-aperitif\/\",\"url\":\"https:\/\/picoytallo.com\/fr\/producto\/garum-xxi-120-gr-olives-vertes-et-anchois-de-cantabrie-dorigine-biologique-en-aperitif\/\",\"name\":\"Garum - Olives vertes bio et anchois de Cantabrie en entr\u00e9e\",\"isPartOf\":{\"@id\":\"https:\/\/picoytallo.com\/fr\/#website\"},\"primaryImageOfPage\":{\"@id\":\"https:\/\/picoytallo.com\/fr\/producto\/garum-xxi-120-gr-olives-vertes-et-anchois-de-cantabrie-dorigine-biologique-en-aperitif\/#primaryimage\"},\"image\":{\"@id\":\"https:\/\/picoytallo.com\/fr\/producto\/garum-xxi-120-gr-olives-vertes-et-anchois-de-cantabrie-dorigine-biologique-en-aperitif\/#primaryimage\"},\"thumbnailUrl\":\"https:\/\/picoytallo.com\/wp-content\/uploads\/2024\/10\/Garum-aperitivo.webp\",\"datePublished\":\"2024-10-16T09:44:13+00:00\",\"description\":\"D\u00e9couvrez Garum XXI, le hors-d'\u0153uvre \u00e0 base d'olives vertes biologiques et d'anchois de Cantabrie \u00e0 la saveur unique. Achetez en ligne.\",\"breadcrumb\":{\"@id\":\"https:\/\/picoytallo.com\/fr\/producto\/garum-xxi-120-gr-olives-vertes-et-anchois-de-cantabrie-dorigine-biologique-en-aperitif\/#breadcrumb\"},\"inLanguage\":\"fr-FR\",\"potentialAction\":[{\"@type\":\"ReadAction\",\"target\":[\"https:\/\/picoytallo.com\/fr\/producto\/garum-xxi-120-gr-olives-vertes-et-anchois-de-cantabrie-dorigine-biologique-en-aperitif\/\"]}]},{\"@type\":\"ImageObject\",\"inLanguage\":\"fr-FR\",\"@id\":\"https:\/\/picoytallo.com\/fr\/producto\/garum-xxi-120-gr-olives-vertes-et-anchois-de-cantabrie-dorigine-biologique-en-aperitif\/#primaryimage\",\"url\":\"https:\/\/picoytallo.com\/wp-content\/uploads\/2024\/10\/Garum-aperitivo.webp\",\"contentUrl\":\"https:\/\/picoytallo.com\/wp-content\/uploads\/2024\/10\/Garum-aperitivo.webp\",\"width\":1080,\"height\":1080,\"caption\":\"Sauce au garum\"},{\"@type\":\"BreadcrumbList\",\"@id\":\"https:\/\/picoytallo.com\/fr\/producto\/garum-xxi-120-gr-olives-vertes-et-anchois-de-cantabrie-dorigine-biologique-en-aperitif\/#breadcrumb\",\"itemListElement\":[{\"@type\":\"ListItem\",\"position\":1,\"name\":\"Portada\",\"item\":\"https:\/\/picoytallo.com\/fr\/\"},{\"@type\":\"ListItem\",\"position\":2,\"name\":\"Boutique\",\"item\":\"https:\/\/picoytallo.com\/fr\/boutique\/\"},{\"@type\":\"ListItem\",\"position\":3,\"name\":\"Garum XXI 120 gr &#8211; Olives vertes et anchois de Cantabrie d&#8217;origine biologique en ap\u00e9ritif\"}]},{\"@type\":\"WebSite\",\"@id\":\"https:\/\/picoytallo.com\/fr\/#website\",\"url\":\"https:\/\/picoytallo.com\/fr\/\",\"name\":\"Pico y Tallo\",\"description\":\"Productos Gourmet Online\",\"publisher\":{\"@id\":\"https:\/\/picoytallo.com\/fr\/#organization\"},\"potentialAction\":[{\"@type\":\"SearchAction\",\"target\":{\"@type\":\"EntryPoint\",\"urlTemplate\":\"https:\/\/picoytallo.com\/fr\/?s={search_term_string}\"},\"query-input\":{\"@type\":\"PropertyValueSpecification\",\"valueRequired\":true,\"valueName\":\"search_term_string\"}}],\"inLanguage\":\"fr-FR\"},{\"@type\":\"Organization\",\"@id\":\"https:\/\/picoytallo.com\/fr\/#organization\",\"name\":\"Pico y Tallo\",\"url\":\"https:\/\/picoytallo.com\/fr\/\",\"logo\":{\"@type\":\"ImageObject\",\"inLanguage\":\"fr-FR\",\"@id\":\"https:\/\/picoytallo.com\/fr\/#\/schema\/logo\/image\/\",\"url\":\"https:\/\/picoytallo.com\/wp-content\/uploads\/2022\/03\/cropped-Productos-gourmet-picotallo.webp\",\"contentUrl\":\"https:\/\/picoytallo.com\/wp-content\/uploads\/2022\/03\/cropped-Productos-gourmet-picotallo.webp\",\"width\":1194,\"height\":314,\"caption\":\"Pico y Tallo\"},\"image\":{\"@id\":\"https:\/\/picoytallo.com\/fr\/#\/schema\/logo\/image\/\"}}]}<\/script>\n<!-- \/ Yoast SEO plugin. -->","yoast_head_json":{"title":"Garum - Olives vertes bio et anchois de Cantabrie en entr\u00e9e","description":"D\u00e9couvrez Garum XXI, le hors-d'\u0153uvre \u00e0 base d'olives vertes biologiques et d'anchois de Cantabrie \u00e0 la saveur unique. Achetez en ligne.","robots":{"index":"index","follow":"follow","max-snippet":"max-snippet:-1","max-image-preview":"max-image-preview:large","max-video-preview":"max-video-preview:-1"},"canonical":"https:\/\/picoytallo.com\/fr\/producto\/garum-xxi-120-gr-olives-vertes-et-anchois-de-cantabrie-dorigine-biologique-en-aperitif\/","og_locale":"fr_FR","og_type":"article","og_title":"Garum - Olives vertes bio et anchois de Cantabrie en entr\u00e9e","og_description":"D\u00e9couvrez Garum XXI, le hors-d'\u0153uvre \u00e0 base d'olives vertes biologiques et d'anchois de Cantabrie \u00e0 la saveur unique. Achetez en ligne.","og_url":"https:\/\/picoytallo.com\/fr\/producto\/garum-xxi-120-gr-olives-vertes-et-anchois-de-cantabrie-dorigine-biologique-en-aperitif\/","og_site_name":"Pico y Tallo","og_image":[{"width":1080,"height":1080,"url":"https:\/\/picoytallo.com\/wp-content\/uploads\/2024\/10\/Garum-aperitivo.webp","type":"image\/webp"}],"twitter_card":"summary_large_image","schema":{"@context":"https:\/\/schema.org","@graph":[{"@type":"WebPage","@id":"https:\/\/picoytallo.com\/fr\/producto\/garum-xxi-120-gr-olives-vertes-et-anchois-de-cantabrie-dorigine-biologique-en-aperitif\/","url":"https:\/\/picoytallo.com\/fr\/producto\/garum-xxi-120-gr-olives-vertes-et-anchois-de-cantabrie-dorigine-biologique-en-aperitif\/","name":"Garum - Olives vertes bio et anchois de Cantabrie en entr\u00e9e","isPartOf":{"@id":"https:\/\/picoytallo.com\/fr\/#website"},"primaryImageOfPage":{"@id":"https:\/\/picoytallo.com\/fr\/producto\/garum-xxi-120-gr-olives-vertes-et-anchois-de-cantabrie-dorigine-biologique-en-aperitif\/#primaryimage"},"image":{"@id":"https:\/\/picoytallo.com\/fr\/producto\/garum-xxi-120-gr-olives-vertes-et-anchois-de-cantabrie-dorigine-biologique-en-aperitif\/#primaryimage"},"thumbnailUrl":"https:\/\/picoytallo.com\/wp-content\/uploads\/2024\/10\/Garum-aperitivo.webp","datePublished":"2024-10-16T09:44:13+00:00","description":"D\u00e9couvrez Garum XXI, le hors-d'\u0153uvre \u00e0 base d'olives vertes biologiques et d'anchois de Cantabrie \u00e0 la saveur unique. Achetez en ligne.","breadcrumb":{"@id":"https:\/\/picoytallo.com\/fr\/producto\/garum-xxi-120-gr-olives-vertes-et-anchois-de-cantabrie-dorigine-biologique-en-aperitif\/#breadcrumb"},"inLanguage":"fr-FR","potentialAction":[{"@type":"ReadAction","target":["https:\/\/picoytallo.com\/fr\/producto\/garum-xxi-120-gr-olives-vertes-et-anchois-de-cantabrie-dorigine-biologique-en-aperitif\/"]}]},{"@type":"ImageObject","inLanguage":"fr-FR","@id":"https:\/\/picoytallo.com\/fr\/producto\/garum-xxi-120-gr-olives-vertes-et-anchois-de-cantabrie-dorigine-biologique-en-aperitif\/#primaryimage","url":"https:\/\/picoytallo.com\/wp-content\/uploads\/2024\/10\/Garum-aperitivo.webp","contentUrl":"https:\/\/picoytallo.com\/wp-content\/uploads\/2024\/10\/Garum-aperitivo.webp","width":1080,"height":1080,"caption":"Sauce au garum"},{"@type":"BreadcrumbList","@id":"https:\/\/picoytallo.com\/fr\/producto\/garum-xxi-120-gr-olives-vertes-et-anchois-de-cantabrie-dorigine-biologique-en-aperitif\/#breadcrumb","itemListElement":[{"@type":"ListItem","position":1,"name":"Portada","item":"https:\/\/picoytallo.com\/fr\/"},{"@type":"ListItem","position":2,"name":"Boutique","item":"https:\/\/picoytallo.com\/fr\/boutique\/"},{"@type":"ListItem","position":3,"name":"Garum XXI 120 gr &#8211; Olives vertes et anchois de Cantabrie d&#8217;origine biologique en ap\u00e9ritif"}]},{"@type":"WebSite","@id":"https:\/\/picoytallo.com\/fr\/#website","url":"https:\/\/picoytallo.com\/fr\/","name":"Pico y Tallo","description":"Productos Gourmet Online","publisher":{"@id":"https:\/\/picoytallo.com\/fr\/#organization"},"potentialAction":[{"@type":"SearchAction","target":{"@type":"EntryPoint","urlTemplate":"https:\/\/picoytallo.com\/fr\/?s={search_term_string}"},"query-input":{"@type":"PropertyValueSpecification","valueRequired":true,"valueName":"search_term_string"}}],"inLanguage":"fr-FR"},{"@type":"Organization","@id":"https:\/\/picoytallo.com\/fr\/#organization","name":"Pico y Tallo","url":"https:\/\/picoytallo.com\/fr\/","logo":{"@type":"ImageObject","inLanguage":"fr-FR","@id":"https:\/\/picoytallo.com\/fr\/#\/schema\/logo\/image\/","url":"https:\/\/picoytallo.com\/wp-content\/uploads\/2022\/03\/cropped-Productos-gourmet-picotallo.webp","contentUrl":"https:\/\/picoytallo.com\/wp-content\/uploads\/2022\/03\/cropped-Productos-gourmet-picotallo.webp","width":1194,"height":314,"caption":"Pico y Tallo"},"image":{"@id":"https:\/\/picoytallo.com\/fr\/#\/schema\/logo\/image\/"}}]}},"_links":{"self":[{"href":"https:\/\/picoytallo.com\/fr\/wp-json\/wp\/v2\/product\/9702","targetHints":{"allow":["GET"]}}],"collection":[{"href":"https:\/\/picoytallo.com\/fr\/wp-json\/wp\/v2\/product"}],"about":[{"href":"https:\/\/picoytallo.com\/fr\/wp-json\/wp\/v2\/types\/product"}],"replies":[{"embeddable":true,"href":"https:\/\/picoytallo.com\/fr\/wp-json\/wp\/v2\/comments?post=9702"}],"wp:featuredmedia":[{"embeddable":true,"href":"https:\/\/picoytallo.com\/fr\/wp-json\/wp\/v2\/media\/4864"}],"wp:attachment":[{"href":"https:\/\/picoytallo.com\/fr\/wp-json\/wp\/v2\/media?parent=9702"}],"wp:term":[{"taxonomy":"product_brand","embeddable":true,"href":"https:\/\/picoytallo.com\/fr\/wp-json\/wp\/v2\/product_brand?post=9702"},{"taxonomy":"product_cat","embeddable":true,"href":"https:\/\/picoytallo.com\/fr\/wp-json\/wp\/v2\/product_cat?post=9702"},{"taxonomy":"product_tag","embeddable":true,"href":"https:\/\/picoytallo.com\/fr\/wp-json\/wp\/v2\/product_tag?post=9702"}],"curies":[{"name":"wp","href":"https:\/\/api.w.org\/{rel}","templated":true}]}}