{"id":9727,"date":"2025-11-14T09:40:36","date_gmt":"2025-11-14T07:40:36","guid":{"rendered":"https:\/\/picoytallo.com\/producto\/huile-dolive-caviar-evoo-spherification\/"},"modified":"2025-12-05T12:17:50","modified_gmt":"2025-12-05T10:17:50","slug":"huile-dolive-caviar-evoo-spherification","status":"publish","type":"product","link":"https:\/\/picoytallo.com\/fr\/producto\/huile-dolive-caviar-evoo-spherification\/","title":{"rendered":"Huile d&rsquo;olive de caviar &#8211; Sph\u00e9rification AOVE &#8211; Vari\u00e9t\u00e9 Picual 50 gr."},"content":{"rendered":"<h2 class=\"woocommerce-loop-product__title\">Perles d&rsquo;huile d&rsquo;olive Picual 50 gr<\/h2>\n<p>Chez Pico y Tallo, nous ne produisons que de l&rsquo;huile d&rsquo;olive extra vierge (EVOO) de haute qualit\u00e9, car nous aimons faire les choses bien et nous sommes fiers que vous appr\u00e9ciez nos produits.<\/p>\n<p>Notre huile d&rsquo;olive extra vierge de premi\u00e8re qualit\u00e9 est obtenue directement \u00e0 partir des olives et uniquement par des moyens m\u00e9caniques.<\/p>\n<p>Nos perles d&rsquo;huile d&rsquo;olive Picual 50 gr sont fabriqu\u00e9es \u00e0 partir d&rsquo;huile d&rsquo;olive 100% vierge extra, issue de notre vari\u00e9t\u00e9 d&rsquo;olive Picual. Ce sont des perles d&rsquo;huile brillantes et dor\u00e9es, qui \u00e9clatent dans la bouche et offrent soudainement leur saveur intense. Elles sont \u00e9labor\u00e9es selon la technique culinaire de l&rsquo;encapsulation, de sorte que l&rsquo;huile est encapsul\u00e9e dans une texture g\u00e9latineuse.  <\/p>\n<p>L&rsquo;huile encapsul\u00e9e ne subit aucun type d&rsquo;alt\u00e9ration, c&rsquo;est pourquoi le caviar EVOO conserve toutes ses qualit\u00e9s et ses bienfaits \u00e0 l&rsquo;int\u00e9rieur des capsules.<\/p>\n<h3>Caviar Gourmet EVOO<\/h3>\n<p>Les perles d&rsquo;EVOO font partie de la haute cuisine et repr\u00e9sentent une proposition culinaire in\u00e9dite. Elles peuvent \u00eatre utilis\u00e9es dans un nombre infini de recettes, surtout crues. Elles peuvent \u00eatre utilis\u00e9es dans des plats chauds tels que les rago\u00fbts, les soupes et les cr\u00e8mes, ou en accompagnement de viandes, de poissons et de l\u00e9gumes, mais elles sont vraiment id\u00e9ales pour les plats froids. Essayez-les dans vos salades, vinaigrettes, soupes froides, gaspachos et toutes les autres recettes auxquelles vous pouvez penser.   <\/p>\n<p>\u00c9blouissez votre famille et vos amis avec ces perles, qui conviennent particuli\u00e8rement aux entr\u00e9es, aux plats principaux et aux desserts.<\/p>\n<p>Stockage : conserver dans un endroit frais et sec, \u00e0 l&rsquo;abri de la lumi\u00e8re directe, de la chaleur et des odeurs, entre 10 et 26\u00b0C.<\/p>\n<p><strong>Ce produit est fabriqu\u00e9 et conditionn\u00e9 \u00e0 Ja\u00e9n, ce qui garantit un produit 100 % espagnol.<\/strong><\/p>\n","protected":false},"excerpt":{"rendered":"<h2 class=\"woocommerce-loop-product__title\">Caviar de Aceite AOVE picual 50 gr<\/h2>\n<p>D\u00e9couvrez les perles d&rsquo;huile d&rsquo;olive vierge extra (EVOO) de haute qualit\u00e9, pr\u00eates pour les \u00e9laborations gastronomiques.<\/p>\n","protected":false},"featured_media":9974,"comment_status":"open","ping_status":"closed","template":"","meta":[],"product_brand":[],"product_cat":[359],"product_tag":[1214,1215,1217,1216],"class_list":{"0":"post-9727","1":"product","2":"type-product","3":"status-publish","4":"has-post-thumbnail","6":"product_cat-produits-gastronomiques","7":"product_tag-caviar-evoo-2","8":"product_tag-huile-de-caviar-2","9":"product_tag-perles-dhuile-2","10":"product_tag-spherification-2","12":"first","13":"instock","14":"shipping-taxable","15":"purchasable","16":"product-type-simple"},"yoast_head":"<!-- This site is optimized with the Yoast SEO plugin v26.9 - https:\/\/yoast.com\/product\/yoast-seo-wordpress\/ -->\n<title>Caviar de aceite de Oliva - Sph\u00e9rification de l&#039;AOVE | Pico et Stem<\/title>\n<meta name=\"description\" content=\"Achetez en ligne du caviar \u00e0 l&#039;huile d&#039;olive espagnole de la vari\u00e9t\u00e9 Picual et profitez des sph\u00e9rifications gastronomiques \u00e0 l&#039;EVOO avec Pico y Tallo.\" \/>\n<meta name=\"robots\" content=\"index, follow, max-snippet:-1, max-image-preview:large, max-video-preview:-1\" \/>\n<link rel=\"canonical\" href=\"https:\/\/picoytallo.com\/fr\/producto\/huile-dolive-caviar-evoo-spherification\/\" \/>\n<meta property=\"og:locale\" content=\"fr_FR\" \/>\n<meta property=\"og:type\" content=\"article\" \/>\n<meta property=\"og:title\" content=\"Caviar de aceite de Oliva - Sph\u00e9rification de l&#039;AOVE | Pico et Stem\" \/>\n<meta property=\"og:description\" content=\"Achetez en ligne du caviar \u00e0 l&#039;huile d&#039;olive espagnole de la vari\u00e9t\u00e9 Picual et profitez des sph\u00e9rifications gastronomiques \u00e0 l&#039;EVOO avec Pico y Tallo.\" \/>\n<meta property=\"og:url\" content=\"https:\/\/picoytallo.com\/fr\/producto\/huile-dolive-caviar-evoo-spherification\/\" \/>\n<meta property=\"og:site_name\" content=\"Pico y Tallo\" \/>\n<meta property=\"article:modified_time\" content=\"2025-12-05T10:17:50+00:00\" \/>\n<meta property=\"og:image\" content=\"https:\/\/picoytallo.com\/wp-content\/uploads\/2025\/12\/Caviar-aceite-oliva-aove.webp\" \/>\n\t<meta property=\"og:image:width\" content=\"1024\" \/>\n\t<meta property=\"og:image:height\" content=\"1024\" \/>\n\t<meta property=\"og:image:type\" content=\"image\/webp\" \/>\n<meta name=\"twitter:card\" content=\"summary_large_image\" \/>\n<meta name=\"twitter:label1\" content=\"Dur\u00e9e de lecture estim\u00e9e\" \/>\n\t<meta name=\"twitter:data1\" content=\"2 minutes\" \/>\n<script type=\"application\/ld+json\" class=\"yoast-schema-graph\">{\"@context\":\"https:\/\/schema.org\",\"@graph\":[{\"@type\":\"WebPage\",\"@id\":\"https:\/\/picoytallo.com\/fr\/producto\/huile-dolive-caviar-evoo-spherification\/\",\"url\":\"https:\/\/picoytallo.com\/fr\/producto\/huile-dolive-caviar-evoo-spherification\/\",\"name\":\"Caviar de aceite de Oliva - Sph\u00e9rification de l'AOVE | Pico et Stem\",\"isPartOf\":{\"@id\":\"https:\/\/picoytallo.com\/fr\/#website\"},\"primaryImageOfPage\":{\"@id\":\"https:\/\/picoytallo.com\/fr\/producto\/huile-dolive-caviar-evoo-spherification\/#primaryimage\"},\"image\":{\"@id\":\"https:\/\/picoytallo.com\/fr\/producto\/huile-dolive-caviar-evoo-spherification\/#primaryimage\"},\"thumbnailUrl\":\"https:\/\/picoytallo.com\/wp-content\/uploads\/2025\/12\/Caviar-aceite-oliva-aove.webp\",\"datePublished\":\"2025-11-14T07:40:36+00:00\",\"dateModified\":\"2025-12-05T10:17:50+00:00\",\"description\":\"Achetez en ligne du caviar \u00e0 l'huile d'olive espagnole de la vari\u00e9t\u00e9 Picual et profitez des sph\u00e9rifications gastronomiques \u00e0 l'EVOO avec Pico y Tallo.\",\"breadcrumb\":{\"@id\":\"https:\/\/picoytallo.com\/fr\/producto\/huile-dolive-caviar-evoo-spherification\/#breadcrumb\"},\"inLanguage\":\"fr-FR\",\"potentialAction\":[{\"@type\":\"ReadAction\",\"target\":[\"https:\/\/picoytallo.com\/fr\/producto\/huile-dolive-caviar-evoo-spherification\/\"]}]},{\"@type\":\"ImageObject\",\"inLanguage\":\"fr-FR\",\"@id\":\"https:\/\/picoytallo.com\/fr\/producto\/huile-dolive-caviar-evoo-spherification\/#primaryimage\",\"url\":\"https:\/\/picoytallo.com\/wp-content\/uploads\/2025\/12\/Caviar-aceite-oliva-aove.webp\",\"contentUrl\":\"https:\/\/picoytallo.com\/wp-content\/uploads\/2025\/12\/Caviar-aceite-oliva-aove.webp\",\"width\":1024,\"height\":1024,\"caption\":\"Perles d'huile d'olive verte\"},{\"@type\":\"BreadcrumbList\",\"@id\":\"https:\/\/picoytallo.com\/fr\/producto\/huile-dolive-caviar-evoo-spherification\/#breadcrumb\",\"itemListElement\":[{\"@type\":\"ListItem\",\"position\":1,\"name\":\"Portada\",\"item\":\"https:\/\/picoytallo.com\/fr\/\"},{\"@type\":\"ListItem\",\"position\":2,\"name\":\"Boutique\",\"item\":\"https:\/\/picoytallo.com\/fr\/boutique\/\"},{\"@type\":\"ListItem\",\"position\":3,\"name\":\"Huile d&#8217;olive de caviar &#8211; Sph\u00e9rification AOVE &#8211; Vari\u00e9t\u00e9 Picual 50 gr.\"}]},{\"@type\":\"WebSite\",\"@id\":\"https:\/\/picoytallo.com\/fr\/#website\",\"url\":\"https:\/\/picoytallo.com\/fr\/\",\"name\":\"Pico y Tallo\",\"description\":\"Productos Gourmet Online\",\"publisher\":{\"@id\":\"https:\/\/picoytallo.com\/fr\/#organization\"},\"potentialAction\":[{\"@type\":\"SearchAction\",\"target\":{\"@type\":\"EntryPoint\",\"urlTemplate\":\"https:\/\/picoytallo.com\/fr\/?s={search_term_string}\"},\"query-input\":{\"@type\":\"PropertyValueSpecification\",\"valueRequired\":true,\"valueName\":\"search_term_string\"}}],\"inLanguage\":\"fr-FR\"},{\"@type\":\"Organization\",\"@id\":\"https:\/\/picoytallo.com\/fr\/#organization\",\"name\":\"Pico y Tallo\",\"url\":\"https:\/\/picoytallo.com\/fr\/\",\"logo\":{\"@type\":\"ImageObject\",\"inLanguage\":\"fr-FR\",\"@id\":\"https:\/\/picoytallo.com\/fr\/#\/schema\/logo\/image\/\",\"url\":\"https:\/\/picoytallo.com\/wp-content\/uploads\/2022\/03\/cropped-Productos-gourmet-picotallo.webp\",\"contentUrl\":\"https:\/\/picoytallo.com\/wp-content\/uploads\/2022\/03\/cropped-Productos-gourmet-picotallo.webp\",\"width\":1194,\"height\":314,\"caption\":\"Pico y Tallo\"},\"image\":{\"@id\":\"https:\/\/picoytallo.com\/fr\/#\/schema\/logo\/image\/\"}}]}<\/script>\n<!-- \/ Yoast SEO plugin. -->","yoast_head_json":{"title":"Caviar de aceite de Oliva - Sph\u00e9rification de l'AOVE | Pico et Stem","description":"Achetez en ligne du caviar \u00e0 l'huile d'olive espagnole de la vari\u00e9t\u00e9 Picual et profitez des sph\u00e9rifications gastronomiques \u00e0 l'EVOO avec Pico y Tallo.","robots":{"index":"index","follow":"follow","max-snippet":"max-snippet:-1","max-image-preview":"max-image-preview:large","max-video-preview":"max-video-preview:-1"},"canonical":"https:\/\/picoytallo.com\/fr\/producto\/huile-dolive-caviar-evoo-spherification\/","og_locale":"fr_FR","og_type":"article","og_title":"Caviar de aceite de Oliva - Sph\u00e9rification de l'AOVE | Pico et Stem","og_description":"Achetez en ligne du caviar \u00e0 l'huile d'olive espagnole de la vari\u00e9t\u00e9 Picual et profitez des sph\u00e9rifications gastronomiques \u00e0 l'EVOO avec Pico y Tallo.","og_url":"https:\/\/picoytallo.com\/fr\/producto\/huile-dolive-caviar-evoo-spherification\/","og_site_name":"Pico y Tallo","article_modified_time":"2025-12-05T10:17:50+00:00","og_image":[{"width":1024,"height":1024,"url":"https:\/\/picoytallo.com\/wp-content\/uploads\/2025\/12\/Caviar-aceite-oliva-aove.webp","type":"image\/webp"}],"twitter_card":"summary_large_image","twitter_misc":{"Dur\u00e9e de lecture estim\u00e9e":"2 minutes"},"schema":{"@context":"https:\/\/schema.org","@graph":[{"@type":"WebPage","@id":"https:\/\/picoytallo.com\/fr\/producto\/huile-dolive-caviar-evoo-spherification\/","url":"https:\/\/picoytallo.com\/fr\/producto\/huile-dolive-caviar-evoo-spherification\/","name":"Caviar de aceite de Oliva - Sph\u00e9rification de l'AOVE | Pico et Stem","isPartOf":{"@id":"https:\/\/picoytallo.com\/fr\/#website"},"primaryImageOfPage":{"@id":"https:\/\/picoytallo.com\/fr\/producto\/huile-dolive-caviar-evoo-spherification\/#primaryimage"},"image":{"@id":"https:\/\/picoytallo.com\/fr\/producto\/huile-dolive-caviar-evoo-spherification\/#primaryimage"},"thumbnailUrl":"https:\/\/picoytallo.com\/wp-content\/uploads\/2025\/12\/Caviar-aceite-oliva-aove.webp","datePublished":"2025-11-14T07:40:36+00:00","dateModified":"2025-12-05T10:17:50+00:00","description":"Achetez en ligne du caviar \u00e0 l'huile d'olive espagnole de la vari\u00e9t\u00e9 Picual et profitez des sph\u00e9rifications gastronomiques \u00e0 l'EVOO avec Pico y Tallo.","breadcrumb":{"@id":"https:\/\/picoytallo.com\/fr\/producto\/huile-dolive-caviar-evoo-spherification\/#breadcrumb"},"inLanguage":"fr-FR","potentialAction":[{"@type":"ReadAction","target":["https:\/\/picoytallo.com\/fr\/producto\/huile-dolive-caviar-evoo-spherification\/"]}]},{"@type":"ImageObject","inLanguage":"fr-FR","@id":"https:\/\/picoytallo.com\/fr\/producto\/huile-dolive-caviar-evoo-spherification\/#primaryimage","url":"https:\/\/picoytallo.com\/wp-content\/uploads\/2025\/12\/Caviar-aceite-oliva-aove.webp","contentUrl":"https:\/\/picoytallo.com\/wp-content\/uploads\/2025\/12\/Caviar-aceite-oliva-aove.webp","width":1024,"height":1024,"caption":"Perles d'huile d'olive verte"},{"@type":"BreadcrumbList","@id":"https:\/\/picoytallo.com\/fr\/producto\/huile-dolive-caviar-evoo-spherification\/#breadcrumb","itemListElement":[{"@type":"ListItem","position":1,"name":"Portada","item":"https:\/\/picoytallo.com\/fr\/"},{"@type":"ListItem","position":2,"name":"Boutique","item":"https:\/\/picoytallo.com\/fr\/boutique\/"},{"@type":"ListItem","position":3,"name":"Huile d&#8217;olive de caviar &#8211; Sph\u00e9rification AOVE &#8211; Vari\u00e9t\u00e9 Picual 50 gr."}]},{"@type":"WebSite","@id":"https:\/\/picoytallo.com\/fr\/#website","url":"https:\/\/picoytallo.com\/fr\/","name":"Pico y Tallo","description":"Productos Gourmet Online","publisher":{"@id":"https:\/\/picoytallo.com\/fr\/#organization"},"potentialAction":[{"@type":"SearchAction","target":{"@type":"EntryPoint","urlTemplate":"https:\/\/picoytallo.com\/fr\/?s={search_term_string}"},"query-input":{"@type":"PropertyValueSpecification","valueRequired":true,"valueName":"search_term_string"}}],"inLanguage":"fr-FR"},{"@type":"Organization","@id":"https:\/\/picoytallo.com\/fr\/#organization","name":"Pico y Tallo","url":"https:\/\/picoytallo.com\/fr\/","logo":{"@type":"ImageObject","inLanguage":"fr-FR","@id":"https:\/\/picoytallo.com\/fr\/#\/schema\/logo\/image\/","url":"https:\/\/picoytallo.com\/wp-content\/uploads\/2022\/03\/cropped-Productos-gourmet-picotallo.webp","contentUrl":"https:\/\/picoytallo.com\/wp-content\/uploads\/2022\/03\/cropped-Productos-gourmet-picotallo.webp","width":1194,"height":314,"caption":"Pico y Tallo"},"image":{"@id":"https:\/\/picoytallo.com\/fr\/#\/schema\/logo\/image\/"}}]}},"_links":{"self":[{"href":"https:\/\/picoytallo.com\/fr\/wp-json\/wp\/v2\/product\/9727","targetHints":{"allow":["GET"]}}],"collection":[{"href":"https:\/\/picoytallo.com\/fr\/wp-json\/wp\/v2\/product"}],"about":[{"href":"https:\/\/picoytallo.com\/fr\/wp-json\/wp\/v2\/types\/product"}],"replies":[{"embeddable":true,"href":"https:\/\/picoytallo.com\/fr\/wp-json\/wp\/v2\/comments?post=9727"}],"wp:featuredmedia":[{"embeddable":true,"href":"https:\/\/picoytallo.com\/fr\/wp-json\/wp\/v2\/media\/9974"}],"wp:attachment":[{"href":"https:\/\/picoytallo.com\/fr\/wp-json\/wp\/v2\/media?parent=9727"}],"wp:term":[{"taxonomy":"product_brand","embeddable":true,"href":"https:\/\/picoytallo.com\/fr\/wp-json\/wp\/v2\/product_brand?post=9727"},{"taxonomy":"product_cat","embeddable":true,"href":"https:\/\/picoytallo.com\/fr\/wp-json\/wp\/v2\/product_cat?post=9727"},{"taxonomy":"product_tag","embeddable":true,"href":"https:\/\/picoytallo.com\/fr\/wp-json\/wp\/v2\/product_tag?post=9727"}],"curies":[{"name":"wp","href":"https:\/\/api.w.org\/{rel}","templated":true}]}}