{"id":9737,"date":"2024-10-16T11:44:14","date_gmt":"2024-10-16T09:44:14","guid":{"rendered":"https:\/\/picoytallo.com\/producto\/arnadi-110-gr-amuse-gueule-sucre-a-base-de-potiron-damandes-et-de-cannelle\/"},"modified":"2025-12-05T12:21:23","modified_gmt":"2025-12-05T10:21:23","slug":"arnadi-110-gr-amuse-gueule-sucre-a-base-de-potiron-damandes-et-de-cannelle","status":"publish","type":"product","link":"https:\/\/picoytallo.com\/fr\/producto\/arnadi-110-gr-amuse-gueule-sucre-a-base-de-potiron-damandes-et-de-cannelle\/","title":{"rendered":"Arnad\u00ed 110 gr &#8211; P\u00e2te \u00e0 tartiner sucr\u00e9e au potiron, aux amandes et \u00e0 la cannelle"},"content":{"rendered":"<p>L&rsquo;Arnad\u00ed de 110 grammes est une d\u00e9licieuse cr\u00e8me sucr\u00e9e \u00e0 base d&rsquo;ingr\u00e9dients naturels tels que le potiron, les amandes et une touche de cannelle. Cet en-cas traditionnel de Valence est devenu un favori \u00e0 tartiner sur des toasts, \u00e0 servir avec des biscuits ou \u00e0 d\u00e9guster dans des desserts et des en-cas. Sa texture onctueuse et son go\u00fbt sucr\u00e9 \u00e9quilibr\u00e9 en font une option polyvalente et savoureuse pour toutes les occasions. Parfait pour les amateurs de saveurs authentiques et artisanales qui \u00e9voquent les recettes traditionnelles de la Communaut\u00e9 valencienne.   <\/p>\n","protected":false},"excerpt":{"rendered":"<p>Arnad\u00ed de 110 gr. D\u00e9licieux snack de potiron, amandes et cannelle, id\u00e9al pour tartiner et d\u00e9guster dans les desserts ou les snacks. <\/p>\n","protected":false},"featured_media":4856,"comment_status":"open","ping_status":"closed","template":"","meta":[],"product_brand":[],"product_cat":[359],"product_tag":[988,1235],"class_list":{"0":"post-9737","1":"product","2":"type-product","3":"status-publish","4":"has-post-thumbnail","6":"product_cat-produits-gastronomiques","7":"product_tag-arnadi-fr","8":"product_tag-citrouille-2","10":"first","11":"instock","12":"shipping-taxable","13":"purchasable","14":"product-type-simple"},"yoast_head":"<!-- This site is optimized with the Yoast SEO plugin v27.4 - https:\/\/yoast.com\/product\/yoast-seo-wordpress\/ -->\n<title>Acheter Arnad\u00ed - Amuse-gueule sucr\u00e9 au potiron, aux amandes et \u00e0 la cannelle<\/title>\n<meta name=\"description\" content=\"D\u00e9couvrez cet ap\u00e9ritif sucr\u00e9 exquis et unique, Arnad\u00ed, \u00e0 base de citrouille, d&#039;amandes et de cannelle, id\u00e9al pour accompagner les sucreries.\" \/>\n<meta name=\"robots\" content=\"index, follow, max-snippet:-1, max-image-preview:large, max-video-preview:-1\" \/>\n<link rel=\"canonical\" href=\"https:\/\/picoytallo.com\/fr\/producto\/arnadi-110-gr-amuse-gueule-sucre-a-base-de-potiron-damandes-et-de-cannelle\/\" \/>\n<meta property=\"og:locale\" content=\"fr_FR\" \/>\n<meta property=\"og:type\" content=\"article\" \/>\n<meta property=\"og:title\" content=\"Acheter Arnad\u00ed - Amuse-gueule sucr\u00e9 au potiron, aux amandes et \u00e0 la cannelle\" \/>\n<meta property=\"og:description\" content=\"D\u00e9couvrez cet ap\u00e9ritif sucr\u00e9 exquis et unique, Arnad\u00ed, \u00e0 base de citrouille, d&#039;amandes et de cannelle, id\u00e9al pour accompagner les sucreries.\" \/>\n<meta property=\"og:url\" content=\"https:\/\/picoytallo.com\/fr\/producto\/arnadi-110-gr-amuse-gueule-sucre-a-base-de-potiron-damandes-et-de-cannelle\/\" \/>\n<meta property=\"og:site_name\" content=\"Pico y Tallo\" \/>\n<meta property=\"article:modified_time\" content=\"2025-12-05T10:21:23+00:00\" \/>\n<meta property=\"og:image\" content=\"https:\/\/picoytallo.com\/wp-content\/uploads\/2024\/10\/Arnadi.webp\" \/>\n\t<meta property=\"og:image:width\" content=\"1080\" \/>\n\t<meta property=\"og:image:height\" content=\"1080\" \/>\n\t<meta property=\"og:image:type\" content=\"image\/webp\" \/>\n<meta name=\"twitter:card\" content=\"summary_large_image\" \/>\n<meta name=\"twitter:label1\" content=\"Prix\" \/>\n\t<meta name=\"twitter:data1\" content=\"3,85&euro;\" \/>\n\t<meta name=\"twitter:label2\" content=\"Disponibilit\u00e9\" \/>\n\t<meta name=\"twitter:data2\" content=\"En stock\" \/>\n<script type=\"application\/ld+json\" class=\"yoast-schema-graph\">{\"@context\":\"https:\\\/\\\/schema.org\",\"@graph\":[{\"@type\":\"WebPage\",\"@id\":\"https:\\\/\\\/picoytallo.com\\\/fr\\\/producto\\\/arnadi-110-gr-amuse-gueule-sucre-a-base-de-potiron-damandes-et-de-cannelle\\\/\",\"url\":\"https:\\\/\\\/picoytallo.com\\\/fr\\\/producto\\\/arnadi-110-gr-amuse-gueule-sucre-a-base-de-potiron-damandes-et-de-cannelle\\\/\",\"name\":\"Acheter Arnad\u00ed - Amuse-gueule sucr\u00e9 au potiron, aux amandes et \u00e0 la cannelle\",\"isPartOf\":{\"@id\":\"https:\\\/\\\/picoytallo.com\\\/fr\\\/#website\"},\"primaryImageOfPage\":{\"@id\":\"https:\\\/\\\/picoytallo.com\\\/fr\\\/producto\\\/arnadi-110-gr-amuse-gueule-sucre-a-base-de-potiron-damandes-et-de-cannelle\\\/#primaryimage\"},\"image\":{\"@id\":\"https:\\\/\\\/picoytallo.com\\\/fr\\\/producto\\\/arnadi-110-gr-amuse-gueule-sucre-a-base-de-potiron-damandes-et-de-cannelle\\\/#primaryimage\"},\"thumbnailUrl\":\"https:\\\/\\\/picoytallo.com\\\/wp-content\\\/uploads\\\/2024\\\/10\\\/Arnadi.webp\",\"datePublished\":\"2024-10-16T09:44:14+00:00\",\"dateModified\":\"2025-12-05T10:21:23+00:00\",\"description\":\"D\u00e9couvrez cet ap\u00e9ritif sucr\u00e9 exquis et unique, Arnad\u00ed, \u00e0 base de citrouille, d'amandes et de cannelle, id\u00e9al pour accompagner les sucreries.\",\"breadcrumb\":{\"@id\":\"https:\\\/\\\/picoytallo.com\\\/fr\\\/producto\\\/arnadi-110-gr-amuse-gueule-sucre-a-base-de-potiron-damandes-et-de-cannelle\\\/#breadcrumb\"},\"inLanguage\":\"fr-FR\",\"potentialAction\":[{\"@type\":\"ReadAction\",\"target\":[\"https:\\\/\\\/picoytallo.com\\\/fr\\\/producto\\\/arnadi-110-gr-amuse-gueule-sucre-a-base-de-potiron-damandes-et-de-cannelle\\\/\"]}]},{\"@type\":\"ImageObject\",\"inLanguage\":\"fr-FR\",\"@id\":\"https:\\\/\\\/picoytallo.com\\\/fr\\\/producto\\\/arnadi-110-gr-amuse-gueule-sucre-a-base-de-potiron-damandes-et-de-cannelle\\\/#primaryimage\",\"url\":\"https:\\\/\\\/picoytallo.com\\\/wp-content\\\/uploads\\\/2024\\\/10\\\/Arnadi.webp\",\"contentUrl\":\"https:\\\/\\\/picoytallo.com\\\/wp-content\\\/uploads\\\/2024\\\/10\\\/Arnadi.webp\",\"width\":1080,\"height\":1080,\"caption\":\"Acheter arnad\u00ed\"},{\"@type\":\"BreadcrumbList\",\"@id\":\"https:\\\/\\\/picoytallo.com\\\/fr\\\/producto\\\/arnadi-110-gr-amuse-gueule-sucre-a-base-de-potiron-damandes-et-de-cannelle\\\/#breadcrumb\",\"itemListElement\":[{\"@type\":\"ListItem\",\"position\":1,\"name\":\"Portada\",\"item\":\"https:\\\/\\\/picoytallo.com\\\/fr\\\/\"},{\"@type\":\"ListItem\",\"position\":2,\"name\":\"Boutique\",\"item\":\"https:\\\/\\\/picoytallo.com\\\/fr\\\/boutique\\\/\"},{\"@type\":\"ListItem\",\"position\":3,\"name\":\"Arnad\u00ed 110 gr &#8211; P\u00e2te \u00e0 tartiner sucr\u00e9e au potiron, aux amandes et \u00e0 la cannelle\"}]},{\"@type\":\"WebSite\",\"@id\":\"https:\\\/\\\/picoytallo.com\\\/fr\\\/#website\",\"url\":\"https:\\\/\\\/picoytallo.com\\\/fr\\\/\",\"name\":\"Pico y Tallo\",\"description\":\"Productos Gourmet Online\",\"publisher\":{\"@id\":\"https:\\\/\\\/picoytallo.com\\\/fr\\\/#organization\"},\"potentialAction\":[{\"@type\":\"SearchAction\",\"target\":{\"@type\":\"EntryPoint\",\"urlTemplate\":\"https:\\\/\\\/picoytallo.com\\\/fr\\\/?s={search_term_string}\"},\"query-input\":{\"@type\":\"PropertyValueSpecification\",\"valueRequired\":true,\"valueName\":\"search_term_string\"}}],\"inLanguage\":\"fr-FR\"},{\"@type\":\"Organization\",\"@id\":\"https:\\\/\\\/picoytallo.com\\\/fr\\\/#organization\",\"name\":\"Pico y Tallo\",\"url\":\"https:\\\/\\\/picoytallo.com\\\/fr\\\/\",\"logo\":{\"@type\":\"ImageObject\",\"inLanguage\":\"fr-FR\",\"@id\":\"https:\\\/\\\/picoytallo.com\\\/fr\\\/#\\\/schema\\\/logo\\\/image\\\/\",\"url\":\"https:\\\/\\\/picoytallo.com\\\/wp-content\\\/uploads\\\/2022\\\/03\\\/cropped-Productos-gourmet-picotallo.webp\",\"contentUrl\":\"https:\\\/\\\/picoytallo.com\\\/wp-content\\\/uploads\\\/2022\\\/03\\\/cropped-Productos-gourmet-picotallo.webp\",\"width\":1194,\"height\":314,\"caption\":\"Pico y Tallo\"},\"image\":{\"@id\":\"https:\\\/\\\/picoytallo.com\\\/fr\\\/#\\\/schema\\\/logo\\\/image\\\/\"}}]}<\/script>\n<meta property=\"product:price:amount\" content=\"3.85\" \/>\n<meta property=\"product:price:currency\" content=\"EUR\" \/>\n<meta property=\"og:availability\" content=\"instock\" \/>\n<meta property=\"product:availability\" content=\"instock\" \/>\n<meta property=\"product:retailer_item_id\" content=\"8436610382892\" \/>\n<meta property=\"product:condition\" content=\"new\" \/>\n<!-- \/ Yoast SEO plugin. -->","yoast_head_json":{"title":"Acheter Arnad\u00ed - Amuse-gueule sucr\u00e9 au potiron, aux amandes et \u00e0 la cannelle","description":"D\u00e9couvrez cet ap\u00e9ritif sucr\u00e9 exquis et unique, Arnad\u00ed, \u00e0 base de citrouille, d'amandes et de cannelle, id\u00e9al pour accompagner les sucreries.","robots":{"index":"index","follow":"follow","max-snippet":"max-snippet:-1","max-image-preview":"max-image-preview:large","max-video-preview":"max-video-preview:-1"},"canonical":"https:\/\/picoytallo.com\/fr\/producto\/arnadi-110-gr-amuse-gueule-sucre-a-base-de-potiron-damandes-et-de-cannelle\/","og_locale":"fr_FR","og_type":"article","og_title":"Acheter Arnad\u00ed - Amuse-gueule sucr\u00e9 au potiron, aux amandes et \u00e0 la cannelle","og_description":"D\u00e9couvrez cet ap\u00e9ritif sucr\u00e9 exquis et unique, Arnad\u00ed, \u00e0 base de citrouille, d'amandes et de cannelle, id\u00e9al pour accompagner les sucreries.","og_url":"https:\/\/picoytallo.com\/fr\/producto\/arnadi-110-gr-amuse-gueule-sucre-a-base-de-potiron-damandes-et-de-cannelle\/","og_site_name":"Pico y Tallo","article_modified_time":"2025-12-05T10:21:23+00:00","og_image":[{"width":1080,"height":1080,"url":"https:\/\/picoytallo.com\/wp-content\/uploads\/2024\/10\/Arnadi.webp","type":"image\/webp"}],"twitter_card":"summary_large_image","twitter_misc":{"Prix":"3,85&euro;","Disponibilit\u00e9":"En stock"},"schema":{"@context":"https:\/\/schema.org","@graph":[{"@type":"WebPage","@id":"https:\/\/picoytallo.com\/fr\/producto\/arnadi-110-gr-amuse-gueule-sucre-a-base-de-potiron-damandes-et-de-cannelle\/","url":"https:\/\/picoytallo.com\/fr\/producto\/arnadi-110-gr-amuse-gueule-sucre-a-base-de-potiron-damandes-et-de-cannelle\/","name":"Acheter Arnad\u00ed - Amuse-gueule sucr\u00e9 au potiron, aux amandes et \u00e0 la cannelle","isPartOf":{"@id":"https:\/\/picoytallo.com\/fr\/#website"},"primaryImageOfPage":{"@id":"https:\/\/picoytallo.com\/fr\/producto\/arnadi-110-gr-amuse-gueule-sucre-a-base-de-potiron-damandes-et-de-cannelle\/#primaryimage"},"image":{"@id":"https:\/\/picoytallo.com\/fr\/producto\/arnadi-110-gr-amuse-gueule-sucre-a-base-de-potiron-damandes-et-de-cannelle\/#primaryimage"},"thumbnailUrl":"https:\/\/picoytallo.com\/wp-content\/uploads\/2024\/10\/Arnadi.webp","datePublished":"2024-10-16T09:44:14+00:00","dateModified":"2025-12-05T10:21:23+00:00","description":"D\u00e9couvrez cet ap\u00e9ritif sucr\u00e9 exquis et unique, Arnad\u00ed, \u00e0 base de citrouille, d'amandes et de cannelle, id\u00e9al pour accompagner les sucreries.","breadcrumb":{"@id":"https:\/\/picoytallo.com\/fr\/producto\/arnadi-110-gr-amuse-gueule-sucre-a-base-de-potiron-damandes-et-de-cannelle\/#breadcrumb"},"inLanguage":"fr-FR","potentialAction":[{"@type":"ReadAction","target":["https:\/\/picoytallo.com\/fr\/producto\/arnadi-110-gr-amuse-gueule-sucre-a-base-de-potiron-damandes-et-de-cannelle\/"]}]},{"@type":"ImageObject","inLanguage":"fr-FR","@id":"https:\/\/picoytallo.com\/fr\/producto\/arnadi-110-gr-amuse-gueule-sucre-a-base-de-potiron-damandes-et-de-cannelle\/#primaryimage","url":"https:\/\/picoytallo.com\/wp-content\/uploads\/2024\/10\/Arnadi.webp","contentUrl":"https:\/\/picoytallo.com\/wp-content\/uploads\/2024\/10\/Arnadi.webp","width":1080,"height":1080,"caption":"Acheter arnad\u00ed"},{"@type":"BreadcrumbList","@id":"https:\/\/picoytallo.com\/fr\/producto\/arnadi-110-gr-amuse-gueule-sucre-a-base-de-potiron-damandes-et-de-cannelle\/#breadcrumb","itemListElement":[{"@type":"ListItem","position":1,"name":"Portada","item":"https:\/\/picoytallo.com\/fr\/"},{"@type":"ListItem","position":2,"name":"Boutique","item":"https:\/\/picoytallo.com\/fr\/boutique\/"},{"@type":"ListItem","position":3,"name":"Arnad\u00ed 110 gr &#8211; P\u00e2te \u00e0 tartiner sucr\u00e9e au potiron, aux amandes et \u00e0 la cannelle"}]},{"@type":"WebSite","@id":"https:\/\/picoytallo.com\/fr\/#website","url":"https:\/\/picoytallo.com\/fr\/","name":"Pico y Tallo","description":"Productos Gourmet Online","publisher":{"@id":"https:\/\/picoytallo.com\/fr\/#organization"},"potentialAction":[{"@type":"SearchAction","target":{"@type":"EntryPoint","urlTemplate":"https:\/\/picoytallo.com\/fr\/?s={search_term_string}"},"query-input":{"@type":"PropertyValueSpecification","valueRequired":true,"valueName":"search_term_string"}}],"inLanguage":"fr-FR"},{"@type":"Organization","@id":"https:\/\/picoytallo.com\/fr\/#organization","name":"Pico y Tallo","url":"https:\/\/picoytallo.com\/fr\/","logo":{"@type":"ImageObject","inLanguage":"fr-FR","@id":"https:\/\/picoytallo.com\/fr\/#\/schema\/logo\/image\/","url":"https:\/\/picoytallo.com\/wp-content\/uploads\/2022\/03\/cropped-Productos-gourmet-picotallo.webp","contentUrl":"https:\/\/picoytallo.com\/wp-content\/uploads\/2022\/03\/cropped-Productos-gourmet-picotallo.webp","width":1194,"height":314,"caption":"Pico y Tallo"},"image":{"@id":"https:\/\/picoytallo.com\/fr\/#\/schema\/logo\/image\/"}}]},"product_price_amount":"3.85","product_price_currency":"EUR","og_availability":"instock","product_availability":"instock","product_retailer_item_id":"8436610382892","product_condition":"new"},"_links":{"self":[{"href":"https:\/\/picoytallo.com\/fr\/wp-json\/wp\/v2\/product\/9737","targetHints":{"allow":["GET"]}}],"collection":[{"href":"https:\/\/picoytallo.com\/fr\/wp-json\/wp\/v2\/product"}],"about":[{"href":"https:\/\/picoytallo.com\/fr\/wp-json\/wp\/v2\/types\/product"}],"replies":[{"embeddable":true,"href":"https:\/\/picoytallo.com\/fr\/wp-json\/wp\/v2\/comments?post=9737"}],"wp:featuredmedia":[{"embeddable":true,"href":"https:\/\/picoytallo.com\/fr\/wp-json\/wp\/v2\/media\/4856"}],"wp:attachment":[{"href":"https:\/\/picoytallo.com\/fr\/wp-json\/wp\/v2\/media?parent=9737"}],"wp:term":[{"taxonomy":"product_brand","embeddable":true,"href":"https:\/\/picoytallo.com\/fr\/wp-json\/wp\/v2\/product_brand?post=9737"},{"taxonomy":"product_cat","embeddable":true,"href":"https:\/\/picoytallo.com\/fr\/wp-json\/wp\/v2\/product_cat?post=9737"},{"taxonomy":"product_tag","embeddable":true,"href":"https:\/\/picoytallo.com\/fr\/wp-json\/wp\/v2\/product_tag?post=9737"}],"curies":[{"name":"wp","href":"https:\/\/api.w.org\/{rel}","templated":true}]}}