{"id":9992,"date":"2025-12-01T23:55:35","date_gmt":"2025-12-01T21:55:35","guid":{"rendered":"https:\/\/picoytallo.com\/producto\/poivrons-de-piquillo-farcis-a-laraignee-de-mer\/"},"modified":"2025-12-01T23:55:35","modified_gmt":"2025-12-01T21:55:35","slug":"poivrons-de-piquillo-farcis-a-laraignee-de-mer","status":"publish","type":"product","link":"https:\/\/picoytallo.com\/fr\/producto\/poivrons-de-piquillo-farcis-a-laraignee-de-mer\/","title":{"rendered":"Poivrons de Piquillo farcis \u00e0 l&rsquo;araign\u00e9e de mer"},"content":{"rendered":"<h2 dir=\"auto\">Poivrons du piquillo farcis \u00e0 l&rsquo;araign\u00e9e de mer &#8211; Le luxe authentique de la mer<\/h2>\n<p dir=\"auto\">Une entr\u00e9e gastronomique exquise o\u00f9 les <strong>poivrons piquillos<\/strong> doux et charnus (r\u00f4tis au feu de bois) sont g\u00e9n\u00e9reusement garnis d&rsquo;une d\u00e9licate sauce b\u00e9chamel aux fruits de mer, avec de l&rsquo;authentique <strong>araign\u00e9e<\/strong> de mer et une touche de crabe de mer. Pr\u00e9par\u00e9 de mani\u00e8re totalement artisanale, l&rsquo;araign\u00e9e de mer est s\u00e9lectionn\u00e9e et \u00e9miett\u00e9e \u00e0 la main pour garantir la meilleure qualit\u00e9 et la saveur de la mer \u00e0 chaque bouch\u00e9e. <\/p>\n<p dir=\"auto\">Une friandise \u00e9l\u00e9gante et onctueuse \u00e0 l&rsquo;ar\u00f4me marin intense qui ravira les palais les plus exigeants. Parfait en entr\u00e9e, sur des toasts chauds ou directement dans l&rsquo;assiette. <\/p>\n<p dir=\"auto\"><strong>Poids net :<\/strong> 280 g (4-6 unit\u00e9s environ) <strong>100% fait main<\/strong> <strong>Sans gluten<\/strong> <strong>Sans conservateurs ni colorants<\/strong><\/p>\n<p dir=\"auto\"><strong>Ingr\u00e9dients :<\/strong> Poivrons piquillos (35%), lait, cr\u00e8me, huile d&rsquo;olive extra vierge, araign\u00e9e de mer (crustac\u00e9) (7,5%), crabe (crustac\u00e9), farine de ma\u00efs, sel de mer et poivre noir.<\/p>\n<p dir=\"auto\"><strong>Tr\u00e8s facile \u00e0 pr\u00e9parer (pr\u00eat en 1 minute) :<\/strong><\/p>\n<ul dir=\"auto\">\n<li>Micro-ondes : placez les poivrons sur une assiette et faites-les chauffer pendant 30 \u00e0 40 secondes \u00e0 puissance maximale.<\/li>\n<li>Bain-marie : faites chauffer la bo\u00eete ferm\u00e9e pendant 4-5 minutes dans de l&rsquo;eau chaude et servez.<\/li>\n<\/ul>\n<p dir=\"auto\">Conserver au r\u00e9frig\u00e9rateur entre 0 et 6 \u00b0C. Apr\u00e8s ouverture, consommer dans les 24 heures. <\/p>\n<p dir=\"auto\">La saveur la plus pure du golfe de Gascogne sur votre table, avec toute l&rsquo;affection de la tradition maritime !<\/p>\n","protected":false},"excerpt":{"rendered":"<p>Une entr\u00e9e gastronomique exquise o\u00f9 les <strong>poivrons piquillos<\/strong> doux et charnus (r\u00f4tis au feu de bois) sont g\u00e9n\u00e9reusement farcis d&rsquo;une d\u00e9licate sauce b\u00e9chamel avec de l&rsquo;<strong>araign\u00e9e<\/strong> de mer v\u00e9ritable et une touche de crabe de mer.<\/p>\n","protected":false},"featured_media":9993,"comment_status":"open","ping_status":"closed","template":"","meta":[],"product_brand":[],"product_cat":[359,1060],"product_tag":[],"class_list":{"0":"post-9992","1":"product","2":"type-product","3":"status-publish","4":"has-post-thumbnail","6":"product_cat-produits-gastronomiques","7":"product_cat-conserves","9":"first","10":"instock","11":"shipping-taxable","12":"purchasable","13":"product-type-simple"},"yoast_head":"<!-- This site is optimized with the Yoast SEO plugin v27.4 - https:\/\/yoast.com\/product\/yoast-seo-wordpress\/ -->\n<title>Poivrons du piquillo farcis \u00e0 l&#039;araign\u00e9e de mer - Conservas asturianas<\/title>\n<meta name=\"description\" content=\"D\u00e9couvrez les poivrons du piquillo farcis \u00e0 l&#039;araign\u00e9e de mer, un v\u00e9ritable luxe de la mer Cantabrique. Conserves gastronomiques des Asturies.\" \/>\n<meta name=\"robots\" content=\"index, follow, max-snippet:-1, max-image-preview:large, max-video-preview:-1\" \/>\n<link rel=\"canonical\" href=\"https:\/\/picoytallo.com\/fr\/producto\/poivrons-de-piquillo-farcis-a-laraignee-de-mer\/\" \/>\n<meta property=\"og:locale\" content=\"fr_FR\" \/>\n<meta property=\"og:type\" content=\"article\" \/>\n<meta property=\"og:title\" content=\"Poivrons du piquillo farcis \u00e0 l&#039;araign\u00e9e de mer - Conservas asturianas\" \/>\n<meta property=\"og:description\" content=\"D\u00e9couvrez les poivrons du piquillo farcis \u00e0 l&#039;araign\u00e9e de mer, un v\u00e9ritable luxe de la mer Cantabrique. Conserves gastronomiques des Asturies.\" \/>\n<meta property=\"og:url\" content=\"https:\/\/picoytallo.com\/fr\/producto\/poivrons-de-piquillo-farcis-a-laraignee-de-mer\/\" \/>\n<meta property=\"og:site_name\" content=\"Pico y Tallo\" \/>\n<meta property=\"og:image\" content=\"https:\/\/picoytallo.com\/wp-content\/uploads\/2025\/12\/Pimientos-Piquillo-Centollo.webp\" \/>\n\t<meta property=\"og:image:width\" content=\"960\" \/>\n\t<meta property=\"og:image:height\" content=\"960\" \/>\n\t<meta property=\"og:image:type\" content=\"image\/webp\" \/>\n<meta name=\"twitter:card\" content=\"summary_large_image\" \/>\n<meta name=\"twitter:label1\" content=\"Prix\" \/>\n\t<meta name=\"twitter:data1\" content=\"6,85&euro;\" \/>\n\t<meta name=\"twitter:label2\" content=\"Disponibilit\u00e9\" \/>\n\t<meta name=\"twitter:data2\" content=\"En stock\" \/>\n<script type=\"application\/ld+json\" class=\"yoast-schema-graph\">{\"@context\":\"https:\\\/\\\/schema.org\",\"@graph\":[{\"@type\":\"WebPage\",\"@id\":\"https:\\\/\\\/picoytallo.com\\\/fr\\\/producto\\\/poivrons-de-piquillo-farcis-a-laraignee-de-mer\\\/\",\"url\":\"https:\\\/\\\/picoytallo.com\\\/fr\\\/producto\\\/poivrons-de-piquillo-farcis-a-laraignee-de-mer\\\/\",\"name\":\"Poivrons du piquillo farcis \u00e0 l'araign\u00e9e de mer - Conservas asturianas\",\"isPartOf\":{\"@id\":\"https:\\\/\\\/picoytallo.com\\\/fr\\\/#website\"},\"primaryImageOfPage\":{\"@id\":\"https:\\\/\\\/picoytallo.com\\\/fr\\\/producto\\\/poivrons-de-piquillo-farcis-a-laraignee-de-mer\\\/#primaryimage\"},\"image\":{\"@id\":\"https:\\\/\\\/picoytallo.com\\\/fr\\\/producto\\\/poivrons-de-piquillo-farcis-a-laraignee-de-mer\\\/#primaryimage\"},\"thumbnailUrl\":\"https:\\\/\\\/picoytallo.com\\\/wp-content\\\/uploads\\\/2025\\\/12\\\/Pimientos-Piquillo-Centollo.webp\",\"datePublished\":\"2025-12-01T21:55:35+00:00\",\"description\":\"D\u00e9couvrez les poivrons du piquillo farcis \u00e0 l'araign\u00e9e de mer, un v\u00e9ritable luxe de la mer Cantabrique. Conserves gastronomiques des Asturies.\",\"breadcrumb\":{\"@id\":\"https:\\\/\\\/picoytallo.com\\\/fr\\\/producto\\\/poivrons-de-piquillo-farcis-a-laraignee-de-mer\\\/#breadcrumb\"},\"inLanguage\":\"fr-FR\",\"potentialAction\":[{\"@type\":\"ReadAction\",\"target\":[\"https:\\\/\\\/picoytallo.com\\\/fr\\\/producto\\\/poivrons-de-piquillo-farcis-a-laraignee-de-mer\\\/\"]}]},{\"@type\":\"ImageObject\",\"inLanguage\":\"fr-FR\",\"@id\":\"https:\\\/\\\/picoytallo.com\\\/fr\\\/producto\\\/poivrons-de-piquillo-farcis-a-laraignee-de-mer\\\/#primaryimage\",\"url\":\"https:\\\/\\\/picoytallo.com\\\/wp-content\\\/uploads\\\/2025\\\/12\\\/Pimientos-Piquillo-Centollo.webp\",\"contentUrl\":\"https:\\\/\\\/picoytallo.com\\\/wp-content\\\/uploads\\\/2025\\\/12\\\/Pimientos-Piquillo-Centollo.webp\",\"width\":960,\"height\":960,\"caption\":\"Amuse-gueule gourmand \u00e0 l'araign\u00e9e de mer\"},{\"@type\":\"BreadcrumbList\",\"@id\":\"https:\\\/\\\/picoytallo.com\\\/fr\\\/producto\\\/poivrons-de-piquillo-farcis-a-laraignee-de-mer\\\/#breadcrumb\",\"itemListElement\":[{\"@type\":\"ListItem\",\"position\":1,\"name\":\"Portada\",\"item\":\"https:\\\/\\\/picoytallo.com\\\/fr\\\/\"},{\"@type\":\"ListItem\",\"position\":2,\"name\":\"Boutique\",\"item\":\"https:\\\/\\\/picoytallo.com\\\/fr\\\/boutique\\\/\"},{\"@type\":\"ListItem\",\"position\":3,\"name\":\"Poivrons de Piquillo farcis \u00e0 l&#8217;araign\u00e9e de mer\"}]},{\"@type\":\"WebSite\",\"@id\":\"https:\\\/\\\/picoytallo.com\\\/fr\\\/#website\",\"url\":\"https:\\\/\\\/picoytallo.com\\\/fr\\\/\",\"name\":\"Pico y Tallo\",\"description\":\"Productos Gourmet Online\",\"publisher\":{\"@id\":\"https:\\\/\\\/picoytallo.com\\\/fr\\\/#organization\"},\"potentialAction\":[{\"@type\":\"SearchAction\",\"target\":{\"@type\":\"EntryPoint\",\"urlTemplate\":\"https:\\\/\\\/picoytallo.com\\\/fr\\\/?s={search_term_string}\"},\"query-input\":{\"@type\":\"PropertyValueSpecification\",\"valueRequired\":true,\"valueName\":\"search_term_string\"}}],\"inLanguage\":\"fr-FR\"},{\"@type\":\"Organization\",\"@id\":\"https:\\\/\\\/picoytallo.com\\\/fr\\\/#organization\",\"name\":\"Pico y Tallo\",\"url\":\"https:\\\/\\\/picoytallo.com\\\/fr\\\/\",\"logo\":{\"@type\":\"ImageObject\",\"inLanguage\":\"fr-FR\",\"@id\":\"https:\\\/\\\/picoytallo.com\\\/fr\\\/#\\\/schema\\\/logo\\\/image\\\/\",\"url\":\"https:\\\/\\\/picoytallo.com\\\/wp-content\\\/uploads\\\/2022\\\/03\\\/cropped-Productos-gourmet-picotallo.webp\",\"contentUrl\":\"https:\\\/\\\/picoytallo.com\\\/wp-content\\\/uploads\\\/2022\\\/03\\\/cropped-Productos-gourmet-picotallo.webp\",\"width\":1194,\"height\":314,\"caption\":\"Pico y Tallo\"},\"image\":{\"@id\":\"https:\\\/\\\/picoytallo.com\\\/fr\\\/#\\\/schema\\\/logo\\\/image\\\/\"}}]}<\/script>\n<meta property=\"product:price:amount\" content=\"6.85\" \/>\n<meta property=\"product:price:currency\" content=\"EUR\" \/>\n<meta property=\"og:availability\" content=\"instock\" \/>\n<meta property=\"product:availability\" content=\"instock\" \/>\n<meta property=\"product:condition\" content=\"new\" \/>\n<!-- \/ Yoast SEO plugin. -->","yoast_head_json":{"title":"Poivrons du piquillo farcis \u00e0 l'araign\u00e9e de mer - Conservas asturianas","description":"D\u00e9couvrez les poivrons du piquillo farcis \u00e0 l'araign\u00e9e de mer, un v\u00e9ritable luxe de la mer Cantabrique. Conserves gastronomiques des Asturies.","robots":{"index":"index","follow":"follow","max-snippet":"max-snippet:-1","max-image-preview":"max-image-preview:large","max-video-preview":"max-video-preview:-1"},"canonical":"https:\/\/picoytallo.com\/fr\/producto\/poivrons-de-piquillo-farcis-a-laraignee-de-mer\/","og_locale":"fr_FR","og_type":"article","og_title":"Poivrons du piquillo farcis \u00e0 l'araign\u00e9e de mer - Conservas asturianas","og_description":"D\u00e9couvrez les poivrons du piquillo farcis \u00e0 l'araign\u00e9e de mer, un v\u00e9ritable luxe de la mer Cantabrique. Conserves gastronomiques des Asturies.","og_url":"https:\/\/picoytallo.com\/fr\/producto\/poivrons-de-piquillo-farcis-a-laraignee-de-mer\/","og_site_name":"Pico y Tallo","og_image":[{"width":960,"height":960,"url":"https:\/\/picoytallo.com\/wp-content\/uploads\/2025\/12\/Pimientos-Piquillo-Centollo.webp","type":"image\/webp"}],"twitter_card":"summary_large_image","twitter_misc":{"Prix":"6,85&euro;","Disponibilit\u00e9":"En stock"},"schema":{"@context":"https:\/\/schema.org","@graph":[{"@type":"WebPage","@id":"https:\/\/picoytallo.com\/fr\/producto\/poivrons-de-piquillo-farcis-a-laraignee-de-mer\/","url":"https:\/\/picoytallo.com\/fr\/producto\/poivrons-de-piquillo-farcis-a-laraignee-de-mer\/","name":"Poivrons du piquillo farcis \u00e0 l'araign\u00e9e de mer - Conservas asturianas","isPartOf":{"@id":"https:\/\/picoytallo.com\/fr\/#website"},"primaryImageOfPage":{"@id":"https:\/\/picoytallo.com\/fr\/producto\/poivrons-de-piquillo-farcis-a-laraignee-de-mer\/#primaryimage"},"image":{"@id":"https:\/\/picoytallo.com\/fr\/producto\/poivrons-de-piquillo-farcis-a-laraignee-de-mer\/#primaryimage"},"thumbnailUrl":"https:\/\/picoytallo.com\/wp-content\/uploads\/2025\/12\/Pimientos-Piquillo-Centollo.webp","datePublished":"2025-12-01T21:55:35+00:00","description":"D\u00e9couvrez les poivrons du piquillo farcis \u00e0 l'araign\u00e9e de mer, un v\u00e9ritable luxe de la mer Cantabrique. Conserves gastronomiques des Asturies.","breadcrumb":{"@id":"https:\/\/picoytallo.com\/fr\/producto\/poivrons-de-piquillo-farcis-a-laraignee-de-mer\/#breadcrumb"},"inLanguage":"fr-FR","potentialAction":[{"@type":"ReadAction","target":["https:\/\/picoytallo.com\/fr\/producto\/poivrons-de-piquillo-farcis-a-laraignee-de-mer\/"]}]},{"@type":"ImageObject","inLanguage":"fr-FR","@id":"https:\/\/picoytallo.com\/fr\/producto\/poivrons-de-piquillo-farcis-a-laraignee-de-mer\/#primaryimage","url":"https:\/\/picoytallo.com\/wp-content\/uploads\/2025\/12\/Pimientos-Piquillo-Centollo.webp","contentUrl":"https:\/\/picoytallo.com\/wp-content\/uploads\/2025\/12\/Pimientos-Piquillo-Centollo.webp","width":960,"height":960,"caption":"Amuse-gueule gourmand \u00e0 l'araign\u00e9e de mer"},{"@type":"BreadcrumbList","@id":"https:\/\/picoytallo.com\/fr\/producto\/poivrons-de-piquillo-farcis-a-laraignee-de-mer\/#breadcrumb","itemListElement":[{"@type":"ListItem","position":1,"name":"Portada","item":"https:\/\/picoytallo.com\/fr\/"},{"@type":"ListItem","position":2,"name":"Boutique","item":"https:\/\/picoytallo.com\/fr\/boutique\/"},{"@type":"ListItem","position":3,"name":"Poivrons de Piquillo farcis \u00e0 l&#8217;araign\u00e9e de mer"}]},{"@type":"WebSite","@id":"https:\/\/picoytallo.com\/fr\/#website","url":"https:\/\/picoytallo.com\/fr\/","name":"Pico y Tallo","description":"Productos Gourmet Online","publisher":{"@id":"https:\/\/picoytallo.com\/fr\/#organization"},"potentialAction":[{"@type":"SearchAction","target":{"@type":"EntryPoint","urlTemplate":"https:\/\/picoytallo.com\/fr\/?s={search_term_string}"},"query-input":{"@type":"PropertyValueSpecification","valueRequired":true,"valueName":"search_term_string"}}],"inLanguage":"fr-FR"},{"@type":"Organization","@id":"https:\/\/picoytallo.com\/fr\/#organization","name":"Pico y Tallo","url":"https:\/\/picoytallo.com\/fr\/","logo":{"@type":"ImageObject","inLanguage":"fr-FR","@id":"https:\/\/picoytallo.com\/fr\/#\/schema\/logo\/image\/","url":"https:\/\/picoytallo.com\/wp-content\/uploads\/2022\/03\/cropped-Productos-gourmet-picotallo.webp","contentUrl":"https:\/\/picoytallo.com\/wp-content\/uploads\/2022\/03\/cropped-Productos-gourmet-picotallo.webp","width":1194,"height":314,"caption":"Pico y Tallo"},"image":{"@id":"https:\/\/picoytallo.com\/fr\/#\/schema\/logo\/image\/"}}]},"product_price_amount":"6.85","product_price_currency":"EUR","og_availability":"instock","product_availability":"instock","product_condition":"new"},"_links":{"self":[{"href":"https:\/\/picoytallo.com\/fr\/wp-json\/wp\/v2\/product\/9992","targetHints":{"allow":["GET"]}}],"collection":[{"href":"https:\/\/picoytallo.com\/fr\/wp-json\/wp\/v2\/product"}],"about":[{"href":"https:\/\/picoytallo.com\/fr\/wp-json\/wp\/v2\/types\/product"}],"replies":[{"embeddable":true,"href":"https:\/\/picoytallo.com\/fr\/wp-json\/wp\/v2\/comments?post=9992"}],"wp:featuredmedia":[{"embeddable":true,"href":"https:\/\/picoytallo.com\/fr\/wp-json\/wp\/v2\/media\/9993"}],"wp:attachment":[{"href":"https:\/\/picoytallo.com\/fr\/wp-json\/wp\/v2\/media?parent=9992"}],"wp:term":[{"taxonomy":"product_brand","embeddable":true,"href":"https:\/\/picoytallo.com\/fr\/wp-json\/wp\/v2\/product_brand?post=9992"},{"taxonomy":"product_cat","embeddable":true,"href":"https:\/\/picoytallo.com\/fr\/wp-json\/wp\/v2\/product_cat?post=9992"},{"taxonomy":"product_tag","embeddable":true,"href":"https:\/\/picoytallo.com\/fr\/wp-json\/wp\/v2\/product_tag?post=9992"}],"curies":[{"name":"wp","href":"https:\/\/api.w.org\/{rel}","templated":true}]}}